{"id":37494,"date":"2021-10-15T14:14:46","date_gmt":"2021-10-15T19:14:46","guid":{"rendered":"https:\/\/www.arxisdemexico.com.mx\/arxis\/?post_type=product&#038;p=37494"},"modified":"2021-10-15T14:17:16","modified_gmt":"2021-10-15T19:17:16","slug":"dahua-dh-xvr5108hs-i2-dvr-de-8-canales-5-megapixeles-lite-wizsense-h-265-8-canales-hdcvi4-ip-hasta-12-canales-ip-2-canales-de-reconocimiento-facial-smd-plus-proteccion-perimetral-1-sata-de","status":"publish","type":"product","link":"https:\/\/arxisdemexico.com.mx\/arxis\/producto\/dahua-dh-xvr5108hs-i2-dvr-de-8-canales-5-megapixeles-lite-wizsense-h-265-8-canales-hdcvi4-ip-hasta-12-canales-ip-2-canales-de-reconocimiento-facial-smd-plus-proteccion-perimetral-1-sata-de\/","title":{"rendered":"DAHUA DH-XVR5108HS-I2 &#8211; DVR de 8 Canales 5 Megapixeles Lite\/ WizSense\/ H.265+\/ 8 Canales HDCVI+4 IP\/ Hasta 12 Canales IP\/ 2 Canales de Reconocimiento Facial\/ SMD Plus\/ Protecci\u00f3n Perimetral\/ 1 Sata de Hasta 10 TB\/ IoT&#038;Pos"},"content":{"rendered":"<ul>\n<li>Procesador Integrado<\/li>\n<li>Sistema operativo LINUX integrado<\/li>\n<li>Protecci\u00f3n perimetral 2 canales, 10 IVS para cada canal\u00a0(No debe activar otro anal\u00edtico)<\/li>\n<li>Reconocimiento facial 2 canales, solo admite c\u00e1mara anal\u00f3gica\u00a0(No debe activar otro anal\u00edtico)<\/li>\n<li>Detecta rostros de extra\u00f1os (no en la base de datos de rostros del dispositivo).<\/li>\n<li>Hasta 10 bases de datos faciales con 10,000 im\u00e1genes faciales en total.<\/li>\n<li>Hasta 8 canales para SMD Plus<\/li>\n<li>Tasa de grabaci\u00f3n Main stream: All channel 5M-N (1fps\u201310fps); 4M-N\/1080P (1fps\u201315fps); 1080N\/720P\/960H\/ D1\/CIF (1fps\u201325\/30fps) Sub stream: D1\/CIF (1fps\u201315fps)<\/li>\n<li>1 HDMI, 1 VGA<\/li>\n<li>Resoluci\u00f3n 1920 \u00d7 1080, 1280 \u00d7 1024, 1280 \u00d7 720<\/li>\n<li>Cuando el modo de extensi\u00f3n IP no est\u00e1 habilitado: 1\/4\/8\/9<\/li>\n<li>Cuando el modo de extensi\u00f3n IP est\u00e1 habilitado: 1\/4\/8\/9\/16<\/li>\n<li>1 Puerto RJ-45 (100 MB)<\/li>\n<li>1 puerto SATA, hasta 10 TB de capacidad<\/li>\n<li>2 Puertos USB (USB 2.0)<\/li>\n<li>1 Puerto RS485<\/li>\n<li>Fuente de alimentaci\u00f3n DC 12V \/ 2A<\/li>\n<li>El consumo de energ\u00eda (Sin HDD) &lt;7W<\/li>\n<li>Dimensiones Compacto 1U, 260 mm \u00d7 238 mm \u00d7 48 mm<\/li>\n<li>Peso neto (sin HDD) 1,1 kg<\/li>\n<li>Peso bruto 1,5 kg<\/li>\n<\/ul>\n","protected":false},"excerpt":{"rendered":"<p>Grabador de video digital compacto 1U 1HDD WizSense de 8 canales Penta-brid 5M-N \/ 1080P<\/p>\n<ul>\n<li>Compresi\u00f3n de video de doble flujo H.265 + \/ H.265<\/li>\n<li>Admite entradas de video HDCVI \/ AHD \/ TVI \/ CVBS \/ IP<\/li>\n<li>Entradas de c\u00e1mara IP de 12 canales como m\u00e1ximo, cada canal hasta 6MP; Ancho de banda entrante m\u00e1ximo de 64 Mbps<\/li>\n<li>Hasta 2 canales de transmisi\u00f3n de video (canal anal\u00f3gico) Protecci\u00f3n perimetral<\/li>\n<li>Hasta 8 canales de flujo de video (canal anal\u00f3gico) SMD Plus<\/li>\n<li>Hasta 2 canales de flujo de video (canal anal\u00f3gico) reconocimiento facial humano<\/li>\n<li>Funcionalidades de IoT y POS<\/li>\n<\/ul>\n","protected":false},"featured_media":37495,"comment_status":"open","ping_status":"closed","template":"","meta":{"_et_pb_use_builder":"","_et_pb_old_content":"","_et_gb_content_width":""},"product_brand":[],"product_cat":[521,548,560,576],"product_tag":[835,834,879,884,881,882,833,880,883],"class_list":{"0":"post-37494","1":"product","2":"type-product","3":"status-publish","4":"has-post-thumbnail","6":"product_cat-cctv","7":"product_cat-ahd","8":"product_cat-dvr","9":"product_cat-8-ch-dvr","10":"product_tag-cctv","11":"product_tag-dahua","12":"product_tag-dvr","13":"product_tag-hasta-5-mp","14":"product_tag-proteccion-perimetral","15":"product_tag-reconocimiento-facial","16":"product_tag-seguridad","17":"product_tag-videograbador","18":"product_tag-wizsense","20":"first","21":"instock","22":"taxable","23":"shipping-taxable","24":"product-type-simple"},"_links":{"self":[{"href":"https:\/\/arxisdemexico.com.mx\/arxis\/wp-json\/wp\/v2\/product\/37494","targetHints":{"allow":["GET"]}}],"collection":[{"href":"https:\/\/arxisdemexico.com.mx\/arxis\/wp-json\/wp\/v2\/product"}],"about":[{"href":"https:\/\/arxisdemexico.com.mx\/arxis\/wp-json\/wp\/v2\/types\/product"}],"replies":[{"embeddable":true,"href":"https:\/\/arxisdemexico.com.mx\/arxis\/wp-json\/wp\/v2\/comments?post=37494"}],"wp:featuredmedia":[{"embeddable":true,"href":"https:\/\/arxisdemexico.com.mx\/arxis\/wp-json\/wp\/v2\/media\/37495"}],"wp:attachment":[{"href":"https:\/\/arxisdemexico.com.mx\/arxis\/wp-json\/wp\/v2\/media?parent=37494"}],"wp:term":[{"taxonomy":"product_brand","embeddable":true,"href":"https:\/\/arxisdemexico.com.mx\/arxis\/wp-json\/wp\/v2\/product_brand?post=37494"},{"taxonomy":"product_cat","embeddable":true,"href":"https:\/\/arxisdemexico.com.mx\/arxis\/wp-json\/wp\/v2\/product_cat?post=37494"},{"taxonomy":"product_tag","embeddable":true,"href":"https:\/\/arxisdemexico.com.mx\/arxis\/wp-json\/wp\/v2\/product_tag?post=37494"}],"curies":[{"name":"wp","href":"https:\/\/api.w.org\/{rel}","templated":true}]}}