{"id":37486,"date":"2021-10-15T12:56:33","date_gmt":"2021-10-15T17:56:33","guid":{"rendered":"https:\/\/www.arxisdemexico.com.mx\/arxis\/?post_type=product&#038;p=37486"},"modified":"2021-11-18T17:42:39","modified_gmt":"2021-11-18T23:42:39","slug":"dahua-hfw2802e-a-036-camara-bullet-4k-starlight-8-megapixeles-lente-de-3-6mm-0-005-lux-color-wdr-real-ir-de-40m-ip67-3dnr-microfono-integrado-1-entrada-de-audio","status":"publish","type":"product","link":"https:\/\/arxisdemexico.com.mx\/arxis\/producto\/dahua-hfw2802e-a-036-camara-bullet-4k-starlight-8-megapixeles-lente-de-3-6mm-0-005-lux-color-wdr-real-ir-de-40m-ip67-3dnr-microfono-integrado-1-entrada-de-audio\/","title":{"rendered":"DAHUA HFW2802E-A-036 &#8211; Camara Bullet 4k Starlight\/ 8 Megapixeles\/ Lente de 3.6mm\/ 0.005 Lux color\/ WDR Real\/ IR de 40M\/ IP67\/ 3DNR\/ Microfono Integrado + 1 Entrada de Audio"},"content":{"rendered":"<ul>\n<li class=\"ql-align-justify\">Sensor 1\/2&#8243; CMOS<\/li>\n<li class=\"ql-align-justify\">Resoluci\u00f3n 8MP, 3840(H)\u00d72160(V).<\/li>\n<li class=\"ql-align-justify\">Lente Fijo 3.6mm.<\/li>\n<li class=\"ql-align-justify\">\u00c1ngulo de visi\u00f3n\u00a0H: 87\u00b0.<\/li>\n<li class=\"ql-align-justify\">Distancia de IR hasta 40m.<\/li>\n<li class=\"ql-align-justify\">Men\u00fa OSD multilenguaje.<\/li>\n<li class=\"ql-align-justify\">Compensaci\u00f3n de contraluz BLC, HLC, WDR 120dB, AGC.<\/li>\n<li class=\"ql-align-justify\">Reducci\u00f3n de ruido 2D \/ 3D.<\/li>\n<li class=\"ql-align-justify\">Smart IR Auto \/ Manual.<\/li>\n<li class=\"ql-align-justify\">Fuente de alimentaci\u00f3n 12V CD\u00a0\u00b1 30%.<\/li>\n<li class=\"ql-align-justify\">Consumo de energ\u00eda m\u00e1x. 6.8W.<\/li>\n<li class=\"ql-align-justify\">Condiciones de operaci\u00f3n -30\u00baC a +60\u00baC.<\/li>\n<li class=\"ql-align-justify\">\u00cdndice de protecci\u00f3n IP67.<\/li>\n<li class=\"ql-align-justify\">Dimensiones 179.9mm\u00d770mm\u00d770mm (7.08&#8243;\u00d72.76&#8243;\u00d72.76&#8243;)<\/li>\n<li class=\"ql-align-justify\">Peso neto 0.42.<\/li>\n<li class=\"ql-align-justify\">Material Aluminio<\/li>\n<\/ul>\n","protected":false},"excerpt":{"rendered":"<p>C\u00e1mara Bullet 4K Starlight HDCVI IR<\/p>\n<ul>\n<li>Luz de estrella, WDR verdadero de 120dB, 3DNR<\/li>\n<li>M\u00e1x. Resoluci\u00f3n 4K<\/li>\n<li>HD \/ SD conmutable<\/li>\n<li>Interfaz de entrada de audio, micr\u00f3fono incorporado<\/li>\n<li>Lente fija de 3,6 mm (2,8 mm, 6 mm opcional)<\/li>\n<li>M\u00e1x. IR longitud 40 m, IR inteligente<\/li>\n<li>IP67, DC12V \u00b1 30%<\/li>\n<\/ul>\n","protected":false},"featured_media":37487,"comment_status":"open","ping_status":"closed","template":"","meta":{"_et_pb_use_builder":"","_et_pb_old_content":"","_et_gb_content_width":""},"product_brand":[],"product_cat":[1016,521,548,559],"product_tag":[873,832,830,831,835,834,850,833],"class_list":{"0":"post-37486","1":"product","2":"type-product","3":"status-publish","4":"has-post-thumbnail","6":"product_cat-bala-camaras-ahd","7":"product_cat-cctv","8":"product_cat-ahd","9":"product_cat-camaras-ahd","10":"product_tag-8mp","11":"product_tag-bala","12":"product_tag-bullet","13":"product_tag-camara","14":"product_tag-cctv","15":"product_tag-dahua","16":"product_tag-microfono-integrado","17":"product_tag-seguridad","19":"first","20":"instock","21":"taxable","22":"shipping-taxable","23":"product-type-simple"},"_links":{"self":[{"href":"https:\/\/arxisdemexico.com.mx\/arxis\/wp-json\/wp\/v2\/product\/37486","targetHints":{"allow":["GET"]}}],"collection":[{"href":"https:\/\/arxisdemexico.com.mx\/arxis\/wp-json\/wp\/v2\/product"}],"about":[{"href":"https:\/\/arxisdemexico.com.mx\/arxis\/wp-json\/wp\/v2\/types\/product"}],"replies":[{"embeddable":true,"href":"https:\/\/arxisdemexico.com.mx\/arxis\/wp-json\/wp\/v2\/comments?post=37486"}],"wp:featuredmedia":[{"embeddable":true,"href":"https:\/\/arxisdemexico.com.mx\/arxis\/wp-json\/wp\/v2\/media\/37487"}],"wp:attachment":[{"href":"https:\/\/arxisdemexico.com.mx\/arxis\/wp-json\/wp\/v2\/media?parent=37486"}],"wp:term":[{"taxonomy":"product_brand","embeddable":true,"href":"https:\/\/arxisdemexico.com.mx\/arxis\/wp-json\/wp\/v2\/product_brand?post=37486"},{"taxonomy":"product_cat","embeddable":true,"href":"https:\/\/arxisdemexico.com.mx\/arxis\/wp-json\/wp\/v2\/product_cat?post=37486"},{"taxonomy":"product_tag","embeddable":true,"href":"https:\/\/arxisdemexico.com.mx\/arxis\/wp-json\/wp\/v2\/product_tag?post=37486"}],"curies":[{"name":"wp","href":"https:\/\/api.w.org\/{rel}","templated":true}]}}