{"id":37474,"date":"2021-10-15T11:39:22","date_gmt":"2021-10-15T16:39:22","guid":{"rendered":"https:\/\/www.arxisdemexico.com.mx\/arxis\/?post_type=product&#038;p=37474"},"modified":"2021-11-18T17:44:10","modified_gmt":"2021-11-18T23:44:10","slug":"dahua-hfw1509tlm-a-led-camara-de-videovigilancia-full-color-bullet-dahua-hfw1509tlm-a-led-camara-bullet-full-color-de-5-megapixeles-lente-de-3-6mm-microfono-integrado-luz-blanca-de-40-mts-st","status":"publish","type":"product","link":"https:\/\/arxisdemexico.com.mx\/arxis\/producto\/dahua-hfw1509tlm-a-led-camara-de-videovigilancia-full-color-bullet-dahua-hfw1509tlm-a-led-camara-bullet-full-color-de-5-megapixeles-lente-de-3-6mm-microfono-integrado-luz-blanca-de-40-mts-st\/","title":{"rendered":"DAHUA HFW1509TLM-A-LED -C\u00e1mara de videovigilancia Full Color    Bullet DAHUA HFW1509TLM-A-LED &#8211; Camara Bullet Full Color de 5 Megapixeles\/ Lente de 3.6mm\/ Microfono Integrado\/ Luz Blanca de 40 Mts\/ Starlight\/ IP67\/ Metal+Policarbonato"},"content":{"rendered":"<p>Resoluci\u00f3n: 5M (2592 \u00d7 1944); 4M (2560 \u00d7 1440); 1080P (1920 \u00d7 1080); 960H (704 \u00d7 576\/704 \u00d7 480);<\/p>\n<p>WDR: DWDR<\/p>\n<p>Material: Cubierta frontal de metal + cuerpo principal de pl\u00e1stico + soporte de metal<\/p>\n<p>Balance de blancos: Autom\u00e1tico, Manual<\/p>\n<p>Temperatura de funcionamiento: -40 \u00b0 C a + 60 \u00b0 C (-40 \u00b0 F a 140 \u00b0 F); &lt;95% (sin condensaci\u00f3n)<\/p>\n<p>Protecci\u00f3n: IP67<\/p>\n<p>Entrada de audio: Micr\u00f3fono incorporado (-A)<\/p>\n<p>Fuente de alimentaci\u00f3n: 12V \u00b130% DC<\/p>\n","protected":false},"excerpt":{"rendered":"<p>C\u00e1mara Bullet HDCVI a todo color de 5MP<\/p>\n<ul>\n<li>M\u00e1x.25 fps @ 5MP (salida de video 16: 9)<\/li>\n<li>120 dB WDR verdadero, 3D NR<\/li>\n<li>Im\u00e1genes en color 24 horas al d\u00eda, 7 d\u00edas a la semana<\/li>\n<li>40 m de distancia de iluminaci\u00f3n<\/li>\n<li>CVI \/ CVBS \/ AHD \/ TVI conmutable<\/li>\n<li>Micr\u00f3fono incorporado (-A)<\/li>\n<li>Lente fija de 3,6 mm (2,8 mm opcional)<\/li>\n<li>IP67, 12 V CC<\/li>\n<\/ul>\n","protected":false},"featured_media":37478,"comment_status":"open","ping_status":"closed","template":"","meta":{"_et_pb_use_builder":"","_et_pb_old_content":"","_et_gb_content_width":""},"product_brand":[],"product_cat":[1016,521,548,559],"product_tag":[855,832,830,831,835,834,846,872,850,833],"class_list":{"0":"post-37474","1":"product","2":"type-product","3":"status-publish","4":"has-post-thumbnail","6":"product_cat-bala-camaras-ahd","7":"product_cat-cctv","8":"product_cat-ahd","9":"product_cat-camaras-ahd","10":"product_tag-5mp","11":"product_tag-bala","12":"product_tag-bullet","13":"product_tag-camara","14":"product_tag-cctv","15":"product_tag-dahua","16":"product_tag-full-color","17":"product_tag-hfw1509tlm-a-led","18":"product_tag-microfono-integrado","19":"product_tag-seguridad","21":"first","22":"instock","23":"taxable","24":"shipping-taxable","25":"product-type-simple"},"_links":{"self":[{"href":"https:\/\/arxisdemexico.com.mx\/arxis\/wp-json\/wp\/v2\/product\/37474","targetHints":{"allow":["GET"]}}],"collection":[{"href":"https:\/\/arxisdemexico.com.mx\/arxis\/wp-json\/wp\/v2\/product"}],"about":[{"href":"https:\/\/arxisdemexico.com.mx\/arxis\/wp-json\/wp\/v2\/types\/product"}],"replies":[{"embeddable":true,"href":"https:\/\/arxisdemexico.com.mx\/arxis\/wp-json\/wp\/v2\/comments?post=37474"}],"wp:featuredmedia":[{"embeddable":true,"href":"https:\/\/arxisdemexico.com.mx\/arxis\/wp-json\/wp\/v2\/media\/37478"}],"wp:attachment":[{"href":"https:\/\/arxisdemexico.com.mx\/arxis\/wp-json\/wp\/v2\/media?parent=37474"}],"wp:term":[{"taxonomy":"product_brand","embeddable":true,"href":"https:\/\/arxisdemexico.com.mx\/arxis\/wp-json\/wp\/v2\/product_brand?post=37474"},{"taxonomy":"product_cat","embeddable":true,"href":"https:\/\/arxisdemexico.com.mx\/arxis\/wp-json\/wp\/v2\/product_cat?post=37474"},{"taxonomy":"product_tag","embeddable":true,"href":"https:\/\/arxisdemexico.com.mx\/arxis\/wp-json\/wp\/v2\/product_tag?post=37474"}],"curies":[{"name":"wp","href":"https:\/\/api.w.org\/{rel}","templated":true}]}}