{"id":37469,"date":"2021-10-13T18:10:05","date_gmt":"2021-10-13T23:10:05","guid":{"rendered":"https:\/\/www.arxisdemexico.com.mx\/arxis\/?post_type=product&#038;p=37469"},"modified":"2021-11-18T17:45:26","modified_gmt":"2021-11-18T23:45:26","slug":"dahua-hfw1239tlm-a-led-camara-bullet-hdcvi-full-color-1080p-microfono-integrado-starlight-luz-blanca-40-mts-lente-de-3-6mm-ip67","status":"publish","type":"product","link":"https:\/\/arxisdemexico.com.mx\/arxis\/producto\/dahua-hfw1239tlm-a-led-camara-bullet-hdcvi-full-color-1080p-microfono-integrado-starlight-luz-blanca-40-mts-lente-de-3-6mm-ip67\/","title":{"rendered":"DAHUA HFW1239TLM-A-LED &#8211; Camara Bullet HDCVI Full Color 1080p\/ Microfono Integrado\/ Starlight\/ Luz Blanca 40 mts\/ Lente de 3.6mm\/ IP67"},"content":{"rendered":"<ul>\n<li class=\"ql-align-justify\">1 \/ 2.8 \u00bb CMOS<\/li>\n<li class=\"ql-align-justify\">M\u00e1x Distancia LUZ BLANCA 40m.<\/li>\n<li class=\"ql-align-justify\">Lente 3.6mm.<\/li>\n<li class=\"ql-align-justify\">\u00c1ngulo de Visi\u00f3n 103.6\u00b0x86.9\u00b0x46.3\u00b0 (diagonal\/horizontal\/vertical)<\/li>\n<li class=\"ql-align-justify\">Zoom: Digital 16x.<\/li>\n<li class=\"ql-align-justify\">Fuente de alimentaci\u00f3n 12V DC +-30%.<\/li>\n<li class=\"ql-align-justify\">Consumo de energ\u00eda\u00a05W.<\/li>\n<li class=\"ql-align-justify\">Condiciones de Trabajo -40\u00b0 C ~ +60\u00b0 C \/ menos de 95% RH<\/li>\n<li class=\"ql-align-justify\">\u00cdndice de protecci\u00f3n IP67.<\/li>\n<li class=\"ql-align-justify\">Micr\u00f3fono embebido.<\/li>\n<li class=\"ql-align-justify\">Peso 0.34kg.<\/li>\n<li class=\"ql-align-justify\">Cubierta frontal de metal + cuerpo de pl\u00e1stico + soporte de metal<\/li>\n<\/ul>\n","protected":false},"excerpt":{"rendered":"<p>C\u00e1mara Bullet HDCVI a todo color de 2MP<\/p>\n<ul>\n<li>Im\u00e1genes en color 24 horas al d\u00eda, 7 d\u00edas a la semana, m\u00e1x. 30 fps a 1080p<\/li>\n<li>40 m de distancia de iluminaci\u00f3n<\/li>\n<li>Super Adapt, WDR verdadero de 130 dB, 3D NR<\/li>\n<li>Micr\u00f3fono incorporado (-A)<\/li>\n<li>Lente fija de 3,6 mm (2,8 mm opcional)<\/li>\n<li>CVI \/ CVBS \/ AHD \/ TVI conmutable<\/li>\n<li>IP67, CC 12 V<\/li>\n<\/ul>\n","protected":false},"featured_media":37470,"comment_status":"open","ping_status":"closed","template":"","meta":{"_et_pb_use_builder":"","_et_pb_old_content":"","_et_gb_content_width":""},"product_brand":[],"product_cat":[1016,521,548,559],"product_tag":[832,830,831,835,834,846,870,841,850,833],"class_list":{"0":"post-37469","1":"product","2":"type-product","3":"status-publish","4":"has-post-thumbnail","6":"product_cat-bala-camaras-ahd","7":"product_cat-cctv","8":"product_cat-ahd","9":"product_cat-camaras-ahd","10":"product_tag-bala","11":"product_tag-bullet","12":"product_tag-camara","13":"product_tag-cctv","14":"product_tag-dahua","15":"product_tag-full-color","16":"product_tag-hfw1239tlm-a-led","17":"product_tag-microfono","18":"product_tag-microfono-integrado","19":"product_tag-seguridad","21":"first","22":"instock","23":"taxable","24":"shipping-taxable","25":"product-type-simple"},"_links":{"self":[{"href":"https:\/\/arxisdemexico.com.mx\/arxis\/wp-json\/wp\/v2\/product\/37469","targetHints":{"allow":["GET"]}}],"collection":[{"href":"https:\/\/arxisdemexico.com.mx\/arxis\/wp-json\/wp\/v2\/product"}],"about":[{"href":"https:\/\/arxisdemexico.com.mx\/arxis\/wp-json\/wp\/v2\/types\/product"}],"replies":[{"embeddable":true,"href":"https:\/\/arxisdemexico.com.mx\/arxis\/wp-json\/wp\/v2\/comments?post=37469"}],"wp:featuredmedia":[{"embeddable":true,"href":"https:\/\/arxisdemexico.com.mx\/arxis\/wp-json\/wp\/v2\/media\/37470"}],"wp:attachment":[{"href":"https:\/\/arxisdemexico.com.mx\/arxis\/wp-json\/wp\/v2\/media?parent=37469"}],"wp:term":[{"taxonomy":"product_brand","embeddable":true,"href":"https:\/\/arxisdemexico.com.mx\/arxis\/wp-json\/wp\/v2\/product_brand?post=37469"},{"taxonomy":"product_cat","embeddable":true,"href":"https:\/\/arxisdemexico.com.mx\/arxis\/wp-json\/wp\/v2\/product_cat?post=37469"},{"taxonomy":"product_tag","embeddable":true,"href":"https:\/\/arxisdemexico.com.mx\/arxis\/wp-json\/wp\/v2\/product_tag?post=37469"}],"curies":[{"name":"wp","href":"https:\/\/api.w.org\/{rel}","templated":true}]}}