{"id":37467,"date":"2021-10-13T17:52:38","date_gmt":"2021-10-13T22:52:38","guid":{"rendered":"https:\/\/www.arxisdemexico.com.mx\/arxis\/?post_type=product&#038;p=37467"},"modified":"2021-11-18T17:45:47","modified_gmt":"2021-11-18T23:45:47","slug":"dahua-hfw1230r-z-ire6-camara-bullet-de-2-megapixeles-starlight-0-005-lux-color-lente-mot-de-2-7-a-12-mm-ir-de-60-mts-ip67-metalica","status":"publish","type":"product","link":"https:\/\/arxisdemexico.com.mx\/arxis\/producto\/dahua-hfw1230r-z-ire6-camara-bullet-de-2-megapixeles-starlight-0-005-lux-color-lente-mot-de-2-7-a-12-mm-ir-de-60-mts-ip67-metalica\/","title":{"rendered":"DAHUA HFW1230R-Z-IRE6 &#8211; Camara Bullet de 2 Megapixeles\/Starlight 0.005 Lux Color\/ Lente Mot. de 2.7 a 12 mm\/ IR de 60 Mts\/ IP67\/ Met\u00e1lica"},"content":{"rendered":"<ul>\n<li class=\"ql-align-justify\">1\/2.8&#8243;CMOS \u00a02Megap\u00edxeles .<\/li>\n<li class=\"ql-align-justify\">25\/30fps@1080P, 25\/30\/50\/60fps@720P.<\/li>\n<li class=\"ql-align-justify\">Men\u00fa OSD, control a trav\u00e9s del cable coaxial.<\/li>\n<li class=\"ql-align-justify\">DWDR,\u00a0AGC, BLC, 2D-DNR,HLC.<\/li>\n<li class=\"ql-align-justify\">Lente Motorizado 2.7 a 12 mm.<\/li>\n<li class=\"ql-align-justify\">\u00c1ngulo de Visi\u00f3n H: 101.7\u00b0~32.3\u00b0<\/li>\n<li class=\"ql-align-justify\">M\u00e1x. Distancia LEDs IR<strong>\u00a060m<\/strong>, Smart IR.<\/li>\n<li class=\"ql-align-justify\">Temperatura de operaci\u00f3n: -30\u00baC ~ +60\u00baC.<\/li>\n<li class=\"ql-align-justify\">Indice de Protecci\u00f3n IP67.<\/li>\n<li class=\"ql-align-justify\">Fuente de Alimentaci\u00f3n DC12V +\/- 30%.<\/li>\n<li class=\"ql-align-justify\">Consumo de Energ\u00eda M\u00e1x 12.1W.<\/li>\n<li class=\"ql-align-justify\">Dimensiones 209.9mm\u00d790.4mm\u00d790.4mm (8.26&#8243;\u00d73.56&#8243;\u00d73.56&#8243;).<\/li>\n<li class=\"ql-align-justify\">Peso 0.55kg.<\/li>\n<li class=\"ql-align-justify\">Material Aluminio.<\/li>\n<\/ul>\n","protected":false},"excerpt":{"rendered":"<p>C\u00e1mara Bullet IR HDCVI Starlight de 2MP<\/p>\n<ul>\n<li>Luz de las estrellas<\/li>\n<li>M\u00e1x. 30 fps a 1080 P<\/li>\n<li>Salida HD y SD conmutable<\/li>\n<li>Lente motorizada de 2,7-12 mm<\/li>\n<li>M\u00e1x. IR longitud 60 m, IR inteligente<\/li>\n<li>IP67, DC12V<\/li>\n<\/ul>\n","protected":false},"featured_media":37468,"comment_status":"open","ping_status":"closed","template":"","meta":{"_et_pb_use_builder":"","_et_pb_old_content":"","_et_gb_content_width":""},"product_brand":[],"product_cat":[1016,521,548,559],"product_tag":[832,830,831,835,834,869,845,841,833],"class_list":{"0":"post-37467","1":"product","2":"type-product","3":"status-publish","4":"has-post-thumbnail","6":"product_cat-bala-camaras-ahd","7":"product_cat-cctv","8":"product_cat-ahd","9":"product_cat-camaras-ahd","10":"product_tag-bala","11":"product_tag-bullet","12":"product_tag-camara","13":"product_tag-cctv","14":"product_tag-dahua","15":"product_tag-hfw1230r-z-ire6","16":"product_tag-lente-motorizado","17":"product_tag-microfono","18":"product_tag-seguridad","20":"first","21":"instock","22":"taxable","23":"shipping-taxable","24":"product-type-simple"},"_links":{"self":[{"href":"https:\/\/arxisdemexico.com.mx\/arxis\/wp-json\/wp\/v2\/product\/37467","targetHints":{"allow":["GET"]}}],"collection":[{"href":"https:\/\/arxisdemexico.com.mx\/arxis\/wp-json\/wp\/v2\/product"}],"about":[{"href":"https:\/\/arxisdemexico.com.mx\/arxis\/wp-json\/wp\/v2\/types\/product"}],"replies":[{"embeddable":true,"href":"https:\/\/arxisdemexico.com.mx\/arxis\/wp-json\/wp\/v2\/comments?post=37467"}],"wp:featuredmedia":[{"embeddable":true,"href":"https:\/\/arxisdemexico.com.mx\/arxis\/wp-json\/wp\/v2\/media\/37468"}],"wp:attachment":[{"href":"https:\/\/arxisdemexico.com.mx\/arxis\/wp-json\/wp\/v2\/media?parent=37467"}],"wp:term":[{"taxonomy":"product_brand","embeddable":true,"href":"https:\/\/arxisdemexico.com.mx\/arxis\/wp-json\/wp\/v2\/product_brand?post=37467"},{"taxonomy":"product_cat","embeddable":true,"href":"https:\/\/arxisdemexico.com.mx\/arxis\/wp-json\/wp\/v2\/product_cat?post=37467"},{"taxonomy":"product_tag","embeddable":true,"href":"https:\/\/arxisdemexico.com.mx\/arxis\/wp-json\/wp\/v2\/product_tag?post=37467"}],"curies":[{"name":"wp","href":"https:\/\/api.w.org\/{rel}","templated":true}]}}