{"id":37452,"date":"2021-10-11T17:06:35","date_gmt":"2021-10-11T22:06:35","guid":{"rendered":"https:\/\/www.arxisdemexico.com.mx\/arxis\/?post_type=product&#038;p=37452"},"modified":"2021-11-18T17:40:42","modified_gmt":"2021-11-18T23:40:42","slug":"dahua-hac-me1509th-pv-camara-bullet-tioc-de-5-megapixeles-tioc-fullcolor-disuasion-activa-con-luz-roja-y-azul-lente-de-3-6-mm-luz-de-40-mts-1-salida-de-alarma-soporta-cvi-tvi-ahd-cvbs-ip67","status":"publish","type":"product","link":"https:\/\/arxisdemexico.com.mx\/arxis\/producto\/dahua-hac-me1509th-pv-camara-bullet-tioc-de-5-megapixeles-tioc-fullcolor-disuasion-activa-con-luz-roja-y-azul-lente-de-3-6-mm-luz-de-40-mts-1-salida-de-alarma-soporta-cvi-tvi-ahd-cvbs-ip67\/","title":{"rendered":"DAHUA HAC-ME1509TH-PV &#8211; Camara Bullet TiOC de 5 Megapixeles TiOC\/FullColor\/ Disuasion Activa con Luz Roja y Azul\/ Lente de 3.6 mm\/ Luz de 40 Mts\/ 1 Salida de Alarma\/ Soporta CVI\/TVI\/AHD\/CVBS\/ IP67"},"content":{"rendered":"<ul>\n<li>1 \/ 2 .7 \u00bb CMOS 5MP.<\/li>\n<li>M\u00e1x Distancia IR LEDs 40 m.<\/li>\n<li>Lente 3.6mm.<\/li>\n<li>\u00c1ngulo de Visi\u00f3n 83\u00b0.<\/li>\n<li>Disuasi\u00f3n activa<\/li>\n<li>Full Color<\/li>\n<li>Fuente de alimentaci\u00f3n 12V DC +-30%.<\/li>\n<li>Consumo de energ\u00eda\u00a0&lt;7.7 W.<\/li>\n<li>Condiciones de Trabajo -40\u00b0 C ~ +60\u00b0 C \/ menos de 95% RH<\/li>\n<li>\u00cdndice de protecci\u00f3n IP67.<\/li>\n<li>Peso Neto 0.44 kg.<\/li>\n<li>Material<\/li>\n<li>Cubierta Met\u00e1lica.<\/li>\n<li>Pedestal Policarbonato<\/li>\n<li>Parte trasera Policarbonato<\/li>\n<\/ul>\n","protected":false},"excerpt":{"rendered":"<p>C\u00e1mara Bullet Fija de Disuasi\u00f3n Activa a Todo Color HDCVI de 5MP<\/p>\n<ul>\n<li>Im\u00e1genes en color 24 horas al d\u00eda, 7 d\u00edas a la semana<\/li>\n<li>Disuasi\u00f3n activa con luz azul roja, sirena e interfaz de salida de alarma<\/li>\n<li>M\u00e1x. 20 fps a 5 MP<\/li>\n<li>Lente fija de 3,6 mm (6 mm opcional)<\/li>\n<li>40 m de distancia de iluminaci\u00f3n<\/li>\n<li>IP67, 12V \u00b1 30% CC<\/li>\n<\/ul>\n","protected":false},"featured_media":37453,"comment_status":"open","ping_status":"closed","template":"","meta":{"_et_pb_use_builder":"","_et_pb_old_content":"","_et_gb_content_width":""},"product_brand":[],"product_cat":[1016,521,548,559],"product_tag":[855,832,830,831,835,834,864,865,833],"class_list":{"0":"post-37452","1":"product","2":"type-product","3":"status-publish","4":"has-post-thumbnail","6":"product_cat-bala-camaras-ahd","7":"product_cat-cctv","8":"product_cat-ahd","9":"product_cat-camaras-ahd","10":"product_tag-5mp","11":"product_tag-bala","12":"product_tag-bullet","13":"product_tag-camara","14":"product_tag-cctv","15":"product_tag-dahua","16":"product_tag-dahua-hac-me1509th-pv","17":"product_tag-fullcolor","18":"product_tag-seguridad","20":"first","21":"instock","22":"taxable","23":"shipping-taxable","24":"product-type-simple"},"_links":{"self":[{"href":"https:\/\/arxisdemexico.com.mx\/arxis\/wp-json\/wp\/v2\/product\/37452","targetHints":{"allow":["GET"]}}],"collection":[{"href":"https:\/\/arxisdemexico.com.mx\/arxis\/wp-json\/wp\/v2\/product"}],"about":[{"href":"https:\/\/arxisdemexico.com.mx\/arxis\/wp-json\/wp\/v2\/types\/product"}],"replies":[{"embeddable":true,"href":"https:\/\/arxisdemexico.com.mx\/arxis\/wp-json\/wp\/v2\/comments?post=37452"}],"wp:featuredmedia":[{"embeddable":true,"href":"https:\/\/arxisdemexico.com.mx\/arxis\/wp-json\/wp\/v2\/media\/37453"}],"wp:attachment":[{"href":"https:\/\/arxisdemexico.com.mx\/arxis\/wp-json\/wp\/v2\/media?parent=37452"}],"wp:term":[{"taxonomy":"product_brand","embeddable":true,"href":"https:\/\/arxisdemexico.com.mx\/arxis\/wp-json\/wp\/v2\/product_brand?post=37452"},{"taxonomy":"product_cat","embeddable":true,"href":"https:\/\/arxisdemexico.com.mx\/arxis\/wp-json\/wp\/v2\/product_cat?post=37452"},{"taxonomy":"product_tag","embeddable":true,"href":"https:\/\/arxisdemexico.com.mx\/arxis\/wp-json\/wp\/v2\/product_tag?post=37452"}],"curies":[{"name":"wp","href":"https:\/\/api.w.org\/{rel}","templated":true}]}}