{"id":37415,"date":"2021-10-09T13:33:12","date_gmt":"2021-10-09T18:33:12","guid":{"rendered":"https:\/\/www.arxisdemexico.com.mx\/arxis\/?post_type=product&#038;p=37415"},"modified":"2021-11-18T17:17:06","modified_gmt":"2021-11-18T23:17:06","slug":"dahua-hac-b3a51-z-camara-bullet-de-5-megapixeles-lente-motorizado-de-2-7-a-12-mm-ir-de-40-mts-ip67-cvi-cvbs-ahd-tvi","status":"publish","type":"product","link":"https:\/\/arxisdemexico.com.mx\/arxis\/producto\/dahua-hac-b3a51-z-camara-bullet-de-5-megapixeles-lente-motorizado-de-2-7-a-12-mm-ir-de-40-mts-ip67-cvi-cvbs-ahd-tvi\/","title":{"rendered":"DAHUA HAC-B3A51-Z &#8211; Camara Bullet de 5 Megapixeles\/ Lente Motorizado de 2.7 a 12 mm\/ IR de 40 Mts\/ IP67\/ CVI\/CVBS\/AHD\/TVI\/"},"content":{"rendered":"<ul>\n<li>M\u00e1x.\u00a025 fps @ 5MP (salida de video 16: 9)<\/li>\n<li>CVI \/ CVBS \/ AHD \/ TVI conmutable<\/li>\n<li>Lente motorizada de 2,7 mm a 12 mm<\/li>\n<li>Sensor de imagen CMOS de 1 \/ 2,7 pulgadas<\/li>\n<li>Max.\u00a0Resoluci\u00f3n 2880 (H) \u00d7 1620 (V)<\/li>\n<li>Sistema de escaneo Progresivo<\/li>\n<li>Velocidad de obturaci\u00f3n electr\u00f3nica PAL: 1\/25 s \u2013 1\/100000 s NTSC: 1\/30 s \u2013 1\/100000 s<\/li>\n<li>Relaci\u00f3n S \/ N &gt; 65 dB<\/li>\n<li>Min.\u00a0Iluminaci\u00f3n 0,01 lux \/ F1,6;\u00a030IRE;\u00a00 Lux IR encendido<\/li>\n<li>Enfoque autom\u00e1tico N \/ A<\/li>\n<li>Tipo de montaje \u03a614<\/li>\n<li>M\u00e1x.\u00a0IR longitud 40 m;\u00a0IR inteligente<\/li>\n<li>IP67;\u00a0DC12V<\/li>\n<li>Dimensiones de la c\u00e1mara 243,5 mm \u00d7 90,7 mm \u00d7 90,7 mm<\/li>\n<li>Peso neto 0,39 kg<\/li>\n<li>Peso bruto 0,61 kg<\/li>\n<li>Material Cubierta frontal mental + cuerpo principal de pl\u00e1stico + soporte de pl\u00e1stico<\/li>\n<\/ul>\n","protected":false},"excerpt":{"rendered":"<p>C\u00e1mara Bullet IR HDCVI de 5MP<\/p>\n<ul>\n<li>M\u00e1x. 25 fps @ 5MP (salida de video 16: 9)<\/li>\n<li>CVI \/ CVBS \/ AHD \/ TVI conmutable<\/li>\n<li>Lente motorizada de 2,7 mm a 12 mm<\/li>\n<li>M\u00e1x. IR longitud 40 m; IR inteligente<\/li>\n<li>IP67; DC12V<\/li>\n<\/ul>\n","protected":false},"featured_media":37416,"comment_status":"open","ping_status":"closed","template":"","meta":{"_et_pb_use_builder":"","_et_pb_old_content":"","_et_gb_content_width":""},"product_brand":[],"product_cat":[1016,521,548,559],"product_tag":[839,832,830,831,835,834,838,833],"class_list":{"0":"post-37415","1":"product","2":"type-product","3":"status-publish","4":"has-post-thumbnail","6":"product_cat-bala-camaras-ahd","7":"product_cat-cctv","8":"product_cat-ahd","9":"product_cat-camaras-ahd","10":"product_tag-b3a51","11":"product_tag-bala","12":"product_tag-bullet","13":"product_tag-camara","14":"product_tag-cctv","15":"product_tag-dahua","16":"product_tag-hac-b3a51-z","17":"product_tag-seguridad","19":"first","20":"instock","21":"taxable","22":"shipping-taxable","23":"product-type-simple"},"_links":{"self":[{"href":"https:\/\/arxisdemexico.com.mx\/arxis\/wp-json\/wp\/v2\/product\/37415","targetHints":{"allow":["GET"]}}],"collection":[{"href":"https:\/\/arxisdemexico.com.mx\/arxis\/wp-json\/wp\/v2\/product"}],"about":[{"href":"https:\/\/arxisdemexico.com.mx\/arxis\/wp-json\/wp\/v2\/types\/product"}],"replies":[{"embeddable":true,"href":"https:\/\/arxisdemexico.com.mx\/arxis\/wp-json\/wp\/v2\/comments?post=37415"}],"wp:featuredmedia":[{"embeddable":true,"href":"https:\/\/arxisdemexico.com.mx\/arxis\/wp-json\/wp\/v2\/media\/37416"}],"wp:attachment":[{"href":"https:\/\/arxisdemexico.com.mx\/arxis\/wp-json\/wp\/v2\/media?parent=37415"}],"wp:term":[{"taxonomy":"product_brand","embeddable":true,"href":"https:\/\/arxisdemexico.com.mx\/arxis\/wp-json\/wp\/v2\/product_brand?post=37415"},{"taxonomy":"product_cat","embeddable":true,"href":"https:\/\/arxisdemexico.com.mx\/arxis\/wp-json\/wp\/v2\/product_cat?post=37415"},{"taxonomy":"product_tag","embeddable":true,"href":"https:\/\/arxisdemexico.com.mx\/arxis\/wp-json\/wp\/v2\/product_tag?post=37415"}],"curies":[{"name":"wp","href":"https:\/\/api.w.org\/{rel}","templated":true}]}}