{"id":28520,"date":"2019-01-07T12:31:59","date_gmt":"2019-01-07T18:31:59","guid":{"rendered":"http:\/\/www.arxisdemexico.com.mx\/arxis\/?post_type=product&#038;p=28520"},"modified":"2019-01-07T12:32:00","modified_gmt":"2019-01-07T18:32:00","slug":"61110-rw6-conector-rj-45-cat6-bco","status":"publish","type":"product","link":"https:\/\/arxisdemexico.com.mx\/arxis\/producto\/61110-rw6-conector-rj-45-cat6-bco\/","title":{"rendered":"61110-RW6 CONECTOR RJ-45 CAT6 BCO"},"content":{"rendered":"<p>Conector QuickPort eXtreme Cat 6, Blanco<\/p>\n<p>El conector eXtreme Cat 6 est\u00e1 dise\u00f1ado para ser utilizado con todos los productos compatibles con QuickPort. El conector incluye tecnolog\u00eda patentada de fuerza de retenci\u00f3n que promueve un rendimiento constante durante la vida \u00fatil del sistema. Cuenta con torres de separaci\u00f3n de pares \u00fanicas que permiten terminaciones m\u00e1s r\u00e1pidas y f\u00e1ciles. El conector est\u00e1 construido en una configuraci\u00f3n de 180 grados con el campo de perforaci\u00f3n en la parte posterior, lo que permite la terminaci\u00f3n posterior.<\/p>\n<p>Caracter\u00edsticas del producto<br \/>\nInflamabilidad: clasificaci\u00f3n V-0 seg\u00fan UL 94<br \/>\nColor blanco<br \/>\nClasificaci\u00f3n de la categor\u00eda: Gato 6<\/p>\n<p>Especificaciones de material<br \/>\nMaterial de la superficie de contacto: 50 microinches de espesor chapado en oro<br \/>\nMaterial de la superficie de contacto: 100 microinches de espesor niquelado<br \/>\nMaterial de la base de contacto: Bronce fosforoso<br \/>\nMaterial del cuerpo: pl\u00e1stico ign\u00edfugo de alto impacto<br \/>\nColor del cuerpo: blanco<\/p>\n<p>Especificaciones mec\u00e1nicas<br \/>\nPosici\u00f3n \/ Conductor: 8P8C<br \/>\nNombre del estilo: eXtreme<br \/>\nTipo de terminaci\u00f3n: 110 Punchdown<br \/>\nCaracter\u00edstica del conector: canal \/ componente clasificado<br \/>\nTipo de cable: 8-Conductor UTP Copper Cat 5, 5e y 6<br \/>\nIdentificaci\u00f3n del producto: Grabado permanentemente con l\u00e1ser<br \/>\nEst\u00e1ndar de cableado: T568A T568B<\/p>\n<p>Especificaciones de rendimiento<br \/>\nTipo de m\u00f3dulo: Categor\u00eda 6<\/p>\n<p>Caracter\u00edsticas del producto<br \/>\nEstilo del m\u00f3dulo: Conector<br \/>\nTipo de m\u00f3dulo: Categor\u00eda 6<br \/>\nPosici\u00f3n \/ Conductor: 8P8C<br \/>\nTipo de cable: 8-Conductor UTP Copper Cat 5, 5e y 6<br \/>\nCaracter\u00edstica del conector: canal \/ componente clasificado<br \/>\nTipo de terminaci\u00f3n: 110 Punchdown<br \/>\nMaterial de la superficie de contacto: 50 microinches de espesor chapado en oro<br \/>\nMaterial de la superficie de contacto: 100 microinches de espesor niquelado<br \/>\nMaterial de la base de contacto: Bronce fosforoso<br \/>\nClasificaci\u00f3n de la categor\u00eda: Gato 6<br \/>\nColor del cuerpo: blanco<br \/>\nNormas y certificaciones: TIA \/ EIA cULus enumerados<br \/>\nGarant\u00eda: 1 a\u00f1o limitada<br \/>\nEmbalaje: Paquete individual 1 \/ bolsa<br \/>\nColor blanco<\/p>\n<p>Normas y certificaciones<br \/>\nTIA \/ EIA: TIA-568-B<br \/>\nUL: cULus Listed<br \/>\nCSA: Certificado<br \/>\nNEC: Cumple con el art\u00edculo 800<br \/>\nFCC: Cumple con la Parte 68<\/p>\n","protected":false},"excerpt":{"rendered":"<p>Conector QuickPort eXtreme Cat 6, Blanco El conector eXtreme Cat 6 est\u00e1 dise\u00f1ado para ser utilizado con todos los productos compatibles con QuickPort. El conector incluye tecnolog\u00eda patentada de fuerza [&hellip;]<\/p>\n","protected":false},"featured_media":28521,"comment_status":"open","ping_status":"closed","template":"","meta":{"_et_pb_use_builder":"","_et_pb_old_content":"","_et_gb_content_width":""},"product_brand":[],"product_cat":[708,709,710],"product_tag":[813],"class_list":{"0":"post-28520","1":"product","2":"type-product","3":"status-publish","4":"has-post-thumbnail","6":"product_cat-infraestructura","7":"product_cat-cableado-estructurado","8":"product_cat-accesorios-cableado-estructurado","9":"product_tag-leviton","11":"first","12":"instock","13":"taxable","14":"shipping-taxable","15":"product-type-simple"},"_links":{"self":[{"href":"https:\/\/arxisdemexico.com.mx\/arxis\/wp-json\/wp\/v2\/product\/28520","targetHints":{"allow":["GET"]}}],"collection":[{"href":"https:\/\/arxisdemexico.com.mx\/arxis\/wp-json\/wp\/v2\/product"}],"about":[{"href":"https:\/\/arxisdemexico.com.mx\/arxis\/wp-json\/wp\/v2\/types\/product"}],"replies":[{"embeddable":true,"href":"https:\/\/arxisdemexico.com.mx\/arxis\/wp-json\/wp\/v2\/comments?post=28520"}],"wp:featuredmedia":[{"embeddable":true,"href":"https:\/\/arxisdemexico.com.mx\/arxis\/wp-json\/wp\/v2\/media\/28521"}],"wp:attachment":[{"href":"https:\/\/arxisdemexico.com.mx\/arxis\/wp-json\/wp\/v2\/media?parent=28520"}],"wp:term":[{"taxonomy":"product_brand","embeddable":true,"href":"https:\/\/arxisdemexico.com.mx\/arxis\/wp-json\/wp\/v2\/product_brand?post=28520"},{"taxonomy":"product_cat","embeddable":true,"href":"https:\/\/arxisdemexico.com.mx\/arxis\/wp-json\/wp\/v2\/product_cat?post=28520"},{"taxonomy":"product_tag","embeddable":true,"href":"https:\/\/arxisdemexico.com.mx\/arxis\/wp-json\/wp\/v2\/product_tag?post=28520"}],"curies":[{"name":"wp","href":"https:\/\/api.w.org\/{rel}","templated":true}]}}