{"id":28517,"date":"2019-01-07T12:25:48","date_gmt":"2019-01-07T18:25:48","guid":{"rendered":"http:\/\/www.arxisdemexico.com.mx\/arxis\/?post_type=product&#038;p=28517"},"modified":"2019-01-07T12:25:49","modified_gmt":"2019-01-07T18:25:49","slug":"5g460-10l-a-cordones-de-parcheo-gigamax-estandar-cat-5e-utp-10-pies-azul","status":"publish","type":"product","link":"https:\/\/arxisdemexico.com.mx\/arxis\/producto\/5g460-10l-a-cordones-de-parcheo-gigamax-estandar-cat-5e-utp-10-pies-azul\/","title":{"rendered":"5G460-10L A CORDONES DE PARCHEO GIGAMAX, ESTANDAR, CAT 5e UTP, 10 PIES, AZUL"},"content":{"rendered":"<p>Cord\u00f3n de parcheo est\u00e1ndar GigaMax 5e, Cat 5e, 10 pies, azul<\/p>\n<p>Los cables de conexi\u00f3n UTP GigaMax Cat 5e est\u00e1n dise\u00f1ados para ser utilizados en sistemas de cableado estructurado UTP Cat 5e. Los usos incluyen aplicaciones de alto ancho de banda como Gigabit Ethernet y 622 Mbps ATM.<\/p>\n","protected":false},"excerpt":{"rendered":"<p>Cord\u00f3n de parcheo est\u00e1ndar GigaMax 5e, Cat 5e, 10 pies, azul Los cables de conexi\u00f3n UTP GigaMax Cat 5e est\u00e1n dise\u00f1ados para ser utilizados en sistemas de cableado estructurado UTP [&hellip;]<\/p>\n","protected":false},"featured_media":28518,"comment_status":"open","ping_status":"closed","template":"","meta":{"_et_pb_use_builder":"","_et_pb_old_content":"","_et_gb_content_width":""},"product_brand":[],"product_cat":[708,709,711],"product_tag":[813],"class_list":{"0":"post-28517","1":"product","2":"type-product","3":"status-publish","4":"has-post-thumbnail","6":"product_cat-infraestructura","7":"product_cat-cableado-estructurado","8":"product_cat-jacks","9":"product_tag-leviton","11":"first","12":"instock","13":"taxable","14":"shipping-taxable","15":"product-type-simple"},"_links":{"self":[{"href":"https:\/\/arxisdemexico.com.mx\/arxis\/wp-json\/wp\/v2\/product\/28517","targetHints":{"allow":["GET"]}}],"collection":[{"href":"https:\/\/arxisdemexico.com.mx\/arxis\/wp-json\/wp\/v2\/product"}],"about":[{"href":"https:\/\/arxisdemexico.com.mx\/arxis\/wp-json\/wp\/v2\/types\/product"}],"replies":[{"embeddable":true,"href":"https:\/\/arxisdemexico.com.mx\/arxis\/wp-json\/wp\/v2\/comments?post=28517"}],"wp:featuredmedia":[{"embeddable":true,"href":"https:\/\/arxisdemexico.com.mx\/arxis\/wp-json\/wp\/v2\/media\/28518"}],"wp:attachment":[{"href":"https:\/\/arxisdemexico.com.mx\/arxis\/wp-json\/wp\/v2\/media?parent=28517"}],"wp:term":[{"taxonomy":"product_brand","embeddable":true,"href":"https:\/\/arxisdemexico.com.mx\/arxis\/wp-json\/wp\/v2\/product_brand?post=28517"},{"taxonomy":"product_cat","embeddable":true,"href":"https:\/\/arxisdemexico.com.mx\/arxis\/wp-json\/wp\/v2\/product_cat?post=28517"},{"taxonomy":"product_tag","embeddable":true,"href":"https:\/\/arxisdemexico.com.mx\/arxis\/wp-json\/wp\/v2\/product_tag?post=28517"}],"curies":[{"name":"wp","href":"https:\/\/api.w.org\/{rel}","templated":true}]}}