{"id":28512,"date":"2019-01-07T11:47:56","date_gmt":"2019-01-07T17:47:56","guid":{"rendered":"http:\/\/www.arxisdemexico.com.mx\/arxis\/?post_type=product&#038;p=28512"},"modified":"2019-01-07T11:47:56","modified_gmt":"2019-01-07T17:47:56","slug":"49884-msc-conector-de-fo-thread-lock-mecanico-sc-mm-reutilizable","status":"publish","type":"product","link":"https:\/\/arxisdemexico.com.mx\/arxis\/producto\/49884-msc-conector-de-fo-thread-lock-mecanico-sc-mm-reutilizable\/","title":{"rendered":"49884-MSC CONECTOR DE FO, THREAD-LOCK (MECANICO) SC, MM (REUTILIZABLE)"},"content":{"rendered":"<p>Los conectores de fibra de bloqueo de subprocesos SC Levit 49884-MSC de Leviton son conectores de fibra \u00f3ptica reutilizables, termicables en el campo con una instalaci\u00f3n simple y f\u00e1cil de usar. Usar en el marco o estaci\u00f3n de trabajo. No requiere calor, epoxi o herramientas patentadas. Se requiere pulido a mano.<\/p>\n<p>Conector: SC<br \/>\nColor del cuerpo: Beige<br \/>\nCompatibilidad de fibra: Multimodo 62.5 \/ 125 y 50\/125<\/p>\n","protected":false},"excerpt":{"rendered":"<p>Los conectores de fibra de bloqueo de subprocesos SC Levit 49884-MSC de Leviton son conectores de fibra \u00f3ptica reutilizables, termicables en el campo con una instalaci\u00f3n simple y f\u00e1cil de [&hellip;]<\/p>\n","protected":false},"featured_media":28513,"comment_status":"open","ping_status":"closed","template":"","meta":{"_et_pb_use_builder":"","_et_pb_old_content":"","_et_gb_content_width":""},"product_brand":[],"product_cat":[708,709,710],"product_tag":[813],"class_list":{"0":"post-28512","1":"product","2":"type-product","3":"status-publish","4":"has-post-thumbnail","6":"product_cat-infraestructura","7":"product_cat-cableado-estructurado","8":"product_cat-accesorios-cableado-estructurado","9":"product_tag-leviton","11":"first","12":"instock","13":"taxable","14":"shipping-taxable","15":"product-type-simple"},"_links":{"self":[{"href":"https:\/\/arxisdemexico.com.mx\/arxis\/wp-json\/wp\/v2\/product\/28512","targetHints":{"allow":["GET"]}}],"collection":[{"href":"https:\/\/arxisdemexico.com.mx\/arxis\/wp-json\/wp\/v2\/product"}],"about":[{"href":"https:\/\/arxisdemexico.com.mx\/arxis\/wp-json\/wp\/v2\/types\/product"}],"replies":[{"embeddable":true,"href":"https:\/\/arxisdemexico.com.mx\/arxis\/wp-json\/wp\/v2\/comments?post=28512"}],"wp:featuredmedia":[{"embeddable":true,"href":"https:\/\/arxisdemexico.com.mx\/arxis\/wp-json\/wp\/v2\/media\/28513"}],"wp:attachment":[{"href":"https:\/\/arxisdemexico.com.mx\/arxis\/wp-json\/wp\/v2\/media?parent=28512"}],"wp:term":[{"taxonomy":"product_brand","embeddable":true,"href":"https:\/\/arxisdemexico.com.mx\/arxis\/wp-json\/wp\/v2\/product_brand?post=28512"},{"taxonomy":"product_cat","embeddable":true,"href":"https:\/\/arxisdemexico.com.mx\/arxis\/wp-json\/wp\/v2\/product_cat?post=28512"},{"taxonomy":"product_tag","embeddable":true,"href":"https:\/\/arxisdemexico.com.mx\/arxis\/wp-json\/wp\/v2\/product_tag?post=28512"}],"curies":[{"name":"wp","href":"https:\/\/api.w.org\/{rel}","templated":true}]}}