{"id":28510,"date":"2019-01-07T11:43:57","date_gmt":"2019-01-07T17:43:57","guid":{"rendered":"http:\/\/www.arxisdemexico.com.mx\/arxis\/?post_type=product&#038;p=28510"},"modified":"2019-01-07T11:43:57","modified_gmt":"2019-01-07T17:43:57","slug":"49883-mfc-conector-de-fibra-reutilizable-thread-lock","status":"publish","type":"product","link":"https:\/\/arxisdemexico.com.mx\/arxis\/producto\/49883-mfc-conector-de-fibra-reutilizable-thread-lock\/","title":{"rendered":"49883-MFC CONECTOR DE FIBRA REUTILIZABLE THREAD-LOCK\u00ae"},"content":{"rendered":"<p>Caracteristicas<br \/>\nSon conectores de fibra \u00f3ptica reutilizables y termicables en el campo con una instalaci\u00f3n simple y f\u00e1cil de usar.<br \/>\nSe usa en el marco o la estaci\u00f3n de trabajo, no se requieren herramientas de calor, epoxi o patentadas<br \/>\nFundas de silicona a presi\u00f3n para una f\u00e1cil instalaci\u00f3n<br \/>\nPara usar con cable de fibra multimodo o monomodo 62.5 \/ 12 y 50\/125<\/p>\n","protected":false},"excerpt":{"rendered":"<p>Caracteristicas Son conectores de fibra \u00f3ptica reutilizables y termicables en el campo con una instalaci\u00f3n simple y f\u00e1cil de usar. Se usa en el marco o la estaci\u00f3n de trabajo, [&hellip;]<\/p>\n","protected":false},"featured_media":28511,"comment_status":"open","ping_status":"closed","template":"","meta":{"_et_pb_use_builder":"","_et_pb_old_content":"","_et_gb_content_width":""},"product_brand":[],"product_cat":[708,709,710],"product_tag":[813],"class_list":{"0":"post-28510","1":"product","2":"type-product","3":"status-publish","4":"has-post-thumbnail","6":"product_cat-infraestructura","7":"product_cat-cableado-estructurado","8":"product_cat-accesorios-cableado-estructurado","9":"product_tag-leviton","11":"first","12":"instock","13":"taxable","14":"shipping-taxable","15":"product-type-simple"},"_links":{"self":[{"href":"https:\/\/arxisdemexico.com.mx\/arxis\/wp-json\/wp\/v2\/product\/28510","targetHints":{"allow":["GET"]}}],"collection":[{"href":"https:\/\/arxisdemexico.com.mx\/arxis\/wp-json\/wp\/v2\/product"}],"about":[{"href":"https:\/\/arxisdemexico.com.mx\/arxis\/wp-json\/wp\/v2\/types\/product"}],"replies":[{"embeddable":true,"href":"https:\/\/arxisdemexico.com.mx\/arxis\/wp-json\/wp\/v2\/comments?post=28510"}],"wp:featuredmedia":[{"embeddable":true,"href":"https:\/\/arxisdemexico.com.mx\/arxis\/wp-json\/wp\/v2\/media\/28511"}],"wp:attachment":[{"href":"https:\/\/arxisdemexico.com.mx\/arxis\/wp-json\/wp\/v2\/media?parent=28510"}],"wp:term":[{"taxonomy":"product_brand","embeddable":true,"href":"https:\/\/arxisdemexico.com.mx\/arxis\/wp-json\/wp\/v2\/product_brand?post=28510"},{"taxonomy":"product_cat","embeddable":true,"href":"https:\/\/arxisdemexico.com.mx\/arxis\/wp-json\/wp\/v2\/product_cat?post=28510"},{"taxonomy":"product_tag","embeddable":true,"href":"https:\/\/arxisdemexico.com.mx\/arxis\/wp-json\/wp\/v2\/product_tag?post=28510"}],"curies":[{"name":"wp","href":"https:\/\/api.w.org\/{rel}","templated":true}]}}