{"id":28504,"date":"2019-01-07T11:18:26","date_gmt":"2019-01-07T17:18:26","guid":{"rendered":"http:\/\/www.arxisdemexico.com.mx\/arxis\/?post_type=product&#038;p=28504"},"modified":"2019-01-07T11:30:12","modified_gmt":"2019-01-07T17:30:12","slug":"42080-2ws-placa-de-2port-blanca-leviton","status":"publish","type":"product","link":"https:\/\/arxisdemexico.com.mx\/arxis\/producto\/42080-2ws-placa-de-2port-blanca-leviton\/","title":{"rendered":"42080-2WS PLACA DE 2PORT BLANCA LEVITON"},"content":{"rendered":"<div class=\"product__desc\">\n<p>Placa de pared QuickPort de una unidad con ventanas ID, 2, blanco<\/p>\n<\/div>\n<p>Las placas de pared de una y dos unidades aceptan los m\u00f3dulos para insertar QuickPort para aplicaciones multimedia con 1, 2, 3, 4, 6, 8 y 12\u00a0puertos. Utilice donde se deseen ventanas de designaci\u00f3n de puertos en un alojamiento empotrado econ\u00f3mico de una o dos unidades. Disponible en cinco colores: blanco, marfil, almendra clara, gris y negro.<\/p>\n<ul>\n<li>Incluye ventanas\u00a0ID de designaci\u00f3n para cada placa de pared<\/li>\n<li>Tornillos de la placa de pared en el mismo color<\/li>\n<li>Encaja en aberturas rectangulares m\u00ednimas NEMA<\/li>\n<li>Compatible con todos los m\u00f3dulos individuales QuickPort para insertar<\/li>\n<li>La configuraci\u00f3n de puerto individual permite flexibilidad de especificaci\u00f3n<\/li>\n<li>El m\u00f3dulo estrecho permite entradas de alta densidad en un \u00e1rea peque\u00f1a<\/li>\n<\/ul>\n","protected":false},"excerpt":{"rendered":"<p>Placa de pared QuickPort de una unidad con ventanas ID, 2, blanco Las placas de pared de una y dos unidades aceptan los m\u00f3dulos para insertar QuickPort para aplicaciones multimedia [&hellip;]<\/p>\n","protected":false},"featured_media":28505,"comment_status":"open","ping_status":"closed","template":"","meta":{"_et_pb_use_builder":"","_et_pb_old_content":"","_et_gb_content_width":""},"product_brand":[],"product_cat":[708,709,713],"product_tag":[813],"class_list":{"0":"post-28504","1":"product","2":"type-product","3":"status-publish","4":"has-post-thumbnail","6":"product_cat-infraestructura","7":"product_cat-cableado-estructurado","8":"product_cat-placas","9":"product_tag-leviton","11":"first","12":"instock","13":"taxable","14":"shipping-taxable","15":"product-type-simple"},"_links":{"self":[{"href":"https:\/\/arxisdemexico.com.mx\/arxis\/wp-json\/wp\/v2\/product\/28504","targetHints":{"allow":["GET"]}}],"collection":[{"href":"https:\/\/arxisdemexico.com.mx\/arxis\/wp-json\/wp\/v2\/product"}],"about":[{"href":"https:\/\/arxisdemexico.com.mx\/arxis\/wp-json\/wp\/v2\/types\/product"}],"replies":[{"embeddable":true,"href":"https:\/\/arxisdemexico.com.mx\/arxis\/wp-json\/wp\/v2\/comments?post=28504"}],"wp:featuredmedia":[{"embeddable":true,"href":"https:\/\/arxisdemexico.com.mx\/arxis\/wp-json\/wp\/v2\/media\/28505"}],"wp:attachment":[{"href":"https:\/\/arxisdemexico.com.mx\/arxis\/wp-json\/wp\/v2\/media?parent=28504"}],"wp:term":[{"taxonomy":"product_brand","embeddable":true,"href":"https:\/\/arxisdemexico.com.mx\/arxis\/wp-json\/wp\/v2\/product_brand?post=28504"},{"taxonomy":"product_cat","embeddable":true,"href":"https:\/\/arxisdemexico.com.mx\/arxis\/wp-json\/wp\/v2\/product_cat?post=28504"},{"taxonomy":"product_tag","embeddable":true,"href":"https:\/\/arxisdemexico.com.mx\/arxis\/wp-json\/wp\/v2\/product_tag?post=28504"}],"curies":[{"name":"wp","href":"https:\/\/api.w.org\/{rel}","templated":true}]}}