{"id":28448,"date":"2019-01-03T14:07:39","date_gmt":"2019-01-03T20:07:39","guid":{"rendered":"http:\/\/www.arxisdemexico.com.mx\/arxis\/?post_type=product&#038;p=28448"},"modified":"2019-01-03T14:07:40","modified_gmt":"2019-01-03T20:07:40","slug":"28448","status":"publish","type":"product","link":"https:\/\/arxisdemexico.com.mx\/arxis\/producto\/28448\/","title":{"rendered":""},"content":{"rendered":"<p>Tama\u00f1o de la etiqueta \/ cinta: 1.25 en W x 14 ft L<\/p>\n<p>Dimensiones del \u00e1rea imprimible: 0.5 en W<\/p>\n<p>Para uso con impresora: BMP\u00ae21 PLUS Impresora port\u00e1til de etiquetas, IDPAL \u2122 Handheld Label Maker<\/p>\n<p>N\u00famero material: B-427<\/p>\n<p>Material: Vinilo<\/p>\n<div class=\"tlid-input input\">\n<div class=\"source-wrap\">\n<div class=\"input-full-height-wrapper tlid-input-full-height-wrapper\">\n<div class=\"source-input\">\n<div class=\"source-header\">\n<div class=\"go-wrap\"><\/div>\n<\/div>\n<div class=\"tlid-source-transliteration-container source-transliteration-container transliteration-container\">\n<div class=\"tlid-transliteration-content transliteration-content full\"><\/div>\n<\/div>\n<div class=\"source-footer-wrap source-or-target-footer\">\n<div id=\"gt-input-tool\" class=\"source-input-tools\">\n<div id=\"itamenu\">\n<div class=\"goog-container goog-container-vertical\" tabindex=\"-1\"><\/div>\n<\/div>\n<\/div>\n<div class=\"character-count tlid-character-count\">\n<div class=\"cc-ctr normal\">423\/5000<\/div>\n<\/div>\n<div class=\"source-footer\">\n<div class=\"speech-wrap source-or-target-footer-button left-positioned\">\n<div id=\"gt-speech\" class=\"speech-button goog-toolbar-button goog-toolbar-button-disabled\" role=\"button\" aria-label=\"Selecciona un idioma para habilitar la entrada de voz\" data-tooltip-align=\"t,c\" aria-pressed=\"false\" aria-disabled=\"true\" data-tooltip=\"Selecciona un idioma para habilitar la entrada de voz\"><\/div>\n<\/div>\n<div class=\"src-tts left-positioned ttsbutton jfk-button-flat source-or-target-footer-button jfk-button\" tabindex=\"0\" role=\"button\" aria-label=\"Escuchar\" data-tooltip=\"Escuchar\" aria-pressed=\"false\" data-tooltip-align=\"t,c\" aria-hidden=\"false\" aria-disabled=\"false\">\n<div class=\"jfk-button-img\"><\/div>\n<\/div>\n<\/div>\n<\/div>\n<\/div>\n<\/div>\n<\/div>\n<\/div>\n<div class=\"tlid-results-container results-container\">\n<div class=\"tlid-result result-dict-wrapper\">\n<div class=\"result tlid-copy-target\">\n<div class=\"result-header\">\n<div class=\"starbutton jfk-button-flat jfk-button unstarred\" tabindex=\"0\" role=\"button\" aria-label=\"Destacar traducci\u00f3n\" data-tooltip=\"Destacar traducci\u00f3n\" data-tooltip-align=\"t,c\">\n<div class=\"jfk-button-img\"><\/div>\n<\/div>\n<\/div>\n<div class=\"text-wrap tlid-copy-target\">\n<div class=\"result-shield-container tlid-copy-target\"><span class=\"tlid-translation translation\"><span title=\"\">El vinilo auto laminado (B-427) es un material excelente para la identificaci\u00f3n de alambres y cables.<\/span> <span class=\"\" title=\"\">Este material tiene buena claridad, conformabilidad y es autoextinguible.<\/span><\/p>\n<p><span class=\"\" title=\"\">Proporcionado en un formato auto-laminado con una zona imprimible en blanco y un \u00e1rea de sobrelaminaci\u00f3n transl\u00facida para proteger el texto<\/span><br \/>\n<span title=\"\">El adhesivo acr\u00edlico duradero y permanente tiene una excelente resistencia al agua y al aceite<\/span><br \/>\n<span title=\"\">Aprobado por UL<\/span><br \/>\n<span class=\"\" title=\"\">El cartucho todo en uno incluye cinta y suministro de etiquetas.<\/span><\/span><\/div>\n<\/div>\n<\/div>\n<\/div>\n<\/div>\n","protected":false},"excerpt":{"rendered":"<p>Tama\u00f1o de la etiqueta \/ cinta: 1.25 en W x 14 ft L Dimensiones del \u00e1rea imprimible: 0.5 en W Para uso con impresora: BMP\u00ae21 PLUS Impresora port\u00e1til de etiquetas, [&hellip;]<\/p>\n","protected":false},"featured_media":28451,"comment_status":"open","ping_status":"closed","template":"","meta":{"_et_pb_use_builder":"","_et_pb_old_content":"","_et_gb_content_width":""},"product_brand":[],"product_cat":[648,785],"product_tag":[807],"class_list":{"0":"post-28448","1":"product","2":"type-product","3":"status-publish","4":"has-post-thumbnail","6":"product_cat-cables","7":"product_cat-accesorios-cables","8":"product_tag-brady","10":"first","11":"instock","12":"taxable","13":"shipping-taxable","14":"product-type-simple"},"_links":{"self":[{"href":"https:\/\/arxisdemexico.com.mx\/arxis\/wp-json\/wp\/v2\/product\/28448","targetHints":{"allow":["GET"]}}],"collection":[{"href":"https:\/\/arxisdemexico.com.mx\/arxis\/wp-json\/wp\/v2\/product"}],"about":[{"href":"https:\/\/arxisdemexico.com.mx\/arxis\/wp-json\/wp\/v2\/types\/product"}],"replies":[{"embeddable":true,"href":"https:\/\/arxisdemexico.com.mx\/arxis\/wp-json\/wp\/v2\/comments?post=28448"}],"wp:featuredmedia":[{"embeddable":true,"href":"https:\/\/arxisdemexico.com.mx\/arxis\/wp-json\/wp\/v2\/media\/28451"}],"wp:attachment":[{"href":"https:\/\/arxisdemexico.com.mx\/arxis\/wp-json\/wp\/v2\/media?parent=28448"}],"wp:term":[{"taxonomy":"product_brand","embeddable":true,"href":"https:\/\/arxisdemexico.com.mx\/arxis\/wp-json\/wp\/v2\/product_brand?post=28448"},{"taxonomy":"product_cat","embeddable":true,"href":"https:\/\/arxisdemexico.com.mx\/arxis\/wp-json\/wp\/v2\/product_cat?post=28448"},{"taxonomy":"product_tag","embeddable":true,"href":"https:\/\/arxisdemexico.com.mx\/arxis\/wp-json\/wp\/v2\/product_tag?post=28448"}],"curies":[{"name":"wp","href":"https:\/\/api.w.org\/{rel}","templated":true}]}}