{"id":28339,"date":"2019-01-03T12:18:08","date_gmt":"2019-01-03T18:18:08","guid":{"rendered":"http:\/\/www.arxisdemexico.com.mx\/arxis\/?post_type=product&#038;p=28339"},"modified":"2019-01-03T12:18:09","modified_gmt":"2019-01-03T18:18:09","slug":"m21-750-499-etiqueta-tela-de-nylon-blanco","status":"publish","type":"product","link":"https:\/\/arxisdemexico.com.mx\/arxis\/producto\/m21-750-499-etiqueta-tela-de-nylon-blanco\/","title":{"rendered":"M21-750-499 ETIQUETA TELA DE NYLON BLANCO"},"content":{"rendered":"<p>Tama\u00f1o de la etiqueta \/ cinta:0.75 in W x 16 ft L<\/p>\n<p>Para uso con impresora:BMP\u00ae21 PLUS Impresora port\u00e1til de etiquetas, IDPAL \u2122 Handheld Label Maker<\/p>\n<p>N\u00famero material:B-499<\/p>\n<p>Material:Nylon<\/p>\n<p>El material B-499 tiene un revestimiento protector de poliamida y un adhesivo acr\u00edlico permanente para mantenerse adherido a las superficies, incluso en entornos de autoclave, congelador y nitr\u00f3geno l\u00edquido.<\/p>\n<p>La cinta de tela de nylon es ideal para uso en etiquetado de cables y alambres, marcado de uso general en laboratorios, paneles de equipos y placas frontales<br \/>\nLa cinta de bajo perfil se adhiere a superficies lisas, rugosas o con recubrimiento de polvo, as\u00ed como a superficies irregulares o con poca energ\u00eda superficial<br \/>\nAprobado por UL; CSA aceptado<br \/>\nEl cartucho todo en uno incluye cinta y suministro de etiquetas.<\/p>\n","protected":false},"excerpt":{"rendered":"<p>Tama\u00f1o de la etiqueta \/ cinta:0.75 in W x 16 ft L Para uso con impresora:BMP\u00ae21 PLUS Impresora port\u00e1til de etiquetas, IDPAL \u2122 Handheld Label Maker N\u00famero material:B-499 Material:Nylon El [&hellip;]<\/p>\n","protected":false},"featured_media":28340,"comment_status":"open","ping_status":"closed","template":"","meta":{"_et_pb_use_builder":"","_et_pb_old_content":"","_et_gb_content_width":""},"product_brand":[],"product_cat":[648],"product_tag":[807],"class_list":{"0":"post-28339","1":"product","2":"type-product","3":"status-publish","4":"has-post-thumbnail","6":"product_cat-cables","7":"product_tag-brady","9":"first","10":"instock","11":"taxable","12":"shipping-taxable","13":"product-type-simple"},"_links":{"self":[{"href":"https:\/\/arxisdemexico.com.mx\/arxis\/wp-json\/wp\/v2\/product\/28339","targetHints":{"allow":["GET"]}}],"collection":[{"href":"https:\/\/arxisdemexico.com.mx\/arxis\/wp-json\/wp\/v2\/product"}],"about":[{"href":"https:\/\/arxisdemexico.com.mx\/arxis\/wp-json\/wp\/v2\/types\/product"}],"replies":[{"embeddable":true,"href":"https:\/\/arxisdemexico.com.mx\/arxis\/wp-json\/wp\/v2\/comments?post=28339"}],"wp:featuredmedia":[{"embeddable":true,"href":"https:\/\/arxisdemexico.com.mx\/arxis\/wp-json\/wp\/v2\/media\/28340"}],"wp:attachment":[{"href":"https:\/\/arxisdemexico.com.mx\/arxis\/wp-json\/wp\/v2\/media?parent=28339"}],"wp:term":[{"taxonomy":"product_brand","embeddable":true,"href":"https:\/\/arxisdemexico.com.mx\/arxis\/wp-json\/wp\/v2\/product_brand?post=28339"},{"taxonomy":"product_cat","embeddable":true,"href":"https:\/\/arxisdemexico.com.mx\/arxis\/wp-json\/wp\/v2\/product_cat?post=28339"},{"taxonomy":"product_tag","embeddable":true,"href":"https:\/\/arxisdemexico.com.mx\/arxis\/wp-json\/wp\/v2\/product_tag?post=28339"}],"curies":[{"name":"wp","href":"https:\/\/api.w.org\/{rel}","templated":true}]}}