{"id":28218,"date":"2019-01-02T13:36:50","date_gmt":"2019-01-02T19:36:50","guid":{"rendered":"http:\/\/www.arxisdemexico.com.mx\/arxis\/?post_type=product&#038;p=28218"},"modified":"2019-01-02T13:44:13","modified_gmt":"2019-01-02T19:44:13","slug":"ptl-42-439-bl-etiquetas-de-vinilo-workhorse","status":"publish","type":"product","link":"https:\/\/arxisdemexico.com.mx\/arxis\/producto\/ptl-42-439-bl-etiquetas-de-vinilo-workhorse\/","title":{"rendered":"PTL-42-439-BL  Etiquetas de vinilo WorkHorse"},"content":{"rendered":"<p>Tama\u00f1o de la etiqueta \/ cinta: 1 en ancho x 50 pies L<\/p>\n<p>Material: Vinilo<\/p>\n<p>Color: Azul<\/p>\n<p>N\u00famero material: B-439<\/p>\n<p>Para uso con impresora: Sistema de etiquetado BMP\u00ae61, Impresora de etiquetas BMP\u00ae71, BradyPrinter \u2122 M611, Sistema de etiquetado t\u00e9rmico TLS 2200\u00ae, Sistema de etiquetado t\u00e9rmico TLS-PC LINK \u2122<\/p>\n<p>Aplicaciones de impresoras y etiquetas: Identificaci\u00f3n general<\/p>\n<p>El vinilo permanente (B-439) es un material imprimible por transferencia t\u00e9rmica, ideal para aplicaciones que requieren varios colores como identificaci\u00f3n del producto terminado, placas de clasificaci\u00f3n e identificaci\u00f3n de prop\u00f3sito general.<\/p>\n<p>Disponible en blanco, amarillo, rojo, azul claro, verde, naranja, negro, gris y morado<br \/>\nDise\u00f1ado para uso en condiciones ambientales con exposici\u00f3n limitada a solventes<br \/>\nLa pel\u00edcula de vinilo para interiores \/ exteriores tiene un adhesivo acr\u00edlico sensible a la presi\u00f3n<br \/>\nTemperatura de servicio de -94 a 104 \u00b0 F (-70 a 40 \u00b0 C)<\/p>\n","protected":false},"excerpt":{"rendered":"<p>Tama\u00f1o de la etiqueta \/ cinta: 1 en ancho x 50 pies L Material: Vinilo Color: Azul N\u00famero material: B-439 Para uso con impresora: Sistema de etiquetado BMP\u00ae61, Impresora de [&hellip;]<\/p>\n","protected":false},"featured_media":28219,"comment_status":"open","ping_status":"closed","template":"","meta":{"_et_pb_use_builder":"","_et_pb_old_content":"","_et_gb_content_width":""},"product_brand":[],"product_cat":[648,785],"product_tag":[807],"class_list":{"0":"post-28218","1":"product","2":"type-product","3":"status-publish","4":"has-post-thumbnail","6":"product_cat-cables","7":"product_cat-accesorios-cables","8":"product_tag-brady","10":"first","11":"instock","12":"taxable","13":"shipping-taxable","14":"product-type-simple"},"_links":{"self":[{"href":"https:\/\/arxisdemexico.com.mx\/arxis\/wp-json\/wp\/v2\/product\/28218","targetHints":{"allow":["GET"]}}],"collection":[{"href":"https:\/\/arxisdemexico.com.mx\/arxis\/wp-json\/wp\/v2\/product"}],"about":[{"href":"https:\/\/arxisdemexico.com.mx\/arxis\/wp-json\/wp\/v2\/types\/product"}],"replies":[{"embeddable":true,"href":"https:\/\/arxisdemexico.com.mx\/arxis\/wp-json\/wp\/v2\/comments?post=28218"}],"wp:featuredmedia":[{"embeddable":true,"href":"https:\/\/arxisdemexico.com.mx\/arxis\/wp-json\/wp\/v2\/media\/28219"}],"wp:attachment":[{"href":"https:\/\/arxisdemexico.com.mx\/arxis\/wp-json\/wp\/v2\/media?parent=28218"}],"wp:term":[{"taxonomy":"product_brand","embeddable":true,"href":"https:\/\/arxisdemexico.com.mx\/arxis\/wp-json\/wp\/v2\/product_brand?post=28218"},{"taxonomy":"product_cat","embeddable":true,"href":"https:\/\/arxisdemexico.com.mx\/arxis\/wp-json\/wp\/v2\/product_cat?post=28218"},{"taxonomy":"product_tag","embeddable":true,"href":"https:\/\/arxisdemexico.com.mx\/arxis\/wp-json\/wp\/v2\/product_tag?post=28218"}],"curies":[{"name":"wp","href":"https:\/\/api.w.org\/{rel}","templated":true}]}}