{"id":28047,"date":"2018-10-25T16:05:58","date_gmt":"2018-10-25T21:05:58","guid":{"rendered":"http:\/\/www.arxisdemexico.com.mx\/arxis\/?post_type=product&#038;p=28047"},"modified":"2018-10-25T16:05:59","modified_gmt":"2018-10-25T21:05:59","slug":"cordon-de-fibra-optica","status":"publish","type":"product","link":"https:\/\/arxisdemexico.com.mx\/arxis\/producto\/cordon-de-fibra-optica\/","title":{"rendered":"C\u00d3RDON DE FIBRA \u00d3PTICA"},"content":{"rendered":"<p>Descripci\u00f3n:<br \/>\nConduNet ofrece una l\u00ednea completa de cordones de parcheo de fibra<br \/>\n\u00f3ptica para la conexi\u00f3n de enlaces de fibra multimodo y monomodo, en<br \/>\ncombinaciones LC-LC, SC-SC y ST-ST, (otras combinaciones de conectores<br \/>\nest\u00e1n disponibles bajo manufactura). Los cordones est\u00e1n disponibles en<br \/>\nlongitudes est\u00e1ndar de 1, 2, y 3 metros, (otras longitudes a manufactura<br \/>\nest\u00e1n tambi\u00e9n disponibles).<br \/>\nTodos los cordones de parcheo de fibra \u00f3ptica ConduNet tienen conectores<br \/>\nde la m\u00e1s alta calidad tambi\u00e9n ConduNet y son terminados y probados<br \/>\ncumpliendo con las m\u00e1s estrictas especificaciones de desempe\u00f1o.<\/p>\n","protected":false},"excerpt":{"rendered":"<p>Descripci\u00f3n: ConduNet ofrece una l\u00ednea completa de cordones de parcheo de fibra \u00f3ptica para la conexi\u00f3n de enlaces de fibra multimodo y monomodo, en combinaciones LC-LC, SC-SC y ST-ST, (otras [&hellip;]<\/p>\n","protected":false},"featured_media":28048,"comment_status":"open","ping_status":"closed","template":"","meta":{"_et_pb_use_builder":"","_et_pb_old_content":"","_et_gb_content_width":""},"product_brand":[],"product_cat":[648,649,652],"product_tag":[507],"class_list":{"0":"post-28047","1":"product","2":"type-product","3":"status-publish","4":"has-post-thumbnail","6":"product_cat-cables","7":"product_cat-cables-armados-y-jumpers","8":"product_cat-redes","9":"product_tag-condumex","11":"first","12":"instock","13":"taxable","14":"shipping-taxable","15":"product-type-simple"},"_links":{"self":[{"href":"https:\/\/arxisdemexico.com.mx\/arxis\/wp-json\/wp\/v2\/product\/28047","targetHints":{"allow":["GET"]}}],"collection":[{"href":"https:\/\/arxisdemexico.com.mx\/arxis\/wp-json\/wp\/v2\/product"}],"about":[{"href":"https:\/\/arxisdemexico.com.mx\/arxis\/wp-json\/wp\/v2\/types\/product"}],"replies":[{"embeddable":true,"href":"https:\/\/arxisdemexico.com.mx\/arxis\/wp-json\/wp\/v2\/comments?post=28047"}],"wp:featuredmedia":[{"embeddable":true,"href":"https:\/\/arxisdemexico.com.mx\/arxis\/wp-json\/wp\/v2\/media\/28048"}],"wp:attachment":[{"href":"https:\/\/arxisdemexico.com.mx\/arxis\/wp-json\/wp\/v2\/media?parent=28047"}],"wp:term":[{"taxonomy":"product_brand","embeddable":true,"href":"https:\/\/arxisdemexico.com.mx\/arxis\/wp-json\/wp\/v2\/product_brand?post=28047"},{"taxonomy":"product_cat","embeddable":true,"href":"https:\/\/arxisdemexico.com.mx\/arxis\/wp-json\/wp\/v2\/product_cat?post=28047"},{"taxonomy":"product_tag","embeddable":true,"href":"https:\/\/arxisdemexico.com.mx\/arxis\/wp-json\/wp\/v2\/product_tag?post=28047"}],"curies":[{"name":"wp","href":"https:\/\/api.w.org\/{rel}","templated":true}]}}