{"id":28043,"date":"2018-10-25T16:02:19","date_gmt":"2018-10-25T21:02:19","guid":{"rendered":"http:\/\/www.arxisdemexico.com.mx\/arxis\/?post_type=product&#038;p=28043"},"modified":"2018-10-25T16:02:19","modified_gmt":"2018-10-25T21:02:19","slug":"cable-optico-zipcord-ofnr-2","status":"publish","type":"product","link":"https:\/\/arxisdemexico.com.mx\/arxis\/producto\/cable-optico-zipcord-ofnr-2\/","title":{"rendered":"CABLE \u00d3PTICO ZIPCORD OFNR"},"content":{"rendered":"<p>Descripci\u00f3n:<br \/>\nLos conectores LC ConduNet son adecuados para alta densidad por sus reducidas<br \/>\ndimensiones, esta condici\u00f3n permite que su escala de integraci\u00f3n<br \/>\nsea muy alta. El sistema de anclaje es similar al de los conectores RJ, basta<br \/>\npresionar sobre la pesta\u00f1a superior para introducirlos o liberarlos. Su f\u00e9rula<br \/>\nde Zirconia de alta calidad tiene un di\u00e1metro de 1.25 mm equivalente a la<br \/>\nmitad que la que presentan sus precedentes conectores SC y ST.<br \/>\nLos conectores LC ConduNet son sometidos peri\u00f3dicamente a pruebas<br \/>\n\u00f3pticas b\u00e1sicas, mec\u00e1nicas y ambientales realizadas por los procedimientos<br \/>\nnormales de control de calidad en planta lo cual nos permite garantizar<br \/>\nla mejor calidad en nuestros conectores LC.<\/p>\n","protected":false},"excerpt":{"rendered":"<p>Descripci\u00f3n: Los conectores LC ConduNet son adecuados para alta densidad por sus reducidas dimensiones, esta condici\u00f3n permite que su escala de integraci\u00f3n sea muy alta. El sistema de anclaje es [&hellip;]<\/p>\n","protected":false},"featured_media":28044,"comment_status":"open","ping_status":"closed","template":"","meta":{"_et_pb_use_builder":"","_et_pb_old_content":"","_et_gb_content_width":""},"product_brand":[],"product_cat":[648,649,652],"product_tag":[507],"class_list":{"0":"post-28043","1":"product","2":"type-product","3":"status-publish","4":"has-post-thumbnail","6":"product_cat-cables","7":"product_cat-cables-armados-y-jumpers","8":"product_cat-redes","9":"product_tag-condumex","11":"first","12":"instock","13":"taxable","14":"shipping-taxable","15":"product-type-simple"},"_links":{"self":[{"href":"https:\/\/arxisdemexico.com.mx\/arxis\/wp-json\/wp\/v2\/product\/28043","targetHints":{"allow":["GET"]}}],"collection":[{"href":"https:\/\/arxisdemexico.com.mx\/arxis\/wp-json\/wp\/v2\/product"}],"about":[{"href":"https:\/\/arxisdemexico.com.mx\/arxis\/wp-json\/wp\/v2\/types\/product"}],"replies":[{"embeddable":true,"href":"https:\/\/arxisdemexico.com.mx\/arxis\/wp-json\/wp\/v2\/comments?post=28043"}],"wp:featuredmedia":[{"embeddable":true,"href":"https:\/\/arxisdemexico.com.mx\/arxis\/wp-json\/wp\/v2\/media\/28044"}],"wp:attachment":[{"href":"https:\/\/arxisdemexico.com.mx\/arxis\/wp-json\/wp\/v2\/media?parent=28043"}],"wp:term":[{"taxonomy":"product_brand","embeddable":true,"href":"https:\/\/arxisdemexico.com.mx\/arxis\/wp-json\/wp\/v2\/product_brand?post=28043"},{"taxonomy":"product_cat","embeddable":true,"href":"https:\/\/arxisdemexico.com.mx\/arxis\/wp-json\/wp\/v2\/product_cat?post=28043"},{"taxonomy":"product_tag","embeddable":true,"href":"https:\/\/arxisdemexico.com.mx\/arxis\/wp-json\/wp\/v2\/product_tag?post=28043"}],"curies":[{"name":"wp","href":"https:\/\/api.w.org\/{rel}","templated":true}]}}