{"id":28041,"date":"2018-10-25T16:00:58","date_gmt":"2018-10-25T21:00:58","guid":{"rendered":"http:\/\/www.arxisdemexico.com.mx\/arxis\/?post_type=product&#038;p=28041"},"modified":"2018-10-25T16:00:58","modified_gmt":"2018-10-25T21:00:58","slug":"conector-para-fibra-optica-sc","status":"publish","type":"product","link":"https:\/\/arxisdemexico.com.mx\/arxis\/producto\/conector-para-fibra-optica-sc\/","title":{"rendered":"CONECTOR PARA FIBRA \u00d3PTICA SC"},"content":{"rendered":"<p>Descripci\u00f3n:<br \/>\nLos conectores SC ConduNet se han dise\u00f1ado bajo los est\u00e1ndares NTT-SC<br \/>\nlo que los hace totalmente compatibles con hardware del tipo SC. La<br \/>\nf\u00e9rula de Zirconia de alta calidad de 2.5 mm cuenta con un canal capilar de<br \/>\n127\u03bcm para fibras multimodo y de 125.5\u03bcm para fibras monomodo.<br \/>\nLos conectores SC ConduNet son sometidos peri\u00f3dicamente a pruebas<br \/>\n\u00f3pticas b\u00e1sicas, mec\u00e1nicas y ambientales realizadas por los procedimientos<br \/>\nnormales de control de calidad en planta lo cual nos permite garantizar<br \/>\nla mejor calidad en nuestros conectores SC.<\/p>\n<p>&nbsp;<\/p>\n","protected":false},"excerpt":{"rendered":"<p>Descripci\u00f3n: Los conectores SC ConduNet se han dise\u00f1ado bajo los est\u00e1ndares NTT-SC lo que los hace totalmente compatibles con hardware del tipo SC. La f\u00e9rula de Zirconia de alta calidad [&hellip;]<\/p>\n","protected":false},"featured_media":28042,"comment_status":"open","ping_status":"closed","template":"","meta":{"_et_pb_use_builder":"","_et_pb_old_content":"","_et_gb_content_width":""},"product_brand":[],"product_cat":[648,649,652],"product_tag":[507],"class_list":{"0":"post-28041","1":"product","2":"type-product","3":"status-publish","4":"has-post-thumbnail","6":"product_cat-cables","7":"product_cat-cables-armados-y-jumpers","8":"product_cat-redes","9":"product_tag-condumex","11":"first","12":"instock","13":"taxable","14":"shipping-taxable","15":"product-type-simple"},"_links":{"self":[{"href":"https:\/\/arxisdemexico.com.mx\/arxis\/wp-json\/wp\/v2\/product\/28041","targetHints":{"allow":["GET"]}}],"collection":[{"href":"https:\/\/arxisdemexico.com.mx\/arxis\/wp-json\/wp\/v2\/product"}],"about":[{"href":"https:\/\/arxisdemexico.com.mx\/arxis\/wp-json\/wp\/v2\/types\/product"}],"replies":[{"embeddable":true,"href":"https:\/\/arxisdemexico.com.mx\/arxis\/wp-json\/wp\/v2\/comments?post=28041"}],"wp:featuredmedia":[{"embeddable":true,"href":"https:\/\/arxisdemexico.com.mx\/arxis\/wp-json\/wp\/v2\/media\/28042"}],"wp:attachment":[{"href":"https:\/\/arxisdemexico.com.mx\/arxis\/wp-json\/wp\/v2\/media?parent=28041"}],"wp:term":[{"taxonomy":"product_brand","embeddable":true,"href":"https:\/\/arxisdemexico.com.mx\/arxis\/wp-json\/wp\/v2\/product_brand?post=28041"},{"taxonomy":"product_cat","embeddable":true,"href":"https:\/\/arxisdemexico.com.mx\/arxis\/wp-json\/wp\/v2\/product_cat?post=28041"},{"taxonomy":"product_tag","embeddable":true,"href":"https:\/\/arxisdemexico.com.mx\/arxis\/wp-json\/wp\/v2\/product_tag?post=28041"}],"curies":[{"name":"wp","href":"https:\/\/api.w.org\/{rel}","templated":true}]}}