{"id":28039,"date":"2018-10-25T15:58:46","date_gmt":"2018-10-25T20:58:46","guid":{"rendered":"http:\/\/www.arxisdemexico.com.mx\/arxis\/?post_type=product&#038;p=28039"},"modified":"2018-10-25T15:58:46","modified_gmt":"2018-10-25T20:58:46","slug":"conector-para-fibra-optica-st","status":"publish","type":"product","link":"https:\/\/arxisdemexico.com.mx\/arxis\/producto\/conector-para-fibra-optica-st\/","title":{"rendered":"CONECTOR PARA FIBRA \u00d3PTICA ST"},"content":{"rendered":"<p>Descripci\u00f3n:<br \/>\nLos conectores ST ConduNet emplean un sistema de anclaje por bayoneta<br \/>\nde medio giro fijado con un resorte, este mecanismo lo hace altamente<br \/>\nresistente a las vibraciones por lo que se recomienda para entornos en donde<br \/>\nla seguridad de conexi\u00f3n es cr\u00edtica. La f\u00e9rula de Zirconia de alta calidad<br \/>\nde 2.5 mm de di\u00e1metro permite asegurar que la fibra est\u00e9 correctamente<br \/>\ncentrada dentro del canal capilar logrando el mejor acoplamiento posible.<br \/>\nLos conectores ST ConduNet son sometidos peri\u00f3dicamente a pruebas<br \/>\n\u00f3pticas b\u00e1sicas, mec\u00e1nicas y ambientales realizadas por los procedimientos<br \/>\nnormales de control de calidad en planta lo cual nos permite garantizar la<br \/>\nmejor calidad en nuestros conectores ST.<\/p>\n","protected":false},"excerpt":{"rendered":"<p>Descripci\u00f3n: Los conectores ST ConduNet emplean un sistema de anclaje por bayoneta de medio giro fijado con un resorte, este mecanismo lo hace altamente resistente a las vibraciones por lo [&hellip;]<\/p>\n","protected":false},"featured_media":28040,"comment_status":"open","ping_status":"closed","template":"","meta":{"_et_pb_use_builder":"","_et_pb_old_content":"","_et_gb_content_width":""},"product_brand":[],"product_cat":[648,649,652],"product_tag":[507],"class_list":{"0":"post-28039","1":"product","2":"type-product","3":"status-publish","4":"has-post-thumbnail","6":"product_cat-cables","7":"product_cat-cables-armados-y-jumpers","8":"product_cat-redes","9":"product_tag-condumex","11":"first","12":"instock","13":"taxable","14":"shipping-taxable","15":"product-type-simple"},"_links":{"self":[{"href":"https:\/\/arxisdemexico.com.mx\/arxis\/wp-json\/wp\/v2\/product\/28039","targetHints":{"allow":["GET"]}}],"collection":[{"href":"https:\/\/arxisdemexico.com.mx\/arxis\/wp-json\/wp\/v2\/product"}],"about":[{"href":"https:\/\/arxisdemexico.com.mx\/arxis\/wp-json\/wp\/v2\/types\/product"}],"replies":[{"embeddable":true,"href":"https:\/\/arxisdemexico.com.mx\/arxis\/wp-json\/wp\/v2\/comments?post=28039"}],"wp:featuredmedia":[{"embeddable":true,"href":"https:\/\/arxisdemexico.com.mx\/arxis\/wp-json\/wp\/v2\/media\/28040"}],"wp:attachment":[{"href":"https:\/\/arxisdemexico.com.mx\/arxis\/wp-json\/wp\/v2\/media?parent=28039"}],"wp:term":[{"taxonomy":"product_brand","embeddable":true,"href":"https:\/\/arxisdemexico.com.mx\/arxis\/wp-json\/wp\/v2\/product_brand?post=28039"},{"taxonomy":"product_cat","embeddable":true,"href":"https:\/\/arxisdemexico.com.mx\/arxis\/wp-json\/wp\/v2\/product_cat?post=28039"},{"taxonomy":"product_tag","embeddable":true,"href":"https:\/\/arxisdemexico.com.mx\/arxis\/wp-json\/wp\/v2\/product_tag?post=28039"}],"curies":[{"name":"wp","href":"https:\/\/api.w.org\/{rel}","templated":true}]}}