{"id":28021,"date":"2018-10-25T15:45:54","date_gmt":"2018-10-25T20:45:54","guid":{"rendered":"http:\/\/www.arxisdemexico.com.mx\/arxis\/?post_type=product&#038;p=28021"},"modified":"2018-10-25T15:45:54","modified_gmt":"2018-10-25T20:45:54","slug":"cable-de-parcheo-utp-categoria-6","status":"publish","type":"product","link":"https:\/\/arxisdemexico.com.mx\/arxis\/producto\/cable-de-parcheo-utp-categoria-6\/","title":{"rendered":"CABLE DE PARCHEO UTP CATEGOR\u00cdA 6"},"content":{"rendered":"<p>Especificaciones:<br \/>\nLos cables de parcheo son fabricados con cable multifilar calibre 23 AWG<br \/>\nque permite la flexibilidad necesaria para las conexiones cruzadas, en los<br \/>\nextremos los cables de parcheo terminan en plugs RJ-45 que cumplen<br \/>\ncon el est\u00e1ndar IEC 60603-7 y para la liberaci\u00f3n del esfuerzo mec\u00e1nico del<br \/>\ncable en el plug se ensamblan con una bota moldeada del mismo color<br \/>\nque el forro del cable. Los cables de parcheo se pueden utilizar tanto como<br \/>\ncordones de parcheo como cordones de \u00e1rea de trabajo. Los cables de<br \/>\nparcheo ConduNet tienen las siguientes especificaciones y caracter\u00edsticas:<\/p>\n","protected":false},"excerpt":{"rendered":"<p>Especificaciones: Los cables de parcheo son fabricados con cable multifilar calibre 23 AWG que permite la flexibilidad necesaria para las conexiones cruzadas, en los extremos los cables de parcheo terminan [&hellip;]<\/p>\n","protected":false},"featured_media":28023,"comment_status":"open","ping_status":"closed","template":"","meta":{"_et_pb_use_builder":"","_et_pb_old_content":"","_et_gb_content_width":""},"product_brand":[],"product_cat":[648,649,652],"product_tag":[507],"class_list":{"0":"post-28021","1":"product","2":"type-product","3":"status-publish","4":"has-post-thumbnail","6":"product_cat-cables","7":"product_cat-cables-armados-y-jumpers","8":"product_cat-redes","9":"product_tag-condumex","11":"first","12":"instock","13":"taxable","14":"shipping-taxable","15":"product-type-simple"},"_links":{"self":[{"href":"https:\/\/arxisdemexico.com.mx\/arxis\/wp-json\/wp\/v2\/product\/28021","targetHints":{"allow":["GET"]}}],"collection":[{"href":"https:\/\/arxisdemexico.com.mx\/arxis\/wp-json\/wp\/v2\/product"}],"about":[{"href":"https:\/\/arxisdemexico.com.mx\/arxis\/wp-json\/wp\/v2\/types\/product"}],"replies":[{"embeddable":true,"href":"https:\/\/arxisdemexico.com.mx\/arxis\/wp-json\/wp\/v2\/comments?post=28021"}],"wp:featuredmedia":[{"embeddable":true,"href":"https:\/\/arxisdemexico.com.mx\/arxis\/wp-json\/wp\/v2\/media\/28023"}],"wp:attachment":[{"href":"https:\/\/arxisdemexico.com.mx\/arxis\/wp-json\/wp\/v2\/media?parent=28021"}],"wp:term":[{"taxonomy":"product_brand","embeddable":true,"href":"https:\/\/arxisdemexico.com.mx\/arxis\/wp-json\/wp\/v2\/product_brand?post=28021"},{"taxonomy":"product_cat","embeddable":true,"href":"https:\/\/arxisdemexico.com.mx\/arxis\/wp-json\/wp\/v2\/product_cat?post=28021"},{"taxonomy":"product_tag","embeddable":true,"href":"https:\/\/arxisdemexico.com.mx\/arxis\/wp-json\/wp\/v2\/product_tag?post=28021"}],"curies":[{"name":"wp","href":"https:\/\/api.w.org\/{rel}","templated":true}]}}