{"id":27989,"date":"2018-10-25T15:13:01","date_gmt":"2018-10-25T20:13:01","guid":{"rendered":"http:\/\/www.arxisdemexico.com.mx\/arxis\/?post_type=product&#038;p=27989"},"modified":"2018-10-25T15:13:02","modified_gmt":"2018-10-25T20:13:02","slug":"multiconductor-cl2-con-doble-blindaje","status":"publish","type":"product","link":"https:\/\/arxisdemexico.com.mx\/arxis\/producto\/multiconductor-cl2-con-doble-blindaje\/","title":{"rendered":"MULTICONDUCTOR CL2 CON DOBLE BLINDAJE"},"content":{"rendered":"<p>Descripci\u00f3n:<br \/>\n\u2022 Conductores multifilares de cobre<br \/>\n\u2022 Aislamiento de PVC con<br \/>\nidentificaci\u00f3n de polaridad<br \/>\nCertificaci\u00f3n:<br \/>\n\u2022 Sistema de Calidad ISO 9001:2008<br \/>\n\u2022 Producto listado bajo UL &amp; ETL<\/p>\n<p>Aplicaci\u00f3n:<br \/>\n\u2022 Conexi\u00f3n de equipo electr\u00f3nico y perif\u00e9rico<br \/>\npara computadoras.<br \/>\n&#8211; Fabricaci\u00f3n de arneses.<\/p>\n<p>Especificaciones:<br \/>\n\u2022 UL-758 estilo 2094<br \/>\n\u2022 UL-13 (Power limited cable)<br \/>\n\u2022 CSA C22.2 No. 210.2 (AWM T2)<br \/>\n\u2022 CSA C22.2 No. 0.3M 1985 (FT4)<\/p>\n<p>Descripci\u00f3n:<br \/>\n\u2022 Conductores multifilares de<br \/>\ncobre esta\u00f1ado<br \/>\n\u2022 Aislamiento de PVC semir\u00edgido<br \/>\n\u2022 Conductores aislados cableados<br \/>\n\u2022 Cinta de poli\u00e9ster aluminizado<br \/>\n\u2022 Conductor de tierra de cobre esta\u00f1ado<br \/>\n\u2022 Cubierta de PVC color gris<br \/>\nCORD\u00d3N FLEXIBLE D\u00daPLEX SPT<\/p>\n<p>Especificaciones:<br \/>\n\u2022 UL-62<br \/>\n\u2022 CSA C22.2 No. 49<\/p>\n<p>Aplicaci\u00f3n:<br \/>\n\u2022 Cable de alimentaci\u00f3n para equipo el\u00e9ctrico<br \/>\ncon aprobaci\u00f3n UL.<br \/>\nCertificaci\u00f3n:<br \/>\n\u2022 Sistema de Calidad ISO 9001:2008<br \/>\n\u2022 Producto listado bajo UL &amp; ETL<\/p>\n","protected":false},"excerpt":{"rendered":"<p>Descripci\u00f3n: \u2022 Conductores multifilares de cobre \u2022 Aislamiento de PVC con identificaci\u00f3n de polaridad Certificaci\u00f3n: \u2022 Sistema de Calidad ISO 9001:2008 \u2022 Producto listado bajo UL &amp; ETL Aplicaci\u00f3n: \u2022 [&hellip;]<\/p>\n","protected":false},"featured_media":27990,"comment_status":"open","ping_status":"closed","template":"","meta":{"_et_pb_use_builder":"","_et_pb_old_content":"","_et_gb_content_width":""},"product_brand":[],"product_cat":[648,649,653],"product_tag":[507],"class_list":{"0":"post-27989","1":"product","2":"type-product","3":"status-publish","4":"has-post-thumbnail","6":"product_cat-cables","7":"product_cat-cables-armados-y-jumpers","8":"product_cat-video","9":"product_tag-condumex","11":"first","12":"instock","13":"taxable","14":"shipping-taxable","15":"product-type-simple"},"_links":{"self":[{"href":"https:\/\/arxisdemexico.com.mx\/arxis\/wp-json\/wp\/v2\/product\/27989","targetHints":{"allow":["GET"]}}],"collection":[{"href":"https:\/\/arxisdemexico.com.mx\/arxis\/wp-json\/wp\/v2\/product"}],"about":[{"href":"https:\/\/arxisdemexico.com.mx\/arxis\/wp-json\/wp\/v2\/types\/product"}],"replies":[{"embeddable":true,"href":"https:\/\/arxisdemexico.com.mx\/arxis\/wp-json\/wp\/v2\/comments?post=27989"}],"wp:featuredmedia":[{"embeddable":true,"href":"https:\/\/arxisdemexico.com.mx\/arxis\/wp-json\/wp\/v2\/media\/27990"}],"wp:attachment":[{"href":"https:\/\/arxisdemexico.com.mx\/arxis\/wp-json\/wp\/v2\/media?parent=27989"}],"wp:term":[{"taxonomy":"product_brand","embeddable":true,"href":"https:\/\/arxisdemexico.com.mx\/arxis\/wp-json\/wp\/v2\/product_brand?post=27989"},{"taxonomy":"product_cat","embeddable":true,"href":"https:\/\/arxisdemexico.com.mx\/arxis\/wp-json\/wp\/v2\/product_cat?post=27989"},{"taxonomy":"product_tag","embeddable":true,"href":"https:\/\/arxisdemexico.com.mx\/arxis\/wp-json\/wp\/v2\/product_tag?post=27989"}],"curies":[{"name":"wp","href":"https:\/\/api.w.org\/{rel}","templated":true}]}}