{"id":27940,"date":"2018-10-24T17:38:21","date_gmt":"2018-10-24T22:38:21","guid":{"rendered":"http:\/\/www.arxisdemexico.com.mx\/arxis\/?post_type=product&#038;p=27940"},"modified":"2018-10-24T17:38:21","modified_gmt":"2018-10-24T22:38:21","slug":"cable-optico-para-distribucion-ofnr-om3","status":"publish","type":"product","link":"https:\/\/arxisdemexico.com.mx\/arxis\/producto\/cable-optico-para-distribucion-ofnr-om3\/","title":{"rendered":"CABLE \u00d3PTICO PARA DISTRIBUCI\u00d3N OFNR OM3"},"content":{"rendered":"<p>Descripci\u00f3n:<br \/>\n\u2022 Fibras \u00d3pticas: Multimodo 50\/125\u03bcm OM3<br \/>\n\u2022 Fibra \u00d3ptica con cubierta ce\u00f1ida (Tight) de PVC<br \/>\nen colores.<br \/>\n\u2022 Refuerzo Textil de Aramida, aplicado sobre la<br \/>\nFO Tight.<br \/>\n\u2022 Elemento central diel\u00e9ctrico de refuerzo.<br \/>\n\u2022 Cubierta del cable de PVC en color Aqua.<\/p>\n<p>Aplicaci\u00f3n:<br \/>\n\u2022 Cableado vertical dentro de edificios.<br \/>\n\u2022 Cableado horizontal dentro de edificios.<br \/>\n\u2022 Conectorizaci\u00f3n de equipos electr\u00f3nicos en<br \/>\ncentro de datos y \u00e1reas de trabajo.<\/p>\n<p>Propiedades:<br \/>\n\u2022 Medio de transmisi\u00f3n, sin problemas de inducci\u00f3n<br \/>\nen campos el\u00e9ctricos.<br \/>\n\u2022 Dise\u00f1o de di\u00e1metro reducido, lo que facilita el<br \/>\nmanejo e instalaci\u00f3n<\/p>\n<p>Especificaciones:<br \/>\n\u2022 ANSI\/TIA\/EIA 492AAAC-B<br \/>\n\u2022 ISO\/IEC OM3<br \/>\n\u2022 IEC 60793-2-10<br \/>\n\u2022 ISO\/IEC 11801<br \/>\n\u2022 ANSI\/TIA-598-C.3<br \/>\n\u2022 National Electrical Code\u00ae (NEC\u00ae) OFNR<\/p>\n<p>Certificaci\u00f3n:<br \/>\n\u2022 Sistema de Calidad ISO 9001:2008<br \/>\n\u2022 Producto listado bajo UL &amp; ETL<\/p>\n","protected":false},"excerpt":{"rendered":"<p>Descripci\u00f3n: \u2022 Fibras \u00d3pticas: Multimodo 50\/125\u03bcm OM3 \u2022 Fibra \u00d3ptica con cubierta ce\u00f1ida (Tight) de PVC en colores. \u2022 Refuerzo Textil de Aramida, aplicado sobre la FO Tight. \u2022 Elemento [&hellip;]<\/p>\n","protected":false},"featured_media":27941,"comment_status":"open","ping_status":"closed","template":"","meta":{"_et_pb_use_builder":"","_et_pb_old_content":"","_et_gb_content_width":""},"product_brand":[],"product_cat":[648,659,660],"product_tag":[507],"class_list":{"0":"post-27940","1":"product","2":"type-product","3":"status-publish","4":"has-post-thumbnail","6":"product_cat-cables","7":"product_cat-fibra-optica-cables","8":"product_cat-cable","9":"product_tag-condumex","11":"first","12":"instock","13":"taxable","14":"shipping-taxable","15":"product-type-simple"},"_links":{"self":[{"href":"https:\/\/arxisdemexico.com.mx\/arxis\/wp-json\/wp\/v2\/product\/27940","targetHints":{"allow":["GET"]}}],"collection":[{"href":"https:\/\/arxisdemexico.com.mx\/arxis\/wp-json\/wp\/v2\/product"}],"about":[{"href":"https:\/\/arxisdemexico.com.mx\/arxis\/wp-json\/wp\/v2\/types\/product"}],"replies":[{"embeddable":true,"href":"https:\/\/arxisdemexico.com.mx\/arxis\/wp-json\/wp\/v2\/comments?post=27940"}],"wp:featuredmedia":[{"embeddable":true,"href":"https:\/\/arxisdemexico.com.mx\/arxis\/wp-json\/wp\/v2\/media\/27941"}],"wp:attachment":[{"href":"https:\/\/arxisdemexico.com.mx\/arxis\/wp-json\/wp\/v2\/media?parent=27940"}],"wp:term":[{"taxonomy":"product_brand","embeddable":true,"href":"https:\/\/arxisdemexico.com.mx\/arxis\/wp-json\/wp\/v2\/product_brand?post=27940"},{"taxonomy":"product_cat","embeddable":true,"href":"https:\/\/arxisdemexico.com.mx\/arxis\/wp-json\/wp\/v2\/product_cat?post=27940"},{"taxonomy":"product_tag","embeddable":true,"href":"https:\/\/arxisdemexico.com.mx\/arxis\/wp-json\/wp\/v2\/product_tag?post=27940"}],"curies":[{"name":"wp","href":"https:\/\/api.w.org\/{rel}","templated":true}]}}