{"id":27890,"date":"2018-10-23T15:22:00","date_gmt":"2018-10-23T20:22:00","guid":{"rendered":"http:\/\/www.arxisdemexico.com.mx\/arxis\/?post_type=product&#038;p=27890"},"modified":"2018-11-23T12:00:44","modified_gmt":"2018-11-23T18:00:44","slug":"ifp1000","status":"publish","type":"product","link":"https:\/\/arxisdemexico.com.mx\/arxis\/producto\/ifp1000\/","title":{"rendered":"Panel de detecci\u00f3n de Incendio an\u00e1logo IFP1000"},"content":{"rendered":"<p><b>Sistema<\/b><br \/>\n2 Formas de Programaci\u00f3n (teclado, directa up\/downloading v\u00eda PC).<br \/>\n8 Teclados soportados.<br \/>\nBit\u00e1cora de 1000 eventos.<br \/>\n6 circuitos flexputs.<br \/>\nDistribuci\u00f3n inteligente de potencia.<br \/>\nCompensaci\u00f3n ambiental.<br \/>\nSensibilidad de dispositivos programables.<br \/>\nCaracter\u00edsticas avanzadas de detecci\u00f3n, (compensaci\u00f3n ambiental, regi\u00f3n de mantenimiento, elimina la calibraci\u00f3n del estado del sensor por requerimiento de la NFPA 72 de la prueba de humo.)<br \/>\nPatrones de cadencia para notificaci\u00f3n.<br \/>\nTeclado anunciador integrado en el panel.<br \/>\nFunci\u00f3n Jumpstart para f\u00e1cil programaci\u00f3n.<br \/>\nLazo RS-485 para comunicaci\u00f3n con perif\u00e9ricos.<br \/>\nPuerto RS232 para programaci\u00f3n v\u00eda PC.<br \/>\nComunicador digital integrado.<br \/>\nUn relevador dedicado a problema @ 24 Vcd. 2.5 A.<br \/>\nDos relevadores programables @ 24 Vcd. 2.5 A.<br \/>\nNo requiere cable blindado o trenzado, debido a que utiliza protocolo de comunicaci\u00f3n digital.<br \/>\nAprobado por NFPA y listado UL.<br \/>\nRequiere de 2 bater\u00edas de 12 Vcd (no incluidas).<br \/>\nRequiere software para programaci\u00f3n: 5650 para puerto USB, \u00f3 5651 para puerto serial.<br \/>\nAlimentaci\u00f3n : 110 Vca.<\/p>\n<p><b>Zonas<\/b><br \/>\n127 puntos de protecci\u00f3n an\u00e1logo-direccionables.<br \/>\n125 zonas en Software.<br \/>\n250 grupos de salida.<br \/>\nSLC expandible a un total de 8 ( requiere m\u00f3dulo expansor 5815XL )<br \/>\nCapacidad de mapeo.<\/p>\n<p><b>Usuarios<\/b><br \/>\n20 C\u00f3digos de usuarios.<br \/>\nInformaci\u00f3n en teclado de:<br \/>\n&#8211; Estatus del sistema<br \/>\n&#8211; Alarma general<br \/>\n&#8211; Problemas<br \/>\n&#8211; Hora y fecha<\/p>\n<p><b>Comunicaci\u00f3n<\/b><br \/>\nFormatos de comunicaci\u00f3n soportados<br \/>\n&#8211; Contact \/ ID<br \/>\n&#8211; SIA<br \/>\n&#8211; SIA-20<\/p>\n<p><b>Incluye<\/b><br \/>\nSLC expandible a un total de 8 (Requiere m\u00f3dulo expansor 5815XL).<br \/>\nHasta 1016 puntos de protecci\u00f3n An\u00e1logos \/ direccionales<br \/>\nFuente de alimentaci\u00f3n de 6 A a 24 Vcd.<br \/>\nSeis circuitos Flexput<br \/>\nRequiere software para programaci\u00f3n por PC.<\/p>\n","protected":false},"excerpt":{"rendered":"<p>Sistema 2 Formas de Programaci\u00f3n (teclado, directa up\/downloading v\u00eda PC). 8 Teclados soportados. Bit\u00e1cora de 1000 eventos. 6 circuitos flexputs. Distribuci\u00f3n inteligente de potencia. Compensaci\u00f3n ambiental. Sensibilidad de dispositivos programables. [&hellip;]<\/p>\n","protected":false},"featured_media":27891,"comment_status":"open","ping_status":"closed","template":"","meta":{"_et_pb_use_builder":"","_et_pb_old_content":"","_et_gb_content_width":""},"product_brand":[],"product_cat":[700,705,707],"product_tag":[798],"class_list":{"0":"post-27890","1":"product","2":"type-product","3":"status-publish","4":"has-post-thumbnail","6":"product_cat-incendio","7":"product_cat-paneles-incendio","8":"product_cat-panel-paneles-incendio","9":"product_tag-honeywell","11":"first","12":"instock","13":"taxable","14":"shipping-taxable","15":"product-type-simple"},"_links":{"self":[{"href":"https:\/\/arxisdemexico.com.mx\/arxis\/wp-json\/wp\/v2\/product\/27890","targetHints":{"allow":["GET"]}}],"collection":[{"href":"https:\/\/arxisdemexico.com.mx\/arxis\/wp-json\/wp\/v2\/product"}],"about":[{"href":"https:\/\/arxisdemexico.com.mx\/arxis\/wp-json\/wp\/v2\/types\/product"}],"replies":[{"embeddable":true,"href":"https:\/\/arxisdemexico.com.mx\/arxis\/wp-json\/wp\/v2\/comments?post=27890"}],"wp:featuredmedia":[{"embeddable":true,"href":"https:\/\/arxisdemexico.com.mx\/arxis\/wp-json\/wp\/v2\/media\/27891"}],"wp:attachment":[{"href":"https:\/\/arxisdemexico.com.mx\/arxis\/wp-json\/wp\/v2\/media?parent=27890"}],"wp:term":[{"taxonomy":"product_brand","embeddable":true,"href":"https:\/\/arxisdemexico.com.mx\/arxis\/wp-json\/wp\/v2\/product_brand?post=27890"},{"taxonomy":"product_cat","embeddable":true,"href":"https:\/\/arxisdemexico.com.mx\/arxis\/wp-json\/wp\/v2\/product_cat?post=27890"},{"taxonomy":"product_tag","embeddable":true,"href":"https:\/\/arxisdemexico.com.mx\/arxis\/wp-json\/wp\/v2\/product_tag?post=27890"}],"curies":[{"name":"wp","href":"https:\/\/api.w.org\/{rel}","templated":true}]}}