{"id":27880,"date":"2018-10-23T12:10:59","date_gmt":"2018-10-23T17:10:59","guid":{"rendered":"http:\/\/www.arxisdemexico.com.mx\/arxis\/?post_type=product&#038;p=27880"},"modified":"2018-10-23T12:35:40","modified_gmt":"2018-10-23T17:35:40","slug":"estacion-manual-de-accion-simple-idppullsa","status":"publish","type":"product","link":"https:\/\/arxisdemexico.com.mx\/arxis\/producto\/estacion-manual-de-accion-simple-idppullsa\/","title":{"rendered":"Estaci\u00f3n Manual de Acci\u00f3n Simple IDPPULLSA"},"content":{"rendered":"<p><strong><em>Serie Avanzada IDP de Detectores y M\u00f3dulos\u00a0<\/em><\/strong><strong><em>para paneles Silent Knight<\/em><\/strong><\/p>\n<p>Los Detectores y M\u00f3dulos de las series IDP, son dispositivos inteligentes direccionables para\u00a0 uso con los paneles An\u00e1logos-Direccionables de Silent Knight. Se comunican con el Panel de Incendio a trav\u00e9s del Circuito de L\u00ednea de Se\u00f1alizaci\u00f3n (SLC) utilizando una conexi\u00f3n a dos hilos, no se requiere cable blindado o trenzado, hasta 99 detectores y 99 m\u00f3dulos pueden ser conectados por cada lazo (el panel IFP2000 puede tener hasta a 159 detectores y 159 m\u00f3dulos por cada lazo). Cualquier combinaci\u00f3n de dispositivos direccionables IDP pueden ser utilizado en un solo lazo SLC.<\/p>\n<p>\u2022 Una sola acci\u00f3n<br \/>\n\u2022\u00a0LED de estado: Verde en estado normal\u00a0y Rojo en alarma<br \/>\n\u2022 Totalmente supervisada<br \/>\n\u2022\u00a0<strong>Interruptores de direcci\u00f3n por rotaci\u00f3n para una instalaci\u00f3n r\u00e1pida<\/strong><br \/>\n\u2022\u00a0<strong>Listado UL<\/strong><\/p>\n<p><strong>Nota Importante: La serie IDP solo es compatible con los paneles IFP1000 \u00f3 IFP2000<\/strong><\/p>\n","protected":false},"excerpt":{"rendered":"<p>Serie Avanzada IDP de Detectores y M\u00f3dulos\u00a0para paneles Silent Knight Los Detectores y M\u00f3dulos de las series IDP, son dispositivos inteligentes direccionables para\u00a0 uso con los paneles An\u00e1logos-Direccionables de Silent [&hellip;]<\/p>\n","protected":false},"featured_media":27881,"comment_status":"open","ping_status":"closed","template":"","meta":{"_et_pb_use_builder":"","_et_pb_old_content":"","_et_gb_content_width":""},"product_brand":[],"product_cat":[700,705,799],"product_tag":[798],"class_list":{"0":"post-27880","1":"product","2":"type-product","3":"status-publish","4":"has-post-thumbnail","6":"product_cat-incendio","7":"product_cat-paneles-incendio","8":"product_cat-activadores","9":"product_tag-honeywell","11":"first","12":"instock","13":"taxable","14":"shipping-taxable","15":"product-type-simple"},"_links":{"self":[{"href":"https:\/\/arxisdemexico.com.mx\/arxis\/wp-json\/wp\/v2\/product\/27880","targetHints":{"allow":["GET"]}}],"collection":[{"href":"https:\/\/arxisdemexico.com.mx\/arxis\/wp-json\/wp\/v2\/product"}],"about":[{"href":"https:\/\/arxisdemexico.com.mx\/arxis\/wp-json\/wp\/v2\/types\/product"}],"replies":[{"embeddable":true,"href":"https:\/\/arxisdemexico.com.mx\/arxis\/wp-json\/wp\/v2\/comments?post=27880"}],"wp:featuredmedia":[{"embeddable":true,"href":"https:\/\/arxisdemexico.com.mx\/arxis\/wp-json\/wp\/v2\/media\/27881"}],"wp:attachment":[{"href":"https:\/\/arxisdemexico.com.mx\/arxis\/wp-json\/wp\/v2\/media?parent=27880"}],"wp:term":[{"taxonomy":"product_brand","embeddable":true,"href":"https:\/\/arxisdemexico.com.mx\/arxis\/wp-json\/wp\/v2\/product_brand?post=27880"},{"taxonomy":"product_cat","embeddable":true,"href":"https:\/\/arxisdemexico.com.mx\/arxis\/wp-json\/wp\/v2\/product_cat?post=27880"},{"taxonomy":"product_tag","embeddable":true,"href":"https:\/\/arxisdemexico.com.mx\/arxis\/wp-json\/wp\/v2\/product_tag?post=27880"}],"curies":[{"name":"wp","href":"https:\/\/api.w.org\/{rel}","templated":true}]}}