{"id":27874,"date":"2018-10-23T10:45:42","date_gmt":"2018-10-23T15:45:42","guid":{"rendered":"http:\/\/www.arxisdemexico.com.mx\/arxis\/?post_type=product&#038;p=27874"},"modified":"2018-11-23T12:10:54","modified_gmt":"2018-11-23T18:10:54","slug":"27874","status":"publish","type":"product","link":"https:\/\/arxisdemexico.com.mx\/arxis\/producto\/27874\/","title":{"rendered":"Panel de detecci\u00f3n Inteligente 5808 SILENT KNIGHT"},"content":{"rendered":"<p>Caracter\u00edsticas y Beneficios<\/p>\n<ul>\n<li>Soporte incorporado para hasta 99 detectores SK y 99 m\u00f3dulos SK creando una capacidad total de puntos de 198 puntos (versi\u00f3n 10.0 y superior).<\/li>\n<li>Soporte incorporado para hasta cualquier combinaci\u00f3n de 127 dispositivos.<\/li>\n<li>SD Comunicador \/ dialer digital incorporado.<\/li>\n<li>Utiliza cable est\u00e1ndar, no se requiere par blindado ni retorcido.<\/li>\n<li>Circuitos de notificaci\u00f3n configurables como dos Clase A (Estilo Z) o cuatro Clase B (Estilo Y), o auxiliares para la alimentaci\u00f3n con restablecimiento, constante o soporte de la puerta.<\/li>\n<li>El estado de los puntos cumple con los requisitos de prueba de humo calibrados para NFPA 72 .<\/li>\n<li>Un rel\u00e9 de problema de forma C y dos rel\u00e9s programables de forma C.<\/li>\n<li>Sincronizaci\u00f3n incorporada para m\u00faltiples fabricantes de dispositivos de notificaci\u00f3n.<\/li>\n<li>RS-485 SBUS proporciona comunicaci\u00f3n a accesorios de sistemas distribuidos inteligentes.<\/li>\n<\/ul>\n","protected":false},"excerpt":{"rendered":"<p>Caracter\u00edsticas y Beneficios Soporte incorporado para hasta 99 detectores SK y 99 m\u00f3dulos SK creando una capacidad total de puntos de 198 puntos (versi\u00f3n 10.0 y superior). Soporte incorporado para [&hellip;]<\/p>\n","protected":false},"featured_media":27875,"comment_status":"open","ping_status":"closed","template":"","meta":{"_et_pb_use_builder":"","_et_pb_old_content":"","_et_gb_content_width":""},"product_brand":[],"product_cat":[700,705,707],"product_tag":[798],"class_list":{"0":"post-27874","1":"product","2":"type-product","3":"status-publish","4":"has-post-thumbnail","6":"product_cat-incendio","7":"product_cat-paneles-incendio","8":"product_cat-panel-paneles-incendio","9":"product_tag-honeywell","11":"first","12":"instock","13":"taxable","14":"shipping-taxable","15":"product-type-simple"},"_links":{"self":[{"href":"https:\/\/arxisdemexico.com.mx\/arxis\/wp-json\/wp\/v2\/product\/27874","targetHints":{"allow":["GET"]}}],"collection":[{"href":"https:\/\/arxisdemexico.com.mx\/arxis\/wp-json\/wp\/v2\/product"}],"about":[{"href":"https:\/\/arxisdemexico.com.mx\/arxis\/wp-json\/wp\/v2\/types\/product"}],"replies":[{"embeddable":true,"href":"https:\/\/arxisdemexico.com.mx\/arxis\/wp-json\/wp\/v2\/comments?post=27874"}],"wp:featuredmedia":[{"embeddable":true,"href":"https:\/\/arxisdemexico.com.mx\/arxis\/wp-json\/wp\/v2\/media\/27875"}],"wp:attachment":[{"href":"https:\/\/arxisdemexico.com.mx\/arxis\/wp-json\/wp\/v2\/media?parent=27874"}],"wp:term":[{"taxonomy":"product_brand","embeddable":true,"href":"https:\/\/arxisdemexico.com.mx\/arxis\/wp-json\/wp\/v2\/product_brand?post=27874"},{"taxonomy":"product_cat","embeddable":true,"href":"https:\/\/arxisdemexico.com.mx\/arxis\/wp-json\/wp\/v2\/product_cat?post=27874"},{"taxonomy":"product_tag","embeddable":true,"href":"https:\/\/arxisdemexico.com.mx\/arxis\/wp-json\/wp\/v2\/product_tag?post=27874"}],"curies":[{"name":"wp","href":"https:\/\/api.w.org\/{rel}","templated":true}]}}