{"id":27671,"date":"2018-10-15T14:23:04","date_gmt":"2018-10-15T19:23:04","guid":{"rendered":"http:\/\/www.arxisdemexico.com.mx\/arxis\/?post_type=product&#038;p=27671"},"modified":"2019-02-26T17:48:45","modified_gmt":"2019-02-26T23:48:45","slug":"boton-inalambrico-adicional-1-boton-de-panico-tipo-llavero-con-transmisor-inalambrico-y-lampara-indicadora-lv-3-v2","status":"publish","type":"product","link":"https:\/\/arxisdemexico.com.mx\/arxis\/producto\/boton-inalambrico-adicional-1-boton-de-panico-tipo-llavero-con-transmisor-inalambrico-y-lampara-indicadora-lv-3-v2\/","title":{"rendered":"Bot\u00f3n inal\u00e1mbrico adicional LV-3 V2"},"content":{"rendered":"<ul>\n<li>1 Bot\u00f3n de p\u00e1nico tipo llavero con transmisor inal\u00e1mbrico y l\u00e1mpara indicadora.<\/li>\n<li>D: 3.5 (A) x 5.8 (L) x 1.3 (P) cm.<\/li>\n<\/ul>\n","protected":false},"excerpt":{"rendered":"<ul>\n<li>1 Bot\u00f3n de p\u00e1nico tipo llavero con transmisor inal\u00e1mbrico y l\u00e1mpara indicadora.<\/li>\n<\/ul>\n","protected":false},"featured_media":28750,"comment_status":"open","ping_status":"closed","template":"","meta":{"_et_pb_use_builder":"","_et_pb_old_content":"","_et_gb_content_width":""},"product_brand":[],"product_cat":[677,685],"product_tag":[492],"class_list":{"0":"post-27671","1":"product","2":"type-product","3":"status-publish","4":"has-post-thumbnail","6":"product_cat-intrusion","7":"product_cat-alarma","8":"product_tag-intec","10":"first","11":"instock","12":"taxable","13":"shipping-taxable","14":"product-type-simple"},"_links":{"self":[{"href":"https:\/\/arxisdemexico.com.mx\/arxis\/wp-json\/wp\/v2\/product\/27671","targetHints":{"allow":["GET"]}}],"collection":[{"href":"https:\/\/arxisdemexico.com.mx\/arxis\/wp-json\/wp\/v2\/product"}],"about":[{"href":"https:\/\/arxisdemexico.com.mx\/arxis\/wp-json\/wp\/v2\/types\/product"}],"replies":[{"embeddable":true,"href":"https:\/\/arxisdemexico.com.mx\/arxis\/wp-json\/wp\/v2\/comments?post=27671"}],"wp:featuredmedia":[{"embeddable":true,"href":"https:\/\/arxisdemexico.com.mx\/arxis\/wp-json\/wp\/v2\/media\/28750"}],"wp:attachment":[{"href":"https:\/\/arxisdemexico.com.mx\/arxis\/wp-json\/wp\/v2\/media?parent=27671"}],"wp:term":[{"taxonomy":"product_brand","embeddable":true,"href":"https:\/\/arxisdemexico.com.mx\/arxis\/wp-json\/wp\/v2\/product_brand?post=27671"},{"taxonomy":"product_cat","embeddable":true,"href":"https:\/\/arxisdemexico.com.mx\/arxis\/wp-json\/wp\/v2\/product_cat?post=27671"},{"taxonomy":"product_tag","embeddable":true,"href":"https:\/\/arxisdemexico.com.mx\/arxis\/wp-json\/wp\/v2\/product_tag?post=27671"}],"curies":[{"name":"wp","href":"https:\/\/api.w.org\/{rel}","templated":true}]}}