{"id":27661,"date":"2018-10-15T12:54:50","date_gmt":"2018-10-15T17:54:50","guid":{"rendered":"http:\/\/www.arxisdemexico.com.mx\/arxis\/?post_type=product&#038;p=27661"},"modified":"2019-02-27T18:17:57","modified_gmt":"2019-02-28T00:17:57","slug":"aisladores-24-pzas-y-tornilleria-para-su-instalacion-csa-24","status":"publish","type":"product","link":"https:\/\/arxisdemexico.com.mx\/arxis\/producto\/aisladores-24-pzas-y-tornilleria-para-su-instalacion-csa-24\/","title":{"rendered":"Aisladores y torniller\u00eda para su instalaci\u00f3n. CSA-24"},"content":{"rendered":"<p>Aisladores (24 pzas.) y torniller\u00eda para su instalaci\u00f3n<\/p>\n","protected":false},"excerpt":{"rendered":"<p>Aisladores para montar en poste o en pared.<\/p>\n","protected":false},"featured_media":28754,"comment_status":"open","ping_status":"closed","template":"","meta":{"_et_pb_use_builder":"","_et_pb_old_content":"","_et_gb_content_width":""},"product_brand":[],"product_cat":[677,682,683],"product_tag":[492],"class_list":{"0":"post-27661","1":"product","2":"type-product","3":"status-publish","4":"has-post-thumbnail","6":"product_cat-intrusion","7":"product_cat-cercas","8":"product_cat-accesorios-cercas","9":"product_tag-intec","11":"first","12":"instock","13":"taxable","14":"shipping-taxable","15":"product-type-simple"},"_links":{"self":[{"href":"https:\/\/arxisdemexico.com.mx\/arxis\/wp-json\/wp\/v2\/product\/27661","targetHints":{"allow":["GET"]}}],"collection":[{"href":"https:\/\/arxisdemexico.com.mx\/arxis\/wp-json\/wp\/v2\/product"}],"about":[{"href":"https:\/\/arxisdemexico.com.mx\/arxis\/wp-json\/wp\/v2\/types\/product"}],"replies":[{"embeddable":true,"href":"https:\/\/arxisdemexico.com.mx\/arxis\/wp-json\/wp\/v2\/comments?post=27661"}],"wp:featuredmedia":[{"embeddable":true,"href":"https:\/\/arxisdemexico.com.mx\/arxis\/wp-json\/wp\/v2\/media\/28754"}],"wp:attachment":[{"href":"https:\/\/arxisdemexico.com.mx\/arxis\/wp-json\/wp\/v2\/media?parent=27661"}],"wp:term":[{"taxonomy":"product_brand","embeddable":true,"href":"https:\/\/arxisdemexico.com.mx\/arxis\/wp-json\/wp\/v2\/product_brand?post=27661"},{"taxonomy":"product_cat","embeddable":true,"href":"https:\/\/arxisdemexico.com.mx\/arxis\/wp-json\/wp\/v2\/product_cat?post=27661"},{"taxonomy":"product_tag","embeddable":true,"href":"https:\/\/arxisdemexico.com.mx\/arxis\/wp-json\/wp\/v2\/product_tag?post=27661"}],"curies":[{"name":"wp","href":"https:\/\/api.w.org\/{rel}","templated":true}]}}