{"id":27617,"date":"2018-10-15T10:57:27","date_gmt":"2018-10-15T15:57:27","guid":{"rendered":"http:\/\/www.arxisdemexico.com.mx\/arxis\/?post_type=product&#038;p=27617"},"modified":"2018-10-22T17:18:58","modified_gmt":"2018-10-22T22:18:58","slug":"calisto-620-p620","status":"publish","type":"product","link":"https:\/\/arxisdemexico.com.mx\/arxis\/producto\/calisto-620-p620\/","title":{"rendered":"Calisto 620 P620"},"content":{"rendered":"<p>El tel\u00e9fono con altavoz Calisto 620 es un tel\u00e9fono<br \/>\ncompletamente inal\u00e1mbrico dise\u00f1ado para<br \/>\nadministrar las comunicaciones de su PC,<br \/>\nsmartphone o tablet sin problemas. Es ideal para<br \/>\nllamadas en conferencia espont\u00e1neas o largas<br \/>\nsesiones de trabajo. Tambi\u00e9n ofrece claridad de<br \/>\naudio inigualable con micr\u00f3fonos bidireccionales<br \/>\ninteligentes que se activan en la direcci\u00f3n de la<br \/>\nvoz del hablante y cobertura de ambiente de 360<br \/>\ngrados con reducci\u00f3n del ruido de fondo.<\/p>\n","protected":false},"excerpt":{"rendered":"<p>El tel\u00e9fono con altavoz Calisto 620 es un tel\u00e9fono completamente inal\u00e1mbrico dise\u00f1ado para administrar las comunicaciones de su PC, smartphone o tablet sin problemas. Es ideal para llamadas en conferencia [&hellip;]<\/p>\n","protected":false},"featured_media":27620,"comment_status":"open","ping_status":"closed","template":"","meta":{"_et_pb_use_builder":"","_et_pb_old_content":"","_et_gb_content_width":""},"product_brand":[],"product_cat":[745,767,793],"product_tag":[510],"class_list":{"0":"post-27617","1":"product","2":"type-product","3":"status-publish","4":"has-post-thumbnail","6":"product_cat-redes-2","7":"product_cat-telefonia","8":"product_cat-telefonos","9":"product_tag-plantronics","11":"first","12":"instock","13":"taxable","14":"shipping-taxable","15":"product-type-simple"},"_links":{"self":[{"href":"https:\/\/arxisdemexico.com.mx\/arxis\/wp-json\/wp\/v2\/product\/27617","targetHints":{"allow":["GET"]}}],"collection":[{"href":"https:\/\/arxisdemexico.com.mx\/arxis\/wp-json\/wp\/v2\/product"}],"about":[{"href":"https:\/\/arxisdemexico.com.mx\/arxis\/wp-json\/wp\/v2\/types\/product"}],"replies":[{"embeddable":true,"href":"https:\/\/arxisdemexico.com.mx\/arxis\/wp-json\/wp\/v2\/comments?post=27617"}],"wp:featuredmedia":[{"embeddable":true,"href":"https:\/\/arxisdemexico.com.mx\/arxis\/wp-json\/wp\/v2\/media\/27620"}],"wp:attachment":[{"href":"https:\/\/arxisdemexico.com.mx\/arxis\/wp-json\/wp\/v2\/media?parent=27617"}],"wp:term":[{"taxonomy":"product_brand","embeddable":true,"href":"https:\/\/arxisdemexico.com.mx\/arxis\/wp-json\/wp\/v2\/product_brand?post=27617"},{"taxonomy":"product_cat","embeddable":true,"href":"https:\/\/arxisdemexico.com.mx\/arxis\/wp-json\/wp\/v2\/product_cat?post=27617"},{"taxonomy":"product_tag","embeddable":true,"href":"https:\/\/arxisdemexico.com.mx\/arxis\/wp-json\/wp\/v2\/product_tag?post=27617"}],"curies":[{"name":"wp","href":"https:\/\/api.w.org\/{rel}","templated":true}]}}