{"id":27612,"date":"2018-10-15T10:50:42","date_gmt":"2018-10-15T15:50:42","guid":{"rendered":"http:\/\/www.arxisdemexico.com.mx\/arxis\/?post_type=product&#038;p=27612"},"modified":"2018-10-15T10:50:43","modified_gmt":"2018-10-15T15:50:43","slug":"serie-blackwire-500-c510","status":"publish","type":"product","link":"https:\/\/arxisdemexico.com.mx\/arxis\/producto\/serie-blackwire-500-c510\/","title":{"rendered":"Serie Blackwire 500 C510"},"content":{"rendered":"<p>Los auriculares USB con cable Serie Blackwire 500 son la mejor opci\u00f3n para<br \/>\naquellos que necesitan claridad de sonido inigualable, comodidad todo el d\u00eda<br \/>\ny portabilidad, todo en un paquete duradero. Cuando llegue una llamada, solo<br \/>\ncol\u00f3quese el auricular. Con audio de banda ancha, micr\u00f3fono con anulaci\u00f3n<br \/>\nde ruido y est\u00e9reo de alta fidelidad, siempre obtendr\u00e1 un audio claro, natural y<br \/>\nenriquecido. La caracter\u00edstica de ecualizaci\u00f3n din\u00e1mica optimiza la calidad<br \/>\ndel sonido y ajusta la configuraci\u00f3n en un abrir y cerrar de ojos, creando un<br \/>\nsonido excepcional para voz, m\u00fasica y reproducci\u00f3n multimedia.<\/p>\n","protected":false},"excerpt":{"rendered":"<p>Los auriculares USB con cable Serie Blackwire 500 son la mejor opci\u00f3n para aquellos que necesitan claridad de sonido inigualable, comodidad todo el d\u00eda y portabilidad, todo en un paquete [&hellip;]<\/p>\n","protected":false},"featured_media":27616,"comment_status":"open","ping_status":"closed","template":"","meta":{"_et_pb_use_builder":"","_et_pb_old_content":"","_et_gb_content_width":""},"product_brand":[],"product_cat":[745,767,768],"product_tag":[510],"class_list":{"0":"post-27612","1":"product","2":"type-product","3":"status-publish","4":"has-post-thumbnail","6":"product_cat-redes-2","7":"product_cat-telefonia","8":"product_cat-accesorios-telefonia","9":"product_tag-plantronics","11":"first","12":"instock","13":"taxable","14":"shipping-taxable","15":"product-type-simple"},"_links":{"self":[{"href":"https:\/\/arxisdemexico.com.mx\/arxis\/wp-json\/wp\/v2\/product\/27612","targetHints":{"allow":["GET"]}}],"collection":[{"href":"https:\/\/arxisdemexico.com.mx\/arxis\/wp-json\/wp\/v2\/product"}],"about":[{"href":"https:\/\/arxisdemexico.com.mx\/arxis\/wp-json\/wp\/v2\/types\/product"}],"replies":[{"embeddable":true,"href":"https:\/\/arxisdemexico.com.mx\/arxis\/wp-json\/wp\/v2\/comments?post=27612"}],"wp:featuredmedia":[{"embeddable":true,"href":"https:\/\/arxisdemexico.com.mx\/arxis\/wp-json\/wp\/v2\/media\/27616"}],"wp:attachment":[{"href":"https:\/\/arxisdemexico.com.mx\/arxis\/wp-json\/wp\/v2\/media?parent=27612"}],"wp:term":[{"taxonomy":"product_brand","embeddable":true,"href":"https:\/\/arxisdemexico.com.mx\/arxis\/wp-json\/wp\/v2\/product_brand?post=27612"},{"taxonomy":"product_cat","embeddable":true,"href":"https:\/\/arxisdemexico.com.mx\/arxis\/wp-json\/wp\/v2\/product_cat?post=27612"},{"taxonomy":"product_tag","embeddable":true,"href":"https:\/\/arxisdemexico.com.mx\/arxis\/wp-json\/wp\/v2\/product_tag?post=27612"}],"curies":[{"name":"wp","href":"https:\/\/api.w.org\/{rel}","templated":true}]}}