{"id":27594,"date":"2018-10-13T13:26:58","date_gmt":"2018-10-13T18:26:58","guid":{"rendered":"http:\/\/www.arxisdemexico.com.mx\/arxis\/?post_type=product&#038;p=27594"},"modified":"2018-10-13T13:26:59","modified_gmt":"2018-10-13T18:26:59","slug":"gabinete-mural-4ur-abatible-usd-gma-6504ur-ab","status":"publish","type":"product","link":"https:\/\/arxisdemexico.com.mx\/arxis\/producto\/gabinete-mural-4ur-abatible-usd-gma-6504ur-ab\/","title":{"rendered":"Gabinete mural 4UR Abatible USD GMA-6504UR-AB"},"content":{"rendered":"<p>Dise\u00f1o vanguardista y fabricado en Acero al carb\u00f3n rolado en fr\u00edo calidad 1008 o 1010.<br \/>\nFabricado en alturas de 4UR fijas.<br \/>\nAcabado en pintura de polvo electrost\u00e1tica color Negro.<br \/>\nProvisto con punzonado para ventilaci\u00f3n forzada.<br \/>\nBarrenos para fijaci\u00f3n mural.<br \/>\nPanel trasero abatible.<br \/>\nCumple con normas EIA.<\/p>\n<p>Dimensiones F\u00edsicas:<br \/>\n596 mm Frente<br \/>\n550 mm Fondo<br \/>\n265 mm Altura<\/p>\n","protected":false},"excerpt":{"rendered":"<p>Dise\u00f1o vanguardista y fabricado en Acero al carb\u00f3n rolado en fr\u00edo calidad 1008 o 1010. Fabricado en alturas de 4UR fijas. Acabado en pintura de polvo electrost\u00e1tica color Negro. Provisto [&hellip;]<\/p>\n","protected":false},"featured_media":27595,"comment_status":"open","ping_status":"closed","template":"","meta":{"_et_pb_use_builder":"","_et_pb_old_content":"","_et_gb_content_width":""},"product_brand":[],"product_cat":[708,736,738],"product_tag":[],"class_list":{"0":"post-27594","1":"product","2":"type-product","3":"status-publish","4":"has-post-thumbnail","6":"product_cat-infraestructura","7":"product_cat-gabinetes-y-racks","8":"product_cat-gabinetes","10":"first","11":"instock","12":"taxable","13":"shipping-taxable","14":"product-type-simple"},"_links":{"self":[{"href":"https:\/\/arxisdemexico.com.mx\/arxis\/wp-json\/wp\/v2\/product\/27594","targetHints":{"allow":["GET"]}}],"collection":[{"href":"https:\/\/arxisdemexico.com.mx\/arxis\/wp-json\/wp\/v2\/product"}],"about":[{"href":"https:\/\/arxisdemexico.com.mx\/arxis\/wp-json\/wp\/v2\/types\/product"}],"replies":[{"embeddable":true,"href":"https:\/\/arxisdemexico.com.mx\/arxis\/wp-json\/wp\/v2\/comments?post=27594"}],"wp:featuredmedia":[{"embeddable":true,"href":"https:\/\/arxisdemexico.com.mx\/arxis\/wp-json\/wp\/v2\/media\/27595"}],"wp:attachment":[{"href":"https:\/\/arxisdemexico.com.mx\/arxis\/wp-json\/wp\/v2\/media?parent=27594"}],"wp:term":[{"taxonomy":"product_brand","embeddable":true,"href":"https:\/\/arxisdemexico.com.mx\/arxis\/wp-json\/wp\/v2\/product_brand?post=27594"},{"taxonomy":"product_cat","embeddable":true,"href":"https:\/\/arxisdemexico.com.mx\/arxis\/wp-json\/wp\/v2\/product_cat?post=27594"},{"taxonomy":"product_tag","embeddable":true,"href":"https:\/\/arxisdemexico.com.mx\/arxis\/wp-json\/wp\/v2\/product_tag?post=27594"}],"curies":[{"name":"wp","href":"https:\/\/api.w.org\/{rel}","templated":true}]}}