{"id":27515,"date":"2018-10-12T17:59:06","date_gmt":"2018-10-12T22:59:06","guid":{"rendered":"http:\/\/www.arxisdemexico.com.mx\/arxis\/?post_type=product&#038;p=27515"},"modified":"2018-10-23T18:13:51","modified_gmt":"2018-10-23T23:13:51","slug":"ipr-8000-portero-residencial","status":"publish","type":"product","link":"https:\/\/arxisdemexico.com.mx\/arxis\/producto\/ipr-8000-portero-residencial\/","title":{"rendered":"Portero Residencial IPR 8000"},"content":{"rendered":"<p>Permite conversar con quien est\u00e1 llamando y abrir 2 cerraduras: contacto seco y electromagn\u00e9tico (12 V).<\/p>\n<p>Posee alimentaci\u00f3n en el m\u00f3dulo externo y sistema antisabotaje (comunicaci\u00f3n v\u00eda protocolo digital), realiza interfaz con cualquier central de alarma, para comunicar posibles vandalismos en el m\u00f3dulo externo.<\/p>\n<p>El IPR 8000 acepta sensor magn\u00e9tico con cable, y con esto, as\u00ed que el portero residencial detectare que el port\u00f3n permanece abierto emitir\u00e1 una alerta sonoro.<\/p>\n","protected":false},"excerpt":{"rendered":"<p>Permite conversar con quien est\u00e1 llamando y abrir 2 cerraduras: contacto seco y electromagn\u00e9tico (12 V). Posee alimentaci\u00f3n en el m\u00f3dulo externo y sistema antisabotaje (comunicaci\u00f3n v\u00eda protocolo digital), realiza [&hellip;]<\/p>\n","protected":false},"featured_media":27516,"comment_status":"open","ping_status":"closed","template":"","meta":{"_et_pb_use_builder":"","_et_pb_old_content":"","_et_gb_content_width":""},"product_brand":[],"product_cat":[593,594,605],"product_tag":[491],"class_list":{"0":"post-27515","1":"product","2":"type-product","3":"status-publish","4":"has-post-thumbnail","6":"product_cat-acceso-y-asistencia","7":"product_cat-videoporteros","8":"product_cat-audioportero","9":"product_tag-intelbras","11":"first","12":"instock","13":"taxable","14":"shipping-taxable","15":"product-type-simple"},"_links":{"self":[{"href":"https:\/\/arxisdemexico.com.mx\/arxis\/wp-json\/wp\/v2\/product\/27515","targetHints":{"allow":["GET"]}}],"collection":[{"href":"https:\/\/arxisdemexico.com.mx\/arxis\/wp-json\/wp\/v2\/product"}],"about":[{"href":"https:\/\/arxisdemexico.com.mx\/arxis\/wp-json\/wp\/v2\/types\/product"}],"replies":[{"embeddable":true,"href":"https:\/\/arxisdemexico.com.mx\/arxis\/wp-json\/wp\/v2\/comments?post=27515"}],"wp:featuredmedia":[{"embeddable":true,"href":"https:\/\/arxisdemexico.com.mx\/arxis\/wp-json\/wp\/v2\/media\/27516"}],"wp:attachment":[{"href":"https:\/\/arxisdemexico.com.mx\/arxis\/wp-json\/wp\/v2\/media?parent=27515"}],"wp:term":[{"taxonomy":"product_brand","embeddable":true,"href":"https:\/\/arxisdemexico.com.mx\/arxis\/wp-json\/wp\/v2\/product_brand?post=27515"},{"taxonomy":"product_cat","embeddable":true,"href":"https:\/\/arxisdemexico.com.mx\/arxis\/wp-json\/wp\/v2\/product_cat?post=27515"},{"taxonomy":"product_tag","embeddable":true,"href":"https:\/\/arxisdemexico.com.mx\/arxis\/wp-json\/wp\/v2\/product_tag?post=27515"}],"curies":[{"name":"wp","href":"https:\/\/api.w.org\/{rel}","templated":true}]}}