{"id":27351,"date":"2018-10-11T15:57:47","date_gmt":"2018-10-11T20:57:47","guid":{"rendered":"http:\/\/www.arxisdemexico.com.mx\/arxis\/?post_type=product&#038;p=27351"},"modified":"2018-10-11T15:57:47","modified_gmt":"2018-10-11T20:57:47","slug":"voyager-legend-cs-b335","status":"publish","type":"product","link":"https:\/\/arxisdemexico.com.mx\/arxis\/producto\/voyager-legend-cs-b335\/","title":{"rendered":"VOYAGER LEGEND CS B335"},"content":{"rendered":"<p>Para su estilo de trabajo flexible, se ha dise\u00f1ado<br \/>\nel Voyager Legend CS, que se traslada con usted<br \/>\ndurante todo el d\u00eda. Con la tecnolog\u00eda Smart<br \/>\nSensor, basta con ponerse el auricular para<br \/>\nresponder una llamada, y siempre puede contar<br \/>\ncon un audio clar\u00edsimo, gracias a la tecnolog\u00eda de<br \/>\nanulaci\u00f3n de ruido que bloquea las voces<br \/>\ncercanas, las bocinas de autos e incluso el<br \/>\nviento. Con\u00e9ctelo a su tel\u00e9fono de escritorio.<br \/>\nCon\u00e9ctelo a su m\u00f3vil. Trabaje mejor en ambos.<\/p>\n","protected":false},"excerpt":{"rendered":"<p>Para su estilo de trabajo flexible, se ha dise\u00f1ado el Voyager Legend CS, que se traslada con usted durante todo el d\u00eda. Con la tecnolog\u00eda Smart Sensor, basta con ponerse [&hellip;]<\/p>\n","protected":false},"featured_media":27352,"comment_status":"open","ping_status":"closed","template":"","meta":{"_et_pb_use_builder":"","_et_pb_old_content":"","_et_gb_content_width":""},"product_brand":[],"product_cat":[745,767,768,769],"product_tag":[510],"class_list":{"0":"post-27351","1":"product","2":"type-product","3":"status-publish","4":"has-post-thumbnail","6":"product_cat-redes-2","7":"product_cat-telefonia","8":"product_cat-accesorios-telefonia","9":"product_cat-diademas-y-auriculares","10":"product_tag-plantronics","12":"first","13":"instock","14":"taxable","15":"shipping-taxable","16":"product-type-simple"},"_links":{"self":[{"href":"https:\/\/arxisdemexico.com.mx\/arxis\/wp-json\/wp\/v2\/product\/27351","targetHints":{"allow":["GET"]}}],"collection":[{"href":"https:\/\/arxisdemexico.com.mx\/arxis\/wp-json\/wp\/v2\/product"}],"about":[{"href":"https:\/\/arxisdemexico.com.mx\/arxis\/wp-json\/wp\/v2\/types\/product"}],"replies":[{"embeddable":true,"href":"https:\/\/arxisdemexico.com.mx\/arxis\/wp-json\/wp\/v2\/comments?post=27351"}],"wp:featuredmedia":[{"embeddable":true,"href":"https:\/\/arxisdemexico.com.mx\/arxis\/wp-json\/wp\/v2\/media\/27352"}],"wp:attachment":[{"href":"https:\/\/arxisdemexico.com.mx\/arxis\/wp-json\/wp\/v2\/media?parent=27351"}],"wp:term":[{"taxonomy":"product_brand","embeddable":true,"href":"https:\/\/arxisdemexico.com.mx\/arxis\/wp-json\/wp\/v2\/product_brand?post=27351"},{"taxonomy":"product_cat","embeddable":true,"href":"https:\/\/arxisdemexico.com.mx\/arxis\/wp-json\/wp\/v2\/product_cat?post=27351"},{"taxonomy":"product_tag","embeddable":true,"href":"https:\/\/arxisdemexico.com.mx\/arxis\/wp-json\/wp\/v2\/product_tag?post=27351"}],"curies":[{"name":"wp","href":"https:\/\/api.w.org\/{rel}","templated":true}]}}