{"id":27343,"date":"2018-10-11T15:42:03","date_gmt":"2018-10-11T20:42:03","guid":{"rendered":"http:\/\/www.arxisdemexico.com.mx\/arxis\/?post_type=product&#038;p=27343"},"modified":"2018-10-11T15:42:04","modified_gmt":"2018-10-11T20:42:04","slug":"trabajador-de-oficina-serie-savi-700-w745","status":"publish","type":"product","link":"https:\/\/arxisdemexico.com.mx\/arxis\/producto\/trabajador-de-oficina-serie-savi-700-w745\/","title":{"rendered":"Trabajador de oficina Serie SAVI 700 W745"},"content":{"rendered":"<p>La Serie Blackwire 700 supera los est\u00e1ndares de auriculares USB con cables,<br \/>\nse conecta a la PC a trav\u00e9s de la confiabilidad de un cable o al tel\u00e9fono m\u00f3vil<br \/>\ncon la libertad del Bluetooth. Obtenga calidad de audio profesional, controles<br \/>\nde llamadas simples para contestar y finalizar llamadas, ajustar volumen y<br \/>\nsilenciar, y con la avanzada tecnolog\u00eda Smart Sensor: conteste las llamadas<br \/>\nsimplemente coloc\u00e1ndose los auriculares o qu\u00edteselos para pausar la<br \/>\nreproducci\u00f3n multimedia del dispositivo m\u00f3vil. Reciba sus llamadas dentro o<br \/>\nfuera de la oficina gracias al cable desmontable, y disfrute de hasta 10 horas<br \/>\nde tiempo para hablar con sus almohadillas plegables y un estuche duradero.<\/p>\n","protected":false},"excerpt":{"rendered":"<p>La Serie Blackwire 700 supera los est\u00e1ndares de auriculares USB con cables, se conecta a la PC a trav\u00e9s de la confiabilidad de un cable o al tel\u00e9fono m\u00f3vil con [&hellip;]<\/p>\n","protected":false},"featured_media":27344,"comment_status":"open","ping_status":"closed","template":"","meta":{"_et_pb_use_builder":"","_et_pb_old_content":"","_et_gb_content_width":""},"product_brand":[],"product_cat":[745,767,768,769],"product_tag":[510],"class_list":{"0":"post-27343","1":"product","2":"type-product","3":"status-publish","4":"has-post-thumbnail","6":"product_cat-redes-2","7":"product_cat-telefonia","8":"product_cat-accesorios-telefonia","9":"product_cat-diademas-y-auriculares","10":"product_tag-plantronics","12":"first","13":"instock","14":"taxable","15":"shipping-taxable","16":"product-type-simple"},"_links":{"self":[{"href":"https:\/\/arxisdemexico.com.mx\/arxis\/wp-json\/wp\/v2\/product\/27343","targetHints":{"allow":["GET"]}}],"collection":[{"href":"https:\/\/arxisdemexico.com.mx\/arxis\/wp-json\/wp\/v2\/product"}],"about":[{"href":"https:\/\/arxisdemexico.com.mx\/arxis\/wp-json\/wp\/v2\/types\/product"}],"replies":[{"embeddable":true,"href":"https:\/\/arxisdemexico.com.mx\/arxis\/wp-json\/wp\/v2\/comments?post=27343"}],"wp:featuredmedia":[{"embeddable":true,"href":"https:\/\/arxisdemexico.com.mx\/arxis\/wp-json\/wp\/v2\/media\/27344"}],"wp:attachment":[{"href":"https:\/\/arxisdemexico.com.mx\/arxis\/wp-json\/wp\/v2\/media?parent=27343"}],"wp:term":[{"taxonomy":"product_brand","embeddable":true,"href":"https:\/\/arxisdemexico.com.mx\/arxis\/wp-json\/wp\/v2\/product_brand?post=27343"},{"taxonomy":"product_cat","embeddable":true,"href":"https:\/\/arxisdemexico.com.mx\/arxis\/wp-json\/wp\/v2\/product_cat?post=27343"},{"taxonomy":"product_tag","embeddable":true,"href":"https:\/\/arxisdemexico.com.mx\/arxis\/wp-json\/wp\/v2\/product_tag?post=27343"}],"curies":[{"name":"wp","href":"https:\/\/api.w.org\/{rel}","templated":true}]}}