{"id":27335,"date":"2018-10-11T15:25:53","date_gmt":"2018-10-11T20:25:53","guid":{"rendered":"http:\/\/www.arxisdemexico.com.mx\/arxis\/?post_type=product&#038;p=27335"},"modified":"2018-10-11T15:25:53","modified_gmt":"2018-10-11T20:25:53","slug":"trabajador-de-oficina-serie-savi-400-w440","status":"publish","type":"product","link":"https:\/\/arxisdemexico.com.mx\/arxis\/producto\/trabajador-de-oficina-serie-savi-400-w440\/","title":{"rendered":"Trabajador de oficina Serie SAVI 400 W440"},"content":{"rendered":"<p>Libertad inal\u00e1mbrica que no le pesar\u00e1. La serie Savi 400 ofrece una excelente<br \/>\ncalidad de sonido a teletrabajadores y trabajadores de oficinas. Basada en<br \/>\nordenadores, con un alcance inal\u00e1mbrico de hasta 120 m y cuatro estilos de<br \/>\ncolocaci\u00f3n, incluido el Savi 440: el auricular inal\u00e1mbrico DECT m\u00e1s ligero del<br \/>\nmercado que incorpora una bater\u00eda intercambiable en caliente para un tiempo<br \/>\nde conversaci\u00f3n ilimitado y que ofrece tres estilos de colocaci\u00f3n para<br \/>\nadaptarse a sus preferencias.<\/p>\n","protected":false},"excerpt":{"rendered":"<p>Libertad inal\u00e1mbrica que no le pesar\u00e1. La serie Savi 400 ofrece una excelente calidad de sonido a teletrabajadores y trabajadores de oficinas. Basada en ordenadores, con un alcance inal\u00e1mbrico de [&hellip;]<\/p>\n","protected":false},"featured_media":27336,"comment_status":"open","ping_status":"closed","template":"","meta":{"_et_pb_use_builder":"","_et_pb_old_content":"","_et_gb_content_width":""},"product_brand":[],"product_cat":[745,767,768,769],"product_tag":[510],"class_list":{"0":"post-27335","1":"product","2":"type-product","3":"status-publish","4":"has-post-thumbnail","6":"product_cat-redes-2","7":"product_cat-telefonia","8":"product_cat-accesorios-telefonia","9":"product_cat-diademas-y-auriculares","10":"product_tag-plantronics","12":"first","13":"instock","14":"taxable","15":"shipping-taxable","16":"product-type-simple"},"_links":{"self":[{"href":"https:\/\/arxisdemexico.com.mx\/arxis\/wp-json\/wp\/v2\/product\/27335","targetHints":{"allow":["GET"]}}],"collection":[{"href":"https:\/\/arxisdemexico.com.mx\/arxis\/wp-json\/wp\/v2\/product"}],"about":[{"href":"https:\/\/arxisdemexico.com.mx\/arxis\/wp-json\/wp\/v2\/types\/product"}],"replies":[{"embeddable":true,"href":"https:\/\/arxisdemexico.com.mx\/arxis\/wp-json\/wp\/v2\/comments?post=27335"}],"wp:featuredmedia":[{"embeddable":true,"href":"https:\/\/arxisdemexico.com.mx\/arxis\/wp-json\/wp\/v2\/media\/27336"}],"wp:attachment":[{"href":"https:\/\/arxisdemexico.com.mx\/arxis\/wp-json\/wp\/v2\/media?parent=27335"}],"wp:term":[{"taxonomy":"product_brand","embeddable":true,"href":"https:\/\/arxisdemexico.com.mx\/arxis\/wp-json\/wp\/v2\/product_brand?post=27335"},{"taxonomy":"product_cat","embeddable":true,"href":"https:\/\/arxisdemexico.com.mx\/arxis\/wp-json\/wp\/v2\/product_cat?post=27335"},{"taxonomy":"product_tag","embeddable":true,"href":"https:\/\/arxisdemexico.com.mx\/arxis\/wp-json\/wp\/v2\/product_tag?post=27335"}],"curies":[{"name":"wp","href":"https:\/\/api.w.org\/{rel}","templated":true}]}}