{"id":27321,"date":"2018-10-11T15:00:48","date_gmt":"2018-10-11T20:00:48","guid":{"rendered":"http:\/\/www.arxisdemexico.com.mx\/arxis\/?post_type=product&#038;p=27321"},"modified":"2018-10-11T15:00:48","modified_gmt":"2018-10-11T20:00:48","slug":"encorepro-serie-530-hw530","status":"publish","type":"product","link":"https:\/\/arxisdemexico.com.mx\/arxis\/producto\/encorepro-serie-530-hw530\/","title":{"rendered":"Encorepro serie 530 HW530"},"content":{"rendered":"<p>Dise\u00f1o completamente NUEVO sobre la<br \/>\noreja, el cual es la elecci\u00f3n ideal para el<br \/>\nservicio de atenci\u00f3n al cliente y entornos de<br \/>\noficina con gran nivel de actividad donde se<br \/>\nnecesita un auricular que es muy f\u00e1cil de<br \/>\nponer y quitar. El auricular m\u00e1s ligero en su<br \/>\ntipo, el Plantronics HW530 proporciona<br \/>\naudio de alta calidad, micr\u00f3fono flexible con<br \/>\ngu\u00edas de posicionamiento visual, orejeras<br \/>\nsuaves y materiales ligeros para llevarlos<br \/>\npuestos todo el d\u00eda en un estilo sobre la<br \/>\noreja duradero.<\/p>\n","protected":false},"excerpt":{"rendered":"<p>Dise\u00f1o completamente NUEVO sobre la oreja, el cual es la elecci\u00f3n ideal para el servicio de atenci\u00f3n al cliente y entornos de oficina con gran nivel de actividad donde se [&hellip;]<\/p>\n","protected":false},"featured_media":27324,"comment_status":"open","ping_status":"closed","template":"","meta":{"_et_pb_use_builder":"","_et_pb_old_content":"","_et_gb_content_width":""},"product_brand":[],"product_cat":[745,767,768],"product_tag":[510],"class_list":{"0":"post-27321","1":"product","2":"type-product","3":"status-publish","4":"has-post-thumbnail","6":"product_cat-redes-2","7":"product_cat-telefonia","8":"product_cat-accesorios-telefonia","9":"product_tag-plantronics","11":"first","12":"instock","13":"taxable","14":"shipping-taxable","15":"product-type-simple"},"_links":{"self":[{"href":"https:\/\/arxisdemexico.com.mx\/arxis\/wp-json\/wp\/v2\/product\/27321","targetHints":{"allow":["GET"]}}],"collection":[{"href":"https:\/\/arxisdemexico.com.mx\/arxis\/wp-json\/wp\/v2\/product"}],"about":[{"href":"https:\/\/arxisdemexico.com.mx\/arxis\/wp-json\/wp\/v2\/types\/product"}],"replies":[{"embeddable":true,"href":"https:\/\/arxisdemexico.com.mx\/arxis\/wp-json\/wp\/v2\/comments?post=27321"}],"wp:featuredmedia":[{"embeddable":true,"href":"https:\/\/arxisdemexico.com.mx\/arxis\/wp-json\/wp\/v2\/media\/27324"}],"wp:attachment":[{"href":"https:\/\/arxisdemexico.com.mx\/arxis\/wp-json\/wp\/v2\/media?parent=27321"}],"wp:term":[{"taxonomy":"product_brand","embeddable":true,"href":"https:\/\/arxisdemexico.com.mx\/arxis\/wp-json\/wp\/v2\/product_brand?post=27321"},{"taxonomy":"product_cat","embeddable":true,"href":"https:\/\/arxisdemexico.com.mx\/arxis\/wp-json\/wp\/v2\/product_cat?post=27321"},{"taxonomy":"product_tag","embeddable":true,"href":"https:\/\/arxisdemexico.com.mx\/arxis\/wp-json\/wp\/v2\/product_tag?post=27321"}],"curies":[{"name":"wp","href":"https:\/\/api.w.org\/{rel}","templated":true}]}}