{"id":27320,"date":"2018-10-11T15:00:06","date_gmt":"2018-10-11T20:00:06","guid":{"rendered":"http:\/\/www.arxisdemexico.com.mx\/arxis\/?post_type=product&#038;p=27320"},"modified":"2018-10-11T15:00:06","modified_gmt":"2018-10-11T20:00:06","slug":"controlador-de-alta-disponibilidad-ha100","status":"publish","type":"product","link":"https:\/\/arxisdemexico.com.mx\/arxis\/producto\/controlador-de-alta-disponibilidad-ha100\/","title":{"rendered":"Controlador de Alta Disponibilidad HA100"},"content":{"rendered":"<ul>\n<li>Conecta y monitorea constantemente dos UCM6510 juntos para una alta disponibilidad<\/li>\n<li>Soluci\u00f3n de conmutaci\u00f3n por error inteligente que cambia autom\u00e1ticamente a un UCM6510 secundario de espera activa si falla el primario<\/li>\n<li>Hasta 14 indicadores LED que muestran el estado en tiempo real de todas las l\u00edneas de telecomunicaciones, enlaces de red, dispositivos auxiliares, etc.<\/li>\n<li>El ARP gratuito obliga a los puntos finales SIP a actualizar la direcci\u00f3n MAC del nuevo UCM6510 sin interrupciones<\/li>\n<li>R\u00e1pido tiempo de conmutaci\u00f3n del sistema de 10 a 50 segundos dependiendo del n\u00famero de puntos finales registrados<\/li>\n<\/ul>\n","protected":false},"excerpt":{"rendered":"<p>El HA100 es ideal para cualquier empresa que requiera un sistema de voz redundante y siempre activo al proporcionar una soluci\u00f3n de conmutaci\u00f3n por error autom\u00e1tica cuando se combina con dos centrales IP UCM6510. El dispositivo supervisar\u00e1 constantemente el estado operativo de ambos UCM6510 y cambiar\u00e1 autom\u00e1ticamente todo el control del sistema al UCM6510 secundario de espera activa cuando el dispositivo primario falla por alg\u00fan motivo.<\/p>\n","protected":false},"featured_media":27322,"comment_status":"open","ping_status":"closed","template":"","meta":{"_et_pb_use_builder":"","_et_pb_old_content":"","_et_gb_content_width":""},"product_brand":[],"product_cat":[745,767,770],"product_tag":[794],"class_list":{"0":"post-27320","1":"product","2":"type-product","3":"status-publish","4":"has-post-thumbnail","6":"product_cat-redes-2","7":"product_cat-telefonia","8":"product_cat-conmutadores-pbx","9":"product_tag-grandstream","11":"first","12":"instock","13":"taxable","14":"shipping-taxable","15":"product-type-simple"},"_links":{"self":[{"href":"https:\/\/arxisdemexico.com.mx\/arxis\/wp-json\/wp\/v2\/product\/27320","targetHints":{"allow":["GET"]}}],"collection":[{"href":"https:\/\/arxisdemexico.com.mx\/arxis\/wp-json\/wp\/v2\/product"}],"about":[{"href":"https:\/\/arxisdemexico.com.mx\/arxis\/wp-json\/wp\/v2\/types\/product"}],"replies":[{"embeddable":true,"href":"https:\/\/arxisdemexico.com.mx\/arxis\/wp-json\/wp\/v2\/comments?post=27320"}],"wp:featuredmedia":[{"embeddable":true,"href":"https:\/\/arxisdemexico.com.mx\/arxis\/wp-json\/wp\/v2\/media\/27322"}],"wp:attachment":[{"href":"https:\/\/arxisdemexico.com.mx\/arxis\/wp-json\/wp\/v2\/media?parent=27320"}],"wp:term":[{"taxonomy":"product_brand","embeddable":true,"href":"https:\/\/arxisdemexico.com.mx\/arxis\/wp-json\/wp\/v2\/product_brand?post=27320"},{"taxonomy":"product_cat","embeddable":true,"href":"https:\/\/arxisdemexico.com.mx\/arxis\/wp-json\/wp\/v2\/product_cat?post=27320"},{"taxonomy":"product_tag","embeddable":true,"href":"https:\/\/arxisdemexico.com.mx\/arxis\/wp-json\/wp\/v2\/product_tag?post=27320"}],"curies":[{"name":"wp","href":"https:\/\/api.w.org\/{rel}","templated":true}]}}