{"id":27316,"date":"2018-10-11T14:54:31","date_gmt":"2018-10-11T19:54:31","guid":{"rendered":"http:\/\/www.arxisdemexico.com.mx\/arxis\/?post_type=product&#038;p=27316"},"modified":"2018-10-11T14:54:32","modified_gmt":"2018-10-11T19:54:32","slug":"enocorepro-serie-500-hw510","status":"publish","type":"product","link":"https:\/\/arxisdemexico.com.mx\/arxis\/producto\/enocorepro-serie-500-hw510\/","title":{"rendered":"Enocorepro serie 500 HW510"},"content":{"rendered":"<p>Los auriculares Plantronics EncorePro de la serie 500 son una nueva<br \/>\ngeneraci\u00f3n de auriculares para centros de servicio de atenci\u00f3n al cliente y<br \/>\noficinas, dise\u00f1ados para el futuro y fabricados en base a la experiencia. Tres<br \/>\nmodelos innovadores brindan una mayor comodidad para utilizarlos todo el<br \/>\nd\u00eda, anulaci\u00f3n de ruido superior para llamadas claras y mayor fiabilidad de<br \/>\nque las conversaciones pueden continuar sin tener que preocuparse.<br \/>\nAdem\u00e1s, le ayudar\u00e1n a cumplir con las regulaciones OSHA y de nivel de ruido<br \/>\nen el trabajo.<\/p>\n","protected":false},"excerpt":{"rendered":"<p>Los auriculares Plantronics EncorePro de la serie 500 son una nueva generaci\u00f3n de auriculares para centros de servicio de atenci\u00f3n al cliente y oficinas, dise\u00f1ados para el futuro y fabricados [&hellip;]<\/p>\n","protected":false},"featured_media":27319,"comment_status":"open","ping_status":"closed","template":"","meta":{"_et_pb_use_builder":"","_et_pb_old_content":"","_et_gb_content_width":""},"product_brand":[],"product_cat":[745,767,768],"product_tag":[510],"class_list":{"0":"post-27316","1":"product","2":"type-product","3":"status-publish","4":"has-post-thumbnail","6":"product_cat-redes-2","7":"product_cat-telefonia","8":"product_cat-accesorios-telefonia","9":"product_tag-plantronics","11":"first","12":"instock","13":"taxable","14":"shipping-taxable","15":"product-type-simple"},"_links":{"self":[{"href":"https:\/\/arxisdemexico.com.mx\/arxis\/wp-json\/wp\/v2\/product\/27316","targetHints":{"allow":["GET"]}}],"collection":[{"href":"https:\/\/arxisdemexico.com.mx\/arxis\/wp-json\/wp\/v2\/product"}],"about":[{"href":"https:\/\/arxisdemexico.com.mx\/arxis\/wp-json\/wp\/v2\/types\/product"}],"replies":[{"embeddable":true,"href":"https:\/\/arxisdemexico.com.mx\/arxis\/wp-json\/wp\/v2\/comments?post=27316"}],"wp:featuredmedia":[{"embeddable":true,"href":"https:\/\/arxisdemexico.com.mx\/arxis\/wp-json\/wp\/v2\/media\/27319"}],"wp:attachment":[{"href":"https:\/\/arxisdemexico.com.mx\/arxis\/wp-json\/wp\/v2\/media?parent=27316"}],"wp:term":[{"taxonomy":"product_brand","embeddable":true,"href":"https:\/\/arxisdemexico.com.mx\/arxis\/wp-json\/wp\/v2\/product_brand?post=27316"},{"taxonomy":"product_cat","embeddable":true,"href":"https:\/\/arxisdemexico.com.mx\/arxis\/wp-json\/wp\/v2\/product_cat?post=27316"},{"taxonomy":"product_tag","embeddable":true,"href":"https:\/\/arxisdemexico.com.mx\/arxis\/wp-json\/wp\/v2\/product_tag?post=27316"}],"curies":[{"name":"wp","href":"https:\/\/api.w.org\/{rel}","templated":true}]}}