{"id":27292,"date":"2018-10-11T10:50:09","date_gmt":"2018-10-11T15:50:09","guid":{"rendered":"http:\/\/www.arxisdemexico.com.mx\/arxis\/?post_type=product&#038;p=27292"},"modified":"2018-10-11T10:50:10","modified_gmt":"2018-10-11T15:50:10","slug":"conmutador-grandstream-ip-pbx-ucm6510","status":"publish","type":"product","link":"https:\/\/arxisdemexico.com.mx\/arxis\/producto\/conmutador-grandstream-ip-pbx-ucm6510\/","title":{"rendered":"Conmutador GrandStream IP-PBX  UCM6510"},"content":{"rendered":"<p><span>Admite hasta 2000 registros de puntos finales SIP, hasta 200 llamadas simult\u00e1neas y hasta 64 asistentes a la conferencia<\/span><\/p>\n<p><span>Procesador de 1 GHz de cuatro n\u00facleos Cortex A9<\/span><\/p>\n<p><span>1GB DDR3 Ram, 32GB Flash<\/span><\/p>\n<p><span>1 interfaz T1 \/ E1 \/ J1 integrada, puertos FXO troncales 2PSTN, 2 puertos anal\u00f3gicos \/ fax FXS con capacidad de l\u00ednea de vida<\/span><\/p>\n<p><span>Puertos de red Gigabit con integra PoE, USB, tarjeta SD, enrutador NAT integrado<\/span><\/p>\n<p><span>Protecci\u00f3n de seguridad integral mediante SRTP, TLS y HTTPS con acelerador de cifrado de hardware<\/span><\/p>\n<p><span>Instale y aprovisione r\u00e1pidamente los puntos finales de Grandstream mediante la funci\u00f3n Descubrimiento autom\u00e1tico y configuraci\u00f3n de cero en la interfaz de usuario web del producto<\/span><\/p>\n","protected":false},"excerpt":{"rendered":"<p>Conmutador GrandStream IP-PBX con intefaz E1\/T1\/J1 + 2 FXS y 2 FXO 200 llamadas simultaneas, 2000 usuarios y puertos Gigabit con PoE Integrado. Router con NAT integrador y soporte de QoS y fuente redundante.<\/p>\n","protected":false},"featured_media":27296,"comment_status":"open","ping_status":"closed","template":"","meta":{"_et_pb_use_builder":"","_et_pb_old_content":"","_et_gb_content_width":""},"product_brand":[],"product_cat":[745,767,770],"product_tag":[794],"class_list":{"0":"post-27292","1":"product","2":"type-product","3":"status-publish","4":"has-post-thumbnail","6":"product_cat-redes-2","7":"product_cat-telefonia","8":"product_cat-conmutadores-pbx","9":"product_tag-grandstream","11":"first","12":"instock","13":"taxable","14":"shipping-taxable","15":"product-type-simple"},"_links":{"self":[{"href":"https:\/\/arxisdemexico.com.mx\/arxis\/wp-json\/wp\/v2\/product\/27292","targetHints":{"allow":["GET"]}}],"collection":[{"href":"https:\/\/arxisdemexico.com.mx\/arxis\/wp-json\/wp\/v2\/product"}],"about":[{"href":"https:\/\/arxisdemexico.com.mx\/arxis\/wp-json\/wp\/v2\/types\/product"}],"replies":[{"embeddable":true,"href":"https:\/\/arxisdemexico.com.mx\/arxis\/wp-json\/wp\/v2\/comments?post=27292"}],"wp:featuredmedia":[{"embeddable":true,"href":"https:\/\/arxisdemexico.com.mx\/arxis\/wp-json\/wp\/v2\/media\/27296"}],"wp:attachment":[{"href":"https:\/\/arxisdemexico.com.mx\/arxis\/wp-json\/wp\/v2\/media?parent=27292"}],"wp:term":[{"taxonomy":"product_brand","embeddable":true,"href":"https:\/\/arxisdemexico.com.mx\/arxis\/wp-json\/wp\/v2\/product_brand?post=27292"},{"taxonomy":"product_cat","embeddable":true,"href":"https:\/\/arxisdemexico.com.mx\/arxis\/wp-json\/wp\/v2\/product_cat?post=27292"},{"taxonomy":"product_tag","embeddable":true,"href":"https:\/\/arxisdemexico.com.mx\/arxis\/wp-json\/wp\/v2\/product_tag?post=27292"}],"curies":[{"name":"wp","href":"https:\/\/api.w.org\/{rel}","templated":true}]}}