{"id":27284,"date":"2018-10-10T14:25:43","date_gmt":"2018-10-10T19:25:43","guid":{"rendered":"http:\/\/www.arxisdemexico.com.mx\/arxis\/?post_type=product&#038;p=27284"},"modified":"2018-10-13T10:32:14","modified_gmt":"2018-10-13T15:32:14","slug":"smart-interactive-1200va-sbnb1200-sbnb1202","status":"publish","type":"product","link":"https:\/\/arxisdemexico.com.mx\/arxis\/producto\/smart-interactive-1200va-sbnb1200-sbnb1202\/","title":{"rendered":"Smart Interactive 1200VA  SBNB1200"},"content":{"rendered":"<ul>\n<li>UPS interactivo\u00a0de 1200VA \/ 600W<\/li>\n<li>Mantiene energ\u00eda a sus equipos hasta por 55 Minutos*<\/li>\n<li>Suprime picos de voltaje.<\/li>\n<li>Regula la variaci\u00f3n de voltaje del suministro el\u00e9ctrico.<\/li>\n<li>8 contactos con regulaci\u00f3n, supresi\u00f3n y respaldo de bater\u00eda<\/li>\n<li>tomacorrientes NEMA 5-15R<\/li>\n<li>Puerto USB para monitoreo de la unidad<\/li>\n<li>Protecci\u00f3n telef\u00f3nica<\/li>\n<\/ul>\n","protected":false},"excerpt":{"rendered":"<p>UPS interactivo\u00a0de 1200VA \/ 600W Mantiene energ\u00eda a sus equipos hasta por 55 Minutos* Suprime picos de voltaje. Regula la variaci\u00f3n de voltaje del suministro el\u00e9ctrico. 8 contactos con regulaci\u00f3n, [&hellip;]<\/p>\n","protected":false},"featured_media":27286,"comment_status":"open","ping_status":"closed","template":"","meta":{"_et_pb_use_builder":"","_et_pb_old_content":"","_et_gb_content_width":""},"product_brand":[],"product_cat":[772,779,777],"product_tag":[489],"class_list":{"0":"post-27284","1":"product","2":"type-product","3":"status-publish","4":"has-post-thumbnail","6":"product_cat-energia","7":"product_cat-ups","8":"product_cat-respaldo","9":"product_tag-smartbitt","11":"first","12":"instock","13":"taxable","14":"shipping-taxable","15":"product-type-simple"},"_links":{"self":[{"href":"https:\/\/arxisdemexico.com.mx\/arxis\/wp-json\/wp\/v2\/product\/27284","targetHints":{"allow":["GET"]}}],"collection":[{"href":"https:\/\/arxisdemexico.com.mx\/arxis\/wp-json\/wp\/v2\/product"}],"about":[{"href":"https:\/\/arxisdemexico.com.mx\/arxis\/wp-json\/wp\/v2\/types\/product"}],"replies":[{"embeddable":true,"href":"https:\/\/arxisdemexico.com.mx\/arxis\/wp-json\/wp\/v2\/comments?post=27284"}],"wp:featuredmedia":[{"embeddable":true,"href":"https:\/\/arxisdemexico.com.mx\/arxis\/wp-json\/wp\/v2\/media\/27286"}],"wp:attachment":[{"href":"https:\/\/arxisdemexico.com.mx\/arxis\/wp-json\/wp\/v2\/media?parent=27284"}],"wp:term":[{"taxonomy":"product_brand","embeddable":true,"href":"https:\/\/arxisdemexico.com.mx\/arxis\/wp-json\/wp\/v2\/product_brand?post=27284"},{"taxonomy":"product_cat","embeddable":true,"href":"https:\/\/arxisdemexico.com.mx\/arxis\/wp-json\/wp\/v2\/product_cat?post=27284"},{"taxonomy":"product_tag","embeddable":true,"href":"https:\/\/arxisdemexico.com.mx\/arxis\/wp-json\/wp\/v2\/product_tag?post=27284"}],"curies":[{"name":"wp","href":"https:\/\/api.w.org\/{rel}","templated":true}]}}