{"id":27269,"date":"2018-10-10T13:45:16","date_gmt":"2018-10-10T18:45:16","guid":{"rendered":"http:\/\/www.arxisdemexico.com.mx\/arxis\/?post_type=product&#038;p=27269"},"modified":"2018-10-10T13:45:17","modified_gmt":"2018-10-10T18:45:17","slug":"telefono-para-auricular-s12","status":"publish","type":"product","link":"https:\/\/arxisdemexico.com.mx\/arxis\/producto\/telefono-para-auricular-s12\/","title":{"rendered":"Tel\u00e9fono para auricular S12"},"content":{"rendered":"<p>\u00b7 Colocaci\u00f3n: Monoaural.<br \/>\n\u00b7 Sonido: An\u00e1logo, una o varias l\u00edneas.<br \/>\n\u00b7 Movilidad: Al\u00e1mbrico.<br \/>\n\u00b7 Compatibilidad: Tel\u00e9fono de escritorio.<br \/>\n\u00b7 Bater\u00eda: No .<br \/>\n\u00b7 Controles en auricular: Compatibilidad con pr\u00e1cticamente<br \/>\ncualquier tel\u00e9fono, Micr\u00f3fono con anulaci\u00f3n<br \/>\nde ruido que permite que se le oiga con<br \/>\nnitidez.<\/p>\n","protected":false},"excerpt":{"rendered":"<p>\u00b7 Colocaci\u00f3n: Monoaural. \u00b7 Sonido: An\u00e1logo, una o varias l\u00edneas. \u00b7 Movilidad: Al\u00e1mbrico. \u00b7 Compatibilidad: Tel\u00e9fono de escritorio. \u00b7 Bater\u00eda: No . \u00b7 Controles en auricular: Compatibilidad con pr\u00e1cticamente cualquier [&hellip;]<\/p>\n","protected":false},"featured_media":27270,"comment_status":"open","ping_status":"closed","template":"","meta":{"_et_pb_use_builder":"","_et_pb_old_content":"","_et_gb_content_width":""},"product_brand":[],"product_cat":[745,767],"product_tag":[510],"class_list":{"0":"post-27269","1":"product","2":"type-product","3":"status-publish","4":"has-post-thumbnail","6":"product_cat-redes-2","7":"product_cat-telefonia","8":"product_tag-plantronics","10":"first","11":"instock","12":"taxable","13":"shipping-taxable","14":"product-type-simple"},"_links":{"self":[{"href":"https:\/\/arxisdemexico.com.mx\/arxis\/wp-json\/wp\/v2\/product\/27269","targetHints":{"allow":["GET"]}}],"collection":[{"href":"https:\/\/arxisdemexico.com.mx\/arxis\/wp-json\/wp\/v2\/product"}],"about":[{"href":"https:\/\/arxisdemexico.com.mx\/arxis\/wp-json\/wp\/v2\/types\/product"}],"replies":[{"embeddable":true,"href":"https:\/\/arxisdemexico.com.mx\/arxis\/wp-json\/wp\/v2\/comments?post=27269"}],"wp:featuredmedia":[{"embeddable":true,"href":"https:\/\/arxisdemexico.com.mx\/arxis\/wp-json\/wp\/v2\/media\/27270"}],"wp:attachment":[{"href":"https:\/\/arxisdemexico.com.mx\/arxis\/wp-json\/wp\/v2\/media?parent=27269"}],"wp:term":[{"taxonomy":"product_brand","embeddable":true,"href":"https:\/\/arxisdemexico.com.mx\/arxis\/wp-json\/wp\/v2\/product_brand?post=27269"},{"taxonomy":"product_cat","embeddable":true,"href":"https:\/\/arxisdemexico.com.mx\/arxis\/wp-json\/wp\/v2\/product_cat?post=27269"},{"taxonomy":"product_tag","embeddable":true,"href":"https:\/\/arxisdemexico.com.mx\/arxis\/wp-json\/wp\/v2\/product_tag?post=27269"}],"curies":[{"name":"wp","href":"https:\/\/api.w.org\/{rel}","templated":true}]}}