{"id":27267,"date":"2018-10-10T13:25:59","date_gmt":"2018-10-10T18:25:59","guid":{"rendered":"http:\/\/www.arxisdemexico.com.mx\/arxis\/?post_type=product&#038;p=27267"},"modified":"2018-10-10T13:26:00","modified_gmt":"2018-10-10T18:26:00","slug":"telefono-con-diadema-t110","status":"publish","type":"product","link":"https:\/\/arxisdemexico.com.mx\/arxis\/producto\/telefono-con-diadema-t110\/","title":{"rendered":"Tel\u00e9fono con diadema T110"},"content":{"rendered":"<ul>\n<li>\u00b7 Colocaci\u00f3n: Monoaural.<br \/>\n\u00b7 Sonido: An\u00e1logo, una l\u00ednea de tel\u00e9fono.<br \/>\n\u00b7 Movilidad: Al\u00e1mbrico.<br \/>\n\u00b7 Compatibilidad: Tel\u00e9fono de escritorio.<br \/>\n\u00b7 Bater\u00eda: No.<br \/>\n\u00b7 Controles en auricular: Si (teclado).<br \/>\n\u00b7 Caracter\u00edsticas especiales: Acceso directo a un<br \/>\ngerente, incluye botones de destello, silencio y<br \/>\nremarcado.<\/li>\n<\/ul>\n","protected":false},"excerpt":{"rendered":"<p>\u00b7 Colocaci\u00f3n: Monoaural. \u00b7 Sonido: An\u00e1logo, una l\u00ednea de tel\u00e9fono. \u00b7 Movilidad: Al\u00e1mbrico. \u00b7 Compatibilidad: Tel\u00e9fono de escritorio. \u00b7 Bater\u00eda: No. \u00b7 Controles en auricular: Si (teclado). \u00b7 Caracter\u00edsticas especiales: [&hellip;]<\/p>\n","protected":false},"featured_media":27268,"comment_status":"open","ping_status":"closed","template":"","meta":{"_et_pb_use_builder":"","_et_pb_old_content":"","_et_gb_content_width":""},"product_brand":[],"product_cat":[745,767],"product_tag":[510],"class_list":{"0":"post-27267","1":"product","2":"type-product","3":"status-publish","4":"has-post-thumbnail","6":"product_cat-redes-2","7":"product_cat-telefonia","8":"product_tag-plantronics","10":"first","11":"instock","12":"taxable","13":"shipping-taxable","14":"product-type-simple"},"_links":{"self":[{"href":"https:\/\/arxisdemexico.com.mx\/arxis\/wp-json\/wp\/v2\/product\/27267","targetHints":{"allow":["GET"]}}],"collection":[{"href":"https:\/\/arxisdemexico.com.mx\/arxis\/wp-json\/wp\/v2\/product"}],"about":[{"href":"https:\/\/arxisdemexico.com.mx\/arxis\/wp-json\/wp\/v2\/types\/product"}],"replies":[{"embeddable":true,"href":"https:\/\/arxisdemexico.com.mx\/arxis\/wp-json\/wp\/v2\/comments?post=27267"}],"wp:featuredmedia":[{"embeddable":true,"href":"https:\/\/arxisdemexico.com.mx\/arxis\/wp-json\/wp\/v2\/media\/27268"}],"wp:attachment":[{"href":"https:\/\/arxisdemexico.com.mx\/arxis\/wp-json\/wp\/v2\/media?parent=27267"}],"wp:term":[{"taxonomy":"product_brand","embeddable":true,"href":"https:\/\/arxisdemexico.com.mx\/arxis\/wp-json\/wp\/v2\/product_brand?post=27267"},{"taxonomy":"product_cat","embeddable":true,"href":"https:\/\/arxisdemexico.com.mx\/arxis\/wp-json\/wp\/v2\/product_cat?post=27267"},{"taxonomy":"product_tag","embeddable":true,"href":"https:\/\/arxisdemexico.com.mx\/arxis\/wp-json\/wp\/v2\/product_tag?post=27267"}],"curies":[{"name":"wp","href":"https:\/\/api.w.org\/{rel}","templated":true}]}}