{"id":26887,"date":"2018-09-17T14:34:52","date_gmt":"2018-09-17T19:34:52","guid":{"rendered":"http:\/\/www.arxisdemexico.com.mx\/arxis\/?post_type=product&#038;p=26887"},"modified":"2019-11-21T19:02:37","modified_gmt":"2019-11-22T01:02:37","slug":"poer-01","status":"publish","type":"product","link":"https:\/\/arxisdemexico.com.mx\/arxis\/producto\/poer-01\/","title":{"rendered":"1 Ch PoE Extender (Repetidor) PoER-01"},"content":{"rendered":"<ul>\n<li><span><span>Extiende el rango de Ethernet PoE hasta 100 metros adicionales de Ethernet 10 \/ 100Mbps.<\/span><\/span><\/li>\n<li><span><span>No se requiere fuente de alimentaci\u00f3n adicional.<\/span><\/span><\/li>\n<li><span><span>Detecta y protege autom\u00e1ticamente el equipo PoE de da\u00f1os por instalaci\u00f3n incorrecta.<\/span><\/span><\/li>\n<li><span><span>Cumple con IEEE802.3af Power Over Ethernet.<\/span><\/span><\/li>\n<li><\/li>\n<\/ul>\n","protected":false},"excerpt":{"rendered":"<p><span>Extiende la se\u00f1al PoE 100 metros adicionales.<\/span><\/p>\n<p><span>Dise\u00f1ado para aplicaciones donde una c\u00e1mara PoE se encuentra a m\u00e1s de 100 metros de distancia del interruptor PoE.<\/span><\/p>\n","protected":false},"featured_media":26889,"comment_status":"open","ping_status":"closed","template":"","meta":{"_et_pb_use_builder":"","_et_pb_old_content":"","_et_gb_content_width":""},"product_brand":[],"product_cat":[521,522,556,592],"product_tag":[485],"class_list":{"0":"post-26887","1":"product","2":"type-product","3":"status-publish","4":"has-post-thumbnail","6":"product_cat-cctv","7":"product_cat-ip","8":"product_cat-switches","9":"product_cat-accesorios-poe","10":"product_tag-provision","12":"first","13":"instock","14":"taxable","15":"shipping-taxable","16":"product-type-simple"},"_links":{"self":[{"href":"https:\/\/arxisdemexico.com.mx\/arxis\/wp-json\/wp\/v2\/product\/26887","targetHints":{"allow":["GET"]}}],"collection":[{"href":"https:\/\/arxisdemexico.com.mx\/arxis\/wp-json\/wp\/v2\/product"}],"about":[{"href":"https:\/\/arxisdemexico.com.mx\/arxis\/wp-json\/wp\/v2\/types\/product"}],"replies":[{"embeddable":true,"href":"https:\/\/arxisdemexico.com.mx\/arxis\/wp-json\/wp\/v2\/comments?post=26887"}],"wp:featuredmedia":[{"embeddable":true,"href":"https:\/\/arxisdemexico.com.mx\/arxis\/wp-json\/wp\/v2\/media\/26889"}],"wp:attachment":[{"href":"https:\/\/arxisdemexico.com.mx\/arxis\/wp-json\/wp\/v2\/media?parent=26887"}],"wp:term":[{"taxonomy":"product_brand","embeddable":true,"href":"https:\/\/arxisdemexico.com.mx\/arxis\/wp-json\/wp\/v2\/product_brand?post=26887"},{"taxonomy":"product_cat","embeddable":true,"href":"https:\/\/arxisdemexico.com.mx\/arxis\/wp-json\/wp\/v2\/product_cat?post=26887"},{"taxonomy":"product_tag","embeddable":true,"href":"https:\/\/arxisdemexico.com.mx\/arxis\/wp-json\/wp\/v2\/product_tag?post=26887"}],"curies":[{"name":"wp","href":"https:\/\/api.w.org\/{rel}","templated":true}]}}