{"id":26221,"date":"2018-04-03T11:36:30","date_gmt":"2018-04-03T16:36:30","guid":{"rendered":"http:\/\/www.arxisdemexico.com.mx\/arxis\/?post_type=product&#038;p=26221"},"modified":"2018-09-19T11:07:00","modified_gmt":"2018-09-19T16:07:00","slug":"telefono-multilinea-analogico-basico-para-sistemas-kx-tes824-kx-t7750x","status":"publish","type":"product","link":"https:\/\/arxisdemexico.com.mx\/arxis\/producto\/telefono-multilinea-analogico-basico-para-sistemas-kx-tes824-kx-t7750x\/","title":{"rendered":"Tel\u00e9fono multil\u00ednea anal\u00f3gico b\u00e1sico, para sistemas KX-TES824. KX-T7750X"},"content":{"rendered":"<ul class=\"specs\">\n<li>Conferencia.<\/li>\n<li>Intercomunicaci\u00f3n.<\/li>\n<li>Desv\u00edo de llamadas \/ No molesten.<\/li>\n<li>R\/Nueva llamada.<\/li>\n<li>Respuesta autom\u00e1tica.<\/li>\n<li>Color blanco.<\/li>\n<\/ul>\n","protected":false},"excerpt":{"rendered":"<p>Conferencia. Intercomunicaci\u00f3n. Desv\u00edo de llamadas \/ No molesten. R\/Nueva llamada. Respuesta autom\u00e1tica. Color blanco.<\/p>\n","protected":false},"featured_media":26222,"comment_status":"open","ping_status":"closed","template":"","meta":{"_et_pb_use_builder":"","_et_pb_old_content":"","_et_gb_content_width":""},"product_brand":[],"product_cat":[767],"product_tag":[490],"class_list":{"0":"post-26221","1":"product","2":"type-product","3":"status-publish","4":"has-post-thumbnail","6":"product_cat-telefonia","7":"product_tag-panasonic","9":"first","10":"instock","11":"taxable","12":"shipping-taxable","13":"product-type-simple"},"_links":{"self":[{"href":"https:\/\/arxisdemexico.com.mx\/arxis\/wp-json\/wp\/v2\/product\/26221","targetHints":{"allow":["GET"]}}],"collection":[{"href":"https:\/\/arxisdemexico.com.mx\/arxis\/wp-json\/wp\/v2\/product"}],"about":[{"href":"https:\/\/arxisdemexico.com.mx\/arxis\/wp-json\/wp\/v2\/types\/product"}],"replies":[{"embeddable":true,"href":"https:\/\/arxisdemexico.com.mx\/arxis\/wp-json\/wp\/v2\/comments?post=26221"}],"wp:featuredmedia":[{"embeddable":true,"href":"https:\/\/arxisdemexico.com.mx\/arxis\/wp-json\/wp\/v2\/media\/26222"}],"wp:attachment":[{"href":"https:\/\/arxisdemexico.com.mx\/arxis\/wp-json\/wp\/v2\/media?parent=26221"}],"wp:term":[{"taxonomy":"product_brand","embeddable":true,"href":"https:\/\/arxisdemexico.com.mx\/arxis\/wp-json\/wp\/v2\/product_brand?post=26221"},{"taxonomy":"product_cat","embeddable":true,"href":"https:\/\/arxisdemexico.com.mx\/arxis\/wp-json\/wp\/v2\/product_cat?post=26221"},{"taxonomy":"product_tag","embeddable":true,"href":"https:\/\/arxisdemexico.com.mx\/arxis\/wp-json\/wp\/v2\/product_tag?post=26221"}],"curies":[{"name":"wp","href":"https:\/\/api.w.org\/{rel}","templated":true}]}}