{"id":26212,"date":"2018-04-02T17:55:25","date_gmt":"2018-04-02T22:55:25","guid":{"rendered":"http:\/\/www.arxisdemexico.com.mx\/arxis\/?post_type=product&#038;p=26212"},"modified":"2018-09-19T11:07:34","modified_gmt":"2018-09-19T16:07:34","slug":"modulo-de-expansion-le-permitira-incrementar-la-capacidad-del-sistema-kx-tde600-kx-tde620bx","status":"publish","type":"product","link":"https:\/\/arxisdemexico.com.mx\/arxis\/producto\/modulo-de-expansion-le-permitira-incrementar-la-capacidad-del-sistema-kx-tde600-kx-tde620bx\/","title":{"rendered":"M\u00f3dulo de expansi\u00f3n, le permitir\u00e1 incrementar la capacidad del sistema KX-TDE600. KX-TDE620BX"},"content":{"rendered":"<ul class=\"specs\">\n<li>11 Slots libres.<\/li>\n<li>Fuente de poder no incluida.<\/li>\n<li>Hasta 3 Gabinetes en un TDE600.<\/li>\n<\/ul>\n","protected":false},"excerpt":{"rendered":"<p>11 Slots libres. Fuente de poder no incluida. Hasta 3 Gabinetes en un TDE600.<\/p>\n","protected":false},"featured_media":26213,"comment_status":"open","ping_status":"closed","template":"","meta":{"_et_pb_use_builder":"","_et_pb_old_content":"","_et_gb_content_width":""},"product_brand":[],"product_cat":[767,768],"product_tag":[490],"class_list":{"0":"post-26212","1":"product","2":"type-product","3":"status-publish","4":"has-post-thumbnail","6":"product_cat-telefonia","7":"product_cat-accesorios-telefonia","8":"product_tag-panasonic","10":"first","11":"instock","12":"taxable","13":"shipping-taxable","14":"product-type-simple"},"_links":{"self":[{"href":"https:\/\/arxisdemexico.com.mx\/arxis\/wp-json\/wp\/v2\/product\/26212","targetHints":{"allow":["GET"]}}],"collection":[{"href":"https:\/\/arxisdemexico.com.mx\/arxis\/wp-json\/wp\/v2\/product"}],"about":[{"href":"https:\/\/arxisdemexico.com.mx\/arxis\/wp-json\/wp\/v2\/types\/product"}],"replies":[{"embeddable":true,"href":"https:\/\/arxisdemexico.com.mx\/arxis\/wp-json\/wp\/v2\/comments?post=26212"}],"wp:featuredmedia":[{"embeddable":true,"href":"https:\/\/arxisdemexico.com.mx\/arxis\/wp-json\/wp\/v2\/media\/26213"}],"wp:attachment":[{"href":"https:\/\/arxisdemexico.com.mx\/arxis\/wp-json\/wp\/v2\/media?parent=26212"}],"wp:term":[{"taxonomy":"product_brand","embeddable":true,"href":"https:\/\/arxisdemexico.com.mx\/arxis\/wp-json\/wp\/v2\/product_brand?post=26212"},{"taxonomy":"product_cat","embeddable":true,"href":"https:\/\/arxisdemexico.com.mx\/arxis\/wp-json\/wp\/v2\/product_cat?post=26212"},{"taxonomy":"product_tag","embeddable":true,"href":"https:\/\/arxisdemexico.com.mx\/arxis\/wp-json\/wp\/v2\/product_tag?post=26212"}],"curies":[{"name":"wp","href":"https:\/\/api.w.org\/{rel}","templated":true}]}}