{"id":26144,"date":"2018-03-23T17:12:59","date_gmt":"2018-03-23T23:12:59","guid":{"rendered":"http:\/\/www.arxisdemexico.com.mx\/arxis\/?post_type=product&#038;p=26144"},"modified":"2018-09-19T11:36:41","modified_gmt":"2018-09-19T16:36:41","slug":"telefono-dect-soho-dw-x430","status":"publish","type":"product","link":"https:\/\/arxisdemexico.com.mx\/arxis\/producto\/telefono-dect-soho-dw-x430\/","title":{"rendered":"Tel\u00e9fono DECT SOHO DW-X430"},"content":{"rendered":"<p>Movilidad sin l\u00edmite para la peque\u00f1a y mediana empresa.<br \/>\nTel\u00e9fono con tecnolog\u00eda DECT 6.0 con excelente calidad de audio<\/p>\n<p>Ringtones polif\u00f3nicos.<br \/>\nDirectorio para 50 usuarios.<br \/>\nConector 3,5.<br \/>\nLlamada en espera.<br \/>\nSpeaker.<br \/>\nConferencia.<br \/>\nControl de volumen.<br \/>\nPantalla a color.<\/p>\n","protected":false},"excerpt":{"rendered":"<p>Movilidad sin l\u00edmite para la peque\u00f1a y mediana empresa. Tel\u00e9fono con tecnolog\u00eda DECT 6.0 con excelente calidad de audio Ringtones polif\u00f3nicos. Directorio para 50 usuarios. Conector 3,5. Llamada en espera. [&hellip;]<\/p>\n","protected":false},"featured_media":26145,"comment_status":"open","ping_status":"closed","template":"","meta":{"_et_pb_use_builder":"","_et_pb_old_content":"","_et_gb_content_width":""},"product_brand":[],"product_cat":[767,771],"product_tag":[504],"class_list":{"0":"post-26144","1":"product","2":"type-product","3":"status-publish","4":"has-post-thumbnail","6":"product_cat-telefonia","7":"product_cat-telefonos-ip","8":"product_tag-denwa","10":"first","11":"instock","12":"taxable","13":"shipping-taxable","14":"product-type-simple"},"_links":{"self":[{"href":"https:\/\/arxisdemexico.com.mx\/arxis\/wp-json\/wp\/v2\/product\/26144","targetHints":{"allow":["GET"]}}],"collection":[{"href":"https:\/\/arxisdemexico.com.mx\/arxis\/wp-json\/wp\/v2\/product"}],"about":[{"href":"https:\/\/arxisdemexico.com.mx\/arxis\/wp-json\/wp\/v2\/types\/product"}],"replies":[{"embeddable":true,"href":"https:\/\/arxisdemexico.com.mx\/arxis\/wp-json\/wp\/v2\/comments?post=26144"}],"wp:featuredmedia":[{"embeddable":true,"href":"https:\/\/arxisdemexico.com.mx\/arxis\/wp-json\/wp\/v2\/media\/26145"}],"wp:attachment":[{"href":"https:\/\/arxisdemexico.com.mx\/arxis\/wp-json\/wp\/v2\/media?parent=26144"}],"wp:term":[{"taxonomy":"product_brand","embeddable":true,"href":"https:\/\/arxisdemexico.com.mx\/arxis\/wp-json\/wp\/v2\/product_brand?post=26144"},{"taxonomy":"product_cat","embeddable":true,"href":"https:\/\/arxisdemexico.com.mx\/arxis\/wp-json\/wp\/v2\/product_cat?post=26144"},{"taxonomy":"product_tag","embeddable":true,"href":"https:\/\/arxisdemexico.com.mx\/arxis\/wp-json\/wp\/v2\/product_tag?post=26144"}],"curies":[{"name":"wp","href":"https:\/\/api.w.org\/{rel}","templated":true}]}}