{"id":26142,"date":"2018-03-23T17:07:56","date_gmt":"2018-03-23T23:07:56","guid":{"rendered":"http:\/\/www.arxisdemexico.com.mx\/arxis\/?post_type=product&#038;p=26142"},"modified":"2018-09-19T11:36:54","modified_gmt":"2018-09-19T16:36:54","slug":"video-telefono-denwa-giga-enterprise-plus-6-lineas-dw-820g","status":"publish","type":"product","link":"https:\/\/arxisdemexico.com.mx\/arxis\/producto\/video-telefono-denwa-giga-enterprise-plus-6-lineas-dw-820g\/","title":{"rendered":"Video Tel\u00e9fono Denwa giga Enterprise plus 6 l\u00edneas DW-820G"},"content":{"rendered":"<p>V\u00eddeo tel\u00e9fono Android con pantalla Touch, Wi-Fi, bluetooth, calidad de audio HD una opci\u00f3n excelente para tus v\u00eddeo conferencias.<\/p>\n<ul class=\"specs\">\n<li>6 L\u00edneas SIP.<\/li>\n<li>Pantalla de 7Pulg touch capacitiva.<\/li>\n<li>C\u00e1mara 2 MegaPixeles.<\/li>\n<li>2 Puertos 10\/100\/1000Bluetooth.<\/li>\n<li>Power Over Ethernet.<\/li>\n<li>Wi-Fi.<\/li>\n<li>Android 4,2.<\/li>\n<li>Calidad de Voz HD.<\/li>\n<li>Bluetooth.<\/li>\n<\/ul>\n","protected":false},"excerpt":{"rendered":"<p>V\u00eddeo tel\u00e9fono Android con pantalla Touch, Wi-Fi, bluetooth, calidad de audio HD una opci\u00f3n excelente para tus v\u00eddeo conferencias. 6 L\u00edneas SIP. Pantalla de 7Pulg touch capacitiva. C\u00e1mara 2 MegaPixeles. [&hellip;]<\/p>\n","protected":false},"featured_media":26143,"comment_status":"open","ping_status":"closed","template":"","meta":{"_et_pb_use_builder":"","_et_pb_old_content":"","_et_gb_content_width":""},"product_brand":[],"product_cat":[767,771],"product_tag":[504],"class_list":{"0":"post-26142","1":"product","2":"type-product","3":"status-publish","4":"has-post-thumbnail","6":"product_cat-telefonia","7":"product_cat-telefonos-ip","8":"product_tag-denwa","10":"first","11":"instock","12":"taxable","13":"shipping-taxable","14":"product-type-simple"},"_links":{"self":[{"href":"https:\/\/arxisdemexico.com.mx\/arxis\/wp-json\/wp\/v2\/product\/26142","targetHints":{"allow":["GET"]}}],"collection":[{"href":"https:\/\/arxisdemexico.com.mx\/arxis\/wp-json\/wp\/v2\/product"}],"about":[{"href":"https:\/\/arxisdemexico.com.mx\/arxis\/wp-json\/wp\/v2\/types\/product"}],"replies":[{"embeddable":true,"href":"https:\/\/arxisdemexico.com.mx\/arxis\/wp-json\/wp\/v2\/comments?post=26142"}],"wp:featuredmedia":[{"embeddable":true,"href":"https:\/\/arxisdemexico.com.mx\/arxis\/wp-json\/wp\/v2\/media\/26143"}],"wp:attachment":[{"href":"https:\/\/arxisdemexico.com.mx\/arxis\/wp-json\/wp\/v2\/media?parent=26142"}],"wp:term":[{"taxonomy":"product_brand","embeddable":true,"href":"https:\/\/arxisdemexico.com.mx\/arxis\/wp-json\/wp\/v2\/product_brand?post=26142"},{"taxonomy":"product_cat","embeddable":true,"href":"https:\/\/arxisdemexico.com.mx\/arxis\/wp-json\/wp\/v2\/product_cat?post=26142"},{"taxonomy":"product_tag","embeddable":true,"href":"https:\/\/arxisdemexico.com.mx\/arxis\/wp-json\/wp\/v2\/product_tag?post=26142"}],"curies":[{"name":"wp","href":"https:\/\/api.w.org\/{rel}","templated":true}]}}