{"id":26140,"date":"2018-03-23T17:04:23","date_gmt":"2018-03-23T23:04:23","guid":{"rendered":"http:\/\/www.arxisdemexico.com.mx\/arxis\/?post_type=product&#038;p=26140"},"modified":"2018-09-19T11:37:06","modified_gmt":"2018-09-19T16:37:06","slug":"telefono-denwa-giga-enterprise-plus-6-lineas-dw-620g","status":"publish","type":"product","link":"https:\/\/arxisdemexico.com.mx\/arxis\/producto\/telefono-denwa-giga-enterprise-plus-6-lineas-dw-620g\/","title":{"rendered":"Tel\u00e9fono Denwa GIGA Enterprise Plus 6 l\u00edneas DW-620G"},"content":{"rendered":"<p>Tel\u00e9fono a color con puertos gigabit y calidad de audio HD.<\/p>\n<p>6 L\u00edneas SIP.<br \/>\nPantalla Color 3.<br \/>\n5?, 480&#215;320 pixeles.<br \/>\nCalidad de Voz HD.<br \/>\nPower Over Ethernet.<br \/>\nSoporta m\u00f3dulo de expansi\u00f3n.<br \/>\nCliente VPN (L2TP y OpenVPN).<br \/>\n2 Puertos 10\/100\/1000.<br \/>\nFirewall, VLAN, Teclas de Navegaci\u00f3n.<br \/>\nFuente Incluida.<\/p>\n","protected":false},"excerpt":{"rendered":"<p>Tel\u00e9fono a color con puertos gigabit y calidad de audio HD. 6 L\u00edneas SIP. Pantalla Color 3. 5?, 480&#215;320 pixeles. Calidad de Voz HD. Power Over Ethernet. Soporta m\u00f3dulo de [&hellip;]<\/p>\n","protected":false},"featured_media":26141,"comment_status":"open","ping_status":"closed","template":"","meta":{"_et_pb_use_builder":"","_et_pb_old_content":"","_et_gb_content_width":""},"product_brand":[],"product_cat":[767,771],"product_tag":[504],"class_list":{"0":"post-26140","1":"product","2":"type-product","3":"status-publish","4":"has-post-thumbnail","6":"product_cat-telefonia","7":"product_cat-telefonos-ip","8":"product_tag-denwa","10":"first","11":"instock","12":"taxable","13":"shipping-taxable","14":"product-type-simple"},"_links":{"self":[{"href":"https:\/\/arxisdemexico.com.mx\/arxis\/wp-json\/wp\/v2\/product\/26140","targetHints":{"allow":["GET"]}}],"collection":[{"href":"https:\/\/arxisdemexico.com.mx\/arxis\/wp-json\/wp\/v2\/product"}],"about":[{"href":"https:\/\/arxisdemexico.com.mx\/arxis\/wp-json\/wp\/v2\/types\/product"}],"replies":[{"embeddable":true,"href":"https:\/\/arxisdemexico.com.mx\/arxis\/wp-json\/wp\/v2\/comments?post=26140"}],"wp:featuredmedia":[{"embeddable":true,"href":"https:\/\/arxisdemexico.com.mx\/arxis\/wp-json\/wp\/v2\/media\/26141"}],"wp:attachment":[{"href":"https:\/\/arxisdemexico.com.mx\/arxis\/wp-json\/wp\/v2\/media?parent=26140"}],"wp:term":[{"taxonomy":"product_brand","embeddable":true,"href":"https:\/\/arxisdemexico.com.mx\/arxis\/wp-json\/wp\/v2\/product_brand?post=26140"},{"taxonomy":"product_cat","embeddable":true,"href":"https:\/\/arxisdemexico.com.mx\/arxis\/wp-json\/wp\/v2\/product_cat?post=26140"},{"taxonomy":"product_tag","embeddable":true,"href":"https:\/\/arxisdemexico.com.mx\/arxis\/wp-json\/wp\/v2\/product_tag?post=26140"}],"curies":[{"name":"wp","href":"https:\/\/api.w.org\/{rel}","templated":true}]}}