{"id":26133,"date":"2018-03-22T18:22:05","date_gmt":"2018-03-23T00:22:05","guid":{"rendered":"http:\/\/www.arxisdemexico.com.mx\/arxis\/?post_type=product&#038;p=26133"},"modified":"2018-09-19T11:37:20","modified_gmt":"2018-09-19T16:37:20","slug":"telefono-sip-denwa-estandar-plus-4-lineas-dw-610p","status":"publish","type":"product","link":"https:\/\/arxisdemexico.com.mx\/arxis\/producto\/telefono-sip-denwa-estandar-plus-4-lineas-dw-610p\/","title":{"rendered":"Tel\u00e9fono SIP Denwa est\u00e1ndar plus 4 l\u00edneas DW-610P"},"content":{"rendered":"<p>Tel\u00e9fono esencial para recepci\u00f3n ya que cuenta con 8 teclas de funci\u00f3n programables y soporta hasta 5 botoneras.<\/p>\n<p>4 cuentas VoIP.<br \/>\nDisplay gr\u00e1fico 128&#215;64.<br \/>\n8 teclas programables.<br \/>\nCalidad de voz HD.<br \/>\nPoE.<br \/>\nSoporta m\u00f3dulos de expansi\u00f3n.<br \/>\n2 puertos 10\/100.<br \/>\nCliente VPN.<br \/>\nFirewall.<br \/>\nVlan.<br \/>\nFuente incluida.<\/p>\n","protected":false},"excerpt":{"rendered":"<p>Tel\u00e9fono esencial para recepci\u00f3n ya que cuenta con 8 teclas de funci\u00f3n programables y soporta hasta 5 botoneras. 4 cuentas VoIP. Display gr\u00e1fico 128&#215;64. 8 teclas programables. Calidad de voz [&hellip;]<\/p>\n","protected":false},"featured_media":26134,"comment_status":"open","ping_status":"closed","template":"","meta":{"_et_pb_use_builder":"","_et_pb_old_content":"","_et_gb_content_width":""},"product_brand":[],"product_cat":[767,771],"product_tag":[504],"class_list":{"0":"post-26133","1":"product","2":"type-product","3":"status-publish","4":"has-post-thumbnail","6":"product_cat-telefonia","7":"product_cat-telefonos-ip","8":"product_tag-denwa","10":"first","11":"instock","12":"taxable","13":"shipping-taxable","14":"product-type-simple"},"_links":{"self":[{"href":"https:\/\/arxisdemexico.com.mx\/arxis\/wp-json\/wp\/v2\/product\/26133","targetHints":{"allow":["GET"]}}],"collection":[{"href":"https:\/\/arxisdemexico.com.mx\/arxis\/wp-json\/wp\/v2\/product"}],"about":[{"href":"https:\/\/arxisdemexico.com.mx\/arxis\/wp-json\/wp\/v2\/types\/product"}],"replies":[{"embeddable":true,"href":"https:\/\/arxisdemexico.com.mx\/arxis\/wp-json\/wp\/v2\/comments?post=26133"}],"wp:featuredmedia":[{"embeddable":true,"href":"https:\/\/arxisdemexico.com.mx\/arxis\/wp-json\/wp\/v2\/media\/26134"}],"wp:attachment":[{"href":"https:\/\/arxisdemexico.com.mx\/arxis\/wp-json\/wp\/v2\/media?parent=26133"}],"wp:term":[{"taxonomy":"product_brand","embeddable":true,"href":"https:\/\/arxisdemexico.com.mx\/arxis\/wp-json\/wp\/v2\/product_brand?post=26133"},{"taxonomy":"product_cat","embeddable":true,"href":"https:\/\/arxisdemexico.com.mx\/arxis\/wp-json\/wp\/v2\/product_cat?post=26133"},{"taxonomy":"product_tag","embeddable":true,"href":"https:\/\/arxisdemexico.com.mx\/arxis\/wp-json\/wp\/v2\/product_tag?post=26133"}],"curies":[{"name":"wp","href":"https:\/\/api.w.org\/{rel}","templated":true}]}}