{"id":26131,"date":"2018-03-22T18:19:25","date_gmt":"2018-03-23T00:19:25","guid":{"rendered":"http:\/\/www.arxisdemexico.com.mx\/arxis\/?post_type=product&#038;p=26131"},"modified":"2018-09-19T11:37:35","modified_gmt":"2018-09-19T16:37:35","slug":"telefono-sip-giga-4-lineas-sip-dw-610g","status":"publish","type":"product","link":"https:\/\/arxisdemexico.com.mx\/arxis\/producto\/telefono-sip-giga-4-lineas-sip-dw-610g\/","title":{"rendered":"Tel\u00e9fono SIP Giga 4 l\u00edneas SIP DW-610G"},"content":{"rendered":"<p>Tel\u00e9fono puertos giga excelente para oficinas donde se transmite grandes cantidades de informaci\u00f3n.<\/p>\n<p>4 L\u00edneas SIP.<br \/>\nDisplay grafico 128&#215;64 .<br \/>\n8 teclas funci\u00f3n programable.<br \/>\nCalidad de voz HD.<br \/>\nPoE.<br \/>\nSoporta m\u00f3dulos de expansi\u00f3n.<br \/>\nCliente VPN.<br \/>\n2 puertos 10\/100\/1000.<br \/>\nFirewall.<br \/>\nVlan.<br \/>\nFuente incluida.<\/p>\n","protected":false},"excerpt":{"rendered":"<p>Tel\u00e9fono puertos giga excelente para oficinas donde se transmite grandes cantidades de informaci\u00f3n. 4 L\u00edneas SIP. Display grafico 128&#215;64 . 8 teclas funci\u00f3n programable. Calidad de voz HD. PoE. Soporta [&hellip;]<\/p>\n","protected":false},"featured_media":26132,"comment_status":"open","ping_status":"closed","template":"","meta":{"_et_pb_use_builder":"","_et_pb_old_content":"","_et_gb_content_width":""},"product_brand":[],"product_cat":[767,771],"product_tag":[504],"class_list":{"0":"post-26131","1":"product","2":"type-product","3":"status-publish","4":"has-post-thumbnail","6":"product_cat-telefonia","7":"product_cat-telefonos-ip","8":"product_tag-denwa","10":"first","11":"instock","12":"taxable","13":"shipping-taxable","14":"product-type-simple"},"_links":{"self":[{"href":"https:\/\/arxisdemexico.com.mx\/arxis\/wp-json\/wp\/v2\/product\/26131","targetHints":{"allow":["GET"]}}],"collection":[{"href":"https:\/\/arxisdemexico.com.mx\/arxis\/wp-json\/wp\/v2\/product"}],"about":[{"href":"https:\/\/arxisdemexico.com.mx\/arxis\/wp-json\/wp\/v2\/types\/product"}],"replies":[{"embeddable":true,"href":"https:\/\/arxisdemexico.com.mx\/arxis\/wp-json\/wp\/v2\/comments?post=26131"}],"wp:featuredmedia":[{"embeddable":true,"href":"https:\/\/arxisdemexico.com.mx\/arxis\/wp-json\/wp\/v2\/media\/26132"}],"wp:attachment":[{"href":"https:\/\/arxisdemexico.com.mx\/arxis\/wp-json\/wp\/v2\/media?parent=26131"}],"wp:term":[{"taxonomy":"product_brand","embeddable":true,"href":"https:\/\/arxisdemexico.com.mx\/arxis\/wp-json\/wp\/v2\/product_brand?post=26131"},{"taxonomy":"product_cat","embeddable":true,"href":"https:\/\/arxisdemexico.com.mx\/arxis\/wp-json\/wp\/v2\/product_cat?post=26131"},{"taxonomy":"product_tag","embeddable":true,"href":"https:\/\/arxisdemexico.com.mx\/arxis\/wp-json\/wp\/v2\/product_tag?post=26131"}],"curies":[{"name":"wp","href":"https:\/\/api.w.org\/{rel}","templated":true}]}}