{"id":26126,"date":"2018-03-22T17:54:03","date_gmt":"2018-03-22T23:54:03","guid":{"rendered":"http:\/\/www.arxisdemexico.com.mx\/arxis\/?post_type=product&#038;p=26126"},"modified":"2018-09-19T11:38:00","modified_gmt":"2018-09-19T16:38:00","slug":"telefono-sip-estandar-3-lineas-dw-310p","status":"publish","type":"product","link":"https:\/\/arxisdemexico.com.mx\/arxis\/producto\/telefono-sip-estandar-3-lineas-dw-310p\/","title":{"rendered":"Telefono SIP estandar 3 lineas DW-310P"},"content":{"rendered":"<p>Denwa DW-310P<br \/>\nCost-effective Enterprise IP Phone con 3 l\u00edneas<br \/>\nEste tel\u00e9fono posee grandes funcionalidades que proporciona la comunicaci\u00f3n de voz sobre la misma red de datos que utiliza su ordenador. Funciona no s\u00f3lo como un tel\u00e9fono tradicional, sino que adem\u00e1s de permitir realizar y recibir llamadas y disfrutar de otras caracter\u00edsticas que disponen los dispositivos normales, permite la utilizaci\u00f3n de una amplia gama de servicios de datos, caracter\u00edsticas que puede esperarse en un tel\u00e9fono tradicional.<\/p>\n","protected":false},"excerpt":{"rendered":"<p>Denwa DW-310P Cost-effective Enterprise IP Phone con 3 l\u00edneas Este tel\u00e9fono posee grandes funcionalidades que proporciona la comunicaci\u00f3n de voz sobre la misma red de datos que utiliza su ordenador. [&hellip;]<\/p>\n","protected":false},"featured_media":26127,"comment_status":"open","ping_status":"closed","template":"","meta":{"_et_pb_use_builder":"","_et_pb_old_content":"","_et_gb_content_width":""},"product_brand":[],"product_cat":[767,771],"product_tag":[504],"class_list":{"0":"post-26126","1":"product","2":"type-product","3":"status-publish","4":"has-post-thumbnail","6":"product_cat-telefonia","7":"product_cat-telefonos-ip","8":"product_tag-denwa","10":"first","11":"instock","12":"taxable","13":"shipping-taxable","14":"product-type-simple"},"_links":{"self":[{"href":"https:\/\/arxisdemexico.com.mx\/arxis\/wp-json\/wp\/v2\/product\/26126","targetHints":{"allow":["GET"]}}],"collection":[{"href":"https:\/\/arxisdemexico.com.mx\/arxis\/wp-json\/wp\/v2\/product"}],"about":[{"href":"https:\/\/arxisdemexico.com.mx\/arxis\/wp-json\/wp\/v2\/types\/product"}],"replies":[{"embeddable":true,"href":"https:\/\/arxisdemexico.com.mx\/arxis\/wp-json\/wp\/v2\/comments?post=26126"}],"wp:featuredmedia":[{"embeddable":true,"href":"https:\/\/arxisdemexico.com.mx\/arxis\/wp-json\/wp\/v2\/media\/26127"}],"wp:attachment":[{"href":"https:\/\/arxisdemexico.com.mx\/arxis\/wp-json\/wp\/v2\/media?parent=26126"}],"wp:term":[{"taxonomy":"product_brand","embeddable":true,"href":"https:\/\/arxisdemexico.com.mx\/arxis\/wp-json\/wp\/v2\/product_brand?post=26126"},{"taxonomy":"product_cat","embeddable":true,"href":"https:\/\/arxisdemexico.com.mx\/arxis\/wp-json\/wp\/v2\/product_cat?post=26126"},{"taxonomy":"product_tag","embeddable":true,"href":"https:\/\/arxisdemexico.com.mx\/arxis\/wp-json\/wp\/v2\/product_tag?post=26126"}],"curies":[{"name":"wp","href":"https:\/\/api.w.org\/{rel}","templated":true}]}}